{"id":170192,"date":"2025-10-01T09:35:07","date_gmt":"2025-10-01T09:35:07","guid":{"rendered":"https:\/\/barem.ee\/product\/spencer-z501f-voldtav-kirstukaru-200mm-diam-ratastega-z501f\/"},"modified":"2026-04-26T10:00:05","modified_gmt":"2026-04-26T10:00:05","slug":"spencer-z501f-voldtav-kirstukaru-200mm-diam-ratastega-z501f","status":"publish","type":"product","link":"https:\/\/barem.ee\/en\/product\/spencer-z501f-voldtav-kirstukaru-200mm-diam-ratastega-z501f\/?lang=en","title":{"rendered":"Spencer Z501 foldable cart, 200mm wheels Z501F"},"content":{"rendered":"","protected":false},"excerpt":{"rendered":"<p>KOKKUVOLDITAV K\u00c4EPIDEMETEGA SURNURAAM<\/p>\n<p>Itaalias toodetud raami Z501F on vastupidav ja mugav kasutada. Alumiiniumist ehitus teeb raami vastupidavaks ja samas kergeks. Liigendid ja k\u00e4epidemed seevastu on roostevabast terasest mis tagab seadmele pika eluea. K\u00f5ikidel liikuvatel osadel on \u00f5litatud nailonist ja teflonist \u00fcmbrised mis tagavad, et nende avanemine ja sulgumine toimub vaikselt ning t\u00e4pselt. Kokkupanduna on raam vaid 13 cm pikk. Raamil Z501F on suurema l\u00e4bim\u00f5\u00f5duga (20 cm) rattad, et kirstu oleks parem ebatasasel pinnasel teisaldada.<\/p>\n<p><span>KANDEV\u00d5IME: 300kg<\/span><br \/>SEADME KAAL<span>: 11-15kg<\/span><br \/>LIHTNE HOIUSTADA<\/p>\n<p>Pikkus avatuna: 1180 mm<\/p>\n<ul>\n<li>K\u00f5rgus: 620 mm<\/li>\n<li>Paksus kokku voldituna: 130 mm<\/li>\n<li>Rattad: \u00d8 200 mm<\/li>\n<li>Pidurid: 2<\/li>\n<li>Kaal: 14,5 kg<\/li>\n<li>Materjal: Al, roostevaba teras, nailon, teflon<\/li>\n<li>Kandev\u00f5ime: 300 kg<\/li>\n<li>V\u00e4rv: h\u00f5be, must, pronks<\/li>\n<\/ul>\n","protected":false},"featured_media":167050,"template":"","meta":{"_acf_changed":false,"site-sidebar-layout":"default","site-content-layout":"","ast-site-content-layout":"default","site-content-style":"default","site-sidebar-style":"default","ast-global-header-display":"","ast-banner-title-visibility":"","ast-main-header-display":"","ast-hfb-above-header-display":"","ast-hfb-below-header-display":"","ast-hfb-mobile-header-display":"","site-post-title":"","ast-breadcrumbs-content":"","ast-featured-img":"","footer-sml-layout":"","theme-transparent-header-meta":"default","adv-header-id-meta":"","stick-header-meta":"","header-above-stick-meta":"","header-main-stick-meta":"","header-below-stick-meta":"","astra-migrate-meta-layouts":"set","ast-page-background-enabled":"default","ast-page-background-meta":{"desktop":{"background-color":"var(--ast-global-color-4)","background-image":"","background-repeat":"repeat","background-position":"center center","background-size":"auto","background-attachment":"scroll","background-type":"","background-media":"","overlay-type":"","overlay-color":"","overlay-opacity":"","overlay-gradient":""},"tablet":{"background-color":"","background-image":"","background-repeat":"repeat","background-position":"center center","background-size":"auto","background-attachment":"scroll","background-type":"","background-media":"","overlay-type":"","overlay-color":"","overlay-opacity":"","overlay-gradient":""},"mobile":{"background-color":"","background-image":"","background-repeat":"repeat","background-position":"center center","background-size":"auto","background-attachment":"scroll","background-type":"","background-media":"","overlay-type":"","overlay-color":"","overlay-opacity":"","overlay-gradient":""}},"ast-content-background-meta":{"desktop":{"background-color":"var(--ast-global-color-5)","background-image":"","background-repeat":"repeat","background-position":"center center","background-size":"auto","background-attachment":"scroll","background-type":"","background-media":"","overlay-type":"","overlay-color":"","overlay-opacity":"","overlay-gradient":""},"tablet":{"background-color":"var(--ast-global-color-5)","background-image":"","background-repeat":"repeat","background-position":"center center","background-size":"auto","background-attachment":"scroll","background-type":"","background-media":"","overlay-type":"","overlay-color":"","overlay-opacity":"","overlay-gradient":""},"mobile":{"background-color":"var(--ast-global-color-5)","background-image":"","background-repeat":"repeat","background-position":"center center","background-size":"auto","background-attachment":"scroll","background-type":"","background-media":"","overlay-type":"","overlay-color":"","overlay-opacity":"","overlay-gradient":""}}},"product_brand":[],"product_cat":[1833,1826,1652],"product_tag":[],"class_list":{"0":"post-170192","1":"product","2":"type-product","3":"status-publish","4":"has-post-thumbnail","6":"product_cat-kirstukarud","7":"product_cat-matusetarbed","8":"product_cat-spencer","9":"desktop-align-left","10":"tablet-align-left","11":"mobile-align-left","12":"ast-product-gallery-layout-horizontal-slider","13":"ast-magnify-disabled","15":"first","16":"instock","17":"shipping-taxable","18":"product-type-simple"},"acf":[],"_links":{"self":[{"href":"https:\/\/barem.ee\/en\/wp-json\/wp\/v2\/product\/170192","targetHints":{"allow":["GET"]}}],"collection":[{"href":"https:\/\/barem.ee\/en\/wp-json\/wp\/v2\/product"}],"about":[{"href":"https:\/\/barem.ee\/en\/wp-json\/wp\/v2\/types\/product"}],"wp:featuredmedia":[{"embeddable":true,"href":"https:\/\/barem.ee\/en\/wp-json\/wp\/v2\/media\/167050"}],"wp:attachment":[{"href":"https:\/\/barem.ee\/en\/wp-json\/wp\/v2\/media?parent=170192"}],"wp:term":[{"taxonomy":"product_brand","embeddable":true,"href":"https:\/\/barem.ee\/en\/wp-json\/wp\/v2\/product_brand?post=170192"},{"taxonomy":"product_cat","embeddable":true,"href":"https:\/\/barem.ee\/en\/wp-json\/wp\/v2\/product_cat?post=170192"},{"taxonomy":"product_tag","embeddable":true,"href":"https:\/\/barem.ee\/en\/wp-json\/wp\/v2\/product_tag?post=170192"}],"curies":[{"name":"wp","href":"https:\/\/api.w.org\/{rel}","templated":true}]}}