{"id":170193,"date":"2025-10-01T09:35:07","date_gmt":"2025-10-01T09:35:07","guid":{"rendered":"https:\/\/barem.ee\/product\/spencer-z501-voldtav-kirstukaru-125mm-diam-ratastega-z501\/"},"modified":"2026-04-26T14:00:05","modified_gmt":"2026-04-26T14:00:05","slug":"spencer-z501-voldtav-kirstukaru-125mm-diam-ratastega-z501","status":"publish","type":"product","link":"https:\/\/barem.ee\/en\/product\/spencer-z501-voldtav-kirstukaru-125mm-diam-ratastega-z501\/?lang=en","title":{"rendered":"Spencer Z501 foldable cart, 125mm wheels Z501"},"content":{"rendered":"","protected":false},"excerpt":{"rendered":"<p>KOMPAKTNE K\u00c4EPIDEMETEGA SURNURAAM<\/p>\n<p>Z501 on kokkuvolditav raam mis sobib ideaalselt kirstude toetamiseks ja teisaldamiseks. Need Itaalias toodetud surnuraamid on vastupidavad ja mugavad kasutada. Saadaval pronksi, h\u00f5bedase ja musta v\u00e4rvitooniga. Raami rattad on l\u00e4bim\u00f5\u00f5duga 12,5 cm ja raami k\u00f5rguseks 55 cm. Alumiiniumist ehitus teeb raami vastupidavaks ja samas kergeks. Liigendid ja k\u00e4epidemed seevastu on roostevabast terasest mis tagab seadmele pika eluea. K\u00f5ikidel liikuvatel osadel on \u00f5litatud nailonist ja teflonist \u00fcmbrised mis tagavad, et nende avanemine ja sulgumine toimub vaikselt ja t\u00e4pselt. Kokkupanduna on raam vaid 13 cm pikk.<\/p>\n<p>KANDEV\u00d5IME: 300kg<br \/>SEADME KAAL: 11-15kg<br \/>LIHTNE HOIUSTADA<\/p>\n<ul>\n<li>Avatud pikkus: 1180 mm<\/li>\n<li>Laius volditud k\u00e4epidemetega: 550 mm<\/li>\n<li>Laius v\u00e4ljat\u00f5mmatud k\u00e4epidemetega: 1000 mm<\/li>\n<li>K\u00f5rgus: 550 mm<\/li>\n<li>Paksus voldituna: 130 mm<\/li>\n<li>Rattad: \u00d8 125 mm<\/li>\n<li>Pidurid: 2<\/li>\n<li>Kaal: 12 kg<\/li>\n<li>Materjal: Al, roostevaba teras, nailon, teflon<\/li>\n<li>Raami v\u00e4rv: H\u00f5bedane, pronksiga kaetud, must<\/li>\n<\/ul>\n<p><strong>Link to Manual:<\/strong> http:\/\/support.spencer.it\/manuals_n.php?lang=eng<\/p>\n","protected":false},"featured_media":169419,"template":"","meta":{"_acf_changed":false,"site-sidebar-layout":"default","site-content-layout":"","ast-site-content-layout":"default","site-content-style":"default","site-sidebar-style":"default","ast-global-header-display":"","ast-banner-title-visibility":"","ast-main-header-display":"","ast-hfb-above-header-display":"","ast-hfb-below-header-display":"","ast-hfb-mobile-header-display":"","site-post-title":"","ast-breadcrumbs-content":"","ast-featured-img":"","footer-sml-layout":"","theme-transparent-header-meta":"default","adv-header-id-meta":"","stick-header-meta":"","header-above-stick-meta":"","header-main-stick-meta":"","header-below-stick-meta":"","astra-migrate-meta-layouts":"set","ast-page-background-enabled":"default","ast-page-background-meta":{"desktop":{"background-color":"var(--ast-global-color-4)","background-image":"","background-repeat":"repeat","background-position":"center center","background-size":"auto","background-attachment":"scroll","background-type":"","background-media":"","overlay-type":"","overlay-color":"","overlay-opacity":"","overlay-gradient":""},"tablet":{"background-color":"","background-image":"","background-repeat":"repeat","background-position":"center center","background-size":"auto","background-attachment":"scroll","background-type":"","background-media":"","overlay-type":"","overlay-color":"","overlay-opacity":"","overlay-gradient":""},"mobile":{"background-color":"","background-image":"","background-repeat":"repeat","background-position":"center center","background-size":"auto","background-attachment":"scroll","background-type":"","background-media":"","overlay-type":"","overlay-color":"","overlay-opacity":"","overlay-gradient":""}},"ast-content-background-meta":{"desktop":{"background-color":"var(--ast-global-color-5)","background-image":"","background-repeat":"repeat","background-position":"center center","background-size":"auto","background-attachment":"scroll","background-type":"","background-media":"","overlay-type":"","overlay-color":"","overlay-opacity":"","overlay-gradient":""},"tablet":{"background-color":"var(--ast-global-color-5)","background-image":"","background-repeat":"repeat","background-position":"center center","background-size":"auto","background-attachment":"scroll","background-type":"","background-media":"","overlay-type":"","overlay-color":"","overlay-opacity":"","overlay-gradient":""},"mobile":{"background-color":"var(--ast-global-color-5)","background-image":"","background-repeat":"repeat","background-position":"center center","background-size":"auto","background-attachment":"scroll","background-type":"","background-media":"","overlay-type":"","overlay-color":"","overlay-opacity":"","overlay-gradient":""}}},"product_brand":[],"product_cat":[1833,1826,1652],"product_tag":[],"class_list":{"0":"post-170193","1":"product","2":"type-product","3":"status-publish","4":"has-post-thumbnail","6":"product_cat-kirstukarud","7":"product_cat-matusetarbed","8":"product_cat-spencer","9":"desktop-align-left","10":"tablet-align-left","11":"mobile-align-left","12":"ast-product-gallery-layout-horizontal-slider","13":"ast-product-gallery-with-no-image","14":"ast-magnify-disabled","16":"first","17":"instock","18":"shipping-taxable","19":"product-type-simple"},"acf":[],"_links":{"self":[{"href":"https:\/\/barem.ee\/en\/wp-json\/wp\/v2\/product\/170193","targetHints":{"allow":["GET"]}}],"collection":[{"href":"https:\/\/barem.ee\/en\/wp-json\/wp\/v2\/product"}],"about":[{"href":"https:\/\/barem.ee\/en\/wp-json\/wp\/v2\/types\/product"}],"wp:featuredmedia":[{"embeddable":true,"href":"https:\/\/barem.ee\/en\/wp-json\/wp\/v2\/media\/169419"}],"wp:attachment":[{"href":"https:\/\/barem.ee\/en\/wp-json\/wp\/v2\/media?parent=170193"}],"wp:term":[{"taxonomy":"product_brand","embeddable":true,"href":"https:\/\/barem.ee\/en\/wp-json\/wp\/v2\/product_brand?post=170193"},{"taxonomy":"product_cat","embeddable":true,"href":"https:\/\/barem.ee\/en\/wp-json\/wp\/v2\/product_cat?post=170193"},{"taxonomy":"product_tag","embeddable":true,"href":"https:\/\/barem.ee\/en\/wp-json\/wp\/v2\/product_tag?post=170193"}],"curies":[{"name":"wp","href":"https:\/\/api.w.org\/{rel}","templated":true}]}}