{"id":170264,"date":"2025-10-01T09:35:10","date_gmt":"2025-10-01T09:35:10","guid":{"rendered":"https:\/\/barem.ee\/product\/spencer-hirvin-kandelina-hirvin\/"},"modified":"2026-04-26T10:00:05","modified_gmt":"2026-04-26T10:00:05","slug":"spencer-hirvin-kandelina-hirvin","status":"publish","type":"product","link":"https:\/\/barem.ee\/en\/product\/spencer-hirvin-kandelina-hirvin\/?lang=en","title":{"rendered":"Spencer HIRVIN sheet HIRVIN"},"content":{"rendered":"","protected":false},"excerpt":{"rendered":"<p>KANDELINA<\/p>\n<p>Itaalias toodetud ja tulekindlatest materjalidest Hirvin on kandelina mis h\u00f5lbustab nii lamavas kui istuvas asendis patsientide transportimist. Kaheksa k\u00e4epidet jaotavad transportimisel raskuse \u00fchtlaselt. Lina materjaliks on kahekihiline 550 D pol\u00fcvin\u00fc\u00fclnailon (SPEN-TEX). Tugevdatud nailonist 5 cm laiune rihm tagab k\u00f5ikides t\u00f5mbekohtades lina suure tugevuse ja vastupidavuse (t\u00f5mbepurunemise j\u00f5ud: 600 kg). Lina pealispind on t\u00e4iustatult pehme. Rist\u00f5mbluste tegemisel on kasutatud uut elektroonilist juhtimiss\u00fcsteemi mis j\u00e4lgib niidipinget (aktiivset pinget), pistepikkust ja pistelaiust. Ruumi s\u00e4\u00e4stmiseks saab selle lina hoiule pannes kokku voltida.<\/p>\n<p>KANDEV\u00d5IME: 150kg<br \/>LIHTSASTI HOIUSTATAV<br \/>LIHTSASTI PUHASTATAV<\/p>\n<ul>\n<li>Pikkus: 1850 mm<\/li>\n<li>Laius: 760 mm<\/li>\n<li>Suurus kokkuvoldituna: 150 x 80 x 760 mm<\/li>\n<li>K\u00e4epidemeid: 8<\/li>\n<li>Lintide laius: 50 mm<\/li>\n<li>K\u00e4epidemete pikkus: 170 mm<\/li>\n<li>Kaal: 1.5 kg<\/li>\n<li>Materjal: Nylon, PVC<\/li>\n<li>V\u00e4rv: Must<\/li>\n<li>Kandev\u00f5ime: 150 kg<\/li>\n<\/ul>\n<p><strong>Link to Manual:<\/strong> http:\/\/support.spencer.it\/manuals_n.php?lang=eng<\/p>\n","protected":false},"featured_media":170573,"template":"","meta":{"_acf_changed":false,"site-sidebar-layout":"default","site-content-layout":"","ast-site-content-layout":"default","site-content-style":"default","site-sidebar-style":"default","ast-global-header-display":"","ast-banner-title-visibility":"","ast-main-header-display":"","ast-hfb-above-header-display":"","ast-hfb-below-header-display":"","ast-hfb-mobile-header-display":"","site-post-title":"","ast-breadcrumbs-content":"","ast-featured-img":"","footer-sml-layout":"","theme-transparent-header-meta":"default","adv-header-id-meta":"","stick-header-meta":"","header-above-stick-meta":"","header-main-stick-meta":"","header-below-stick-meta":"","astra-migrate-meta-layouts":"set","ast-page-background-enabled":"default","ast-page-background-meta":{"desktop":{"background-color":"var(--ast-global-color-4)","background-image":"","background-repeat":"repeat","background-position":"center center","background-size":"auto","background-attachment":"scroll","background-type":"","background-media":"","overlay-type":"","overlay-color":"","overlay-opacity":"","overlay-gradient":""},"tablet":{"background-color":"","background-image":"","background-repeat":"repeat","background-position":"center center","background-size":"auto","background-attachment":"scroll","background-type":"","background-media":"","overlay-type":"","overlay-color":"","overlay-opacity":"","overlay-gradient":""},"mobile":{"background-color":"","background-image":"","background-repeat":"repeat","background-position":"center center","background-size":"auto","background-attachment":"scroll","background-type":"","background-media":"","overlay-type":"","overlay-color":"","overlay-opacity":"","overlay-gradient":""}},"ast-content-background-meta":{"desktop":{"background-color":"var(--ast-global-color-5)","background-image":"","background-repeat":"repeat","background-position":"center center","background-size":"auto","background-attachment":"scroll","background-type":"","background-media":"","overlay-type":"","overlay-color":"","overlay-opacity":"","overlay-gradient":""},"tablet":{"background-color":"var(--ast-global-color-5)","background-image":"","background-repeat":"repeat","background-position":"center center","background-size":"auto","background-attachment":"scroll","background-type":"","background-media":"","overlay-type":"","overlay-color":"","overlay-opacity":"","overlay-gradient":""},"mobile":{"background-color":"var(--ast-global-color-5)","background-image":"","background-repeat":"repeat","background-position":"center center","background-size":"auto","background-attachment":"scroll","background-type":"","background-media":"","overlay-type":"","overlay-color":"","overlay-opacity":"","overlay-gradient":""}}},"product_brand":[],"product_cat":[1831,1826,1652],"product_tag":[],"class_list":{"0":"post-170264","1":"product","2":"type-product","3":"status-publish","4":"has-post-thumbnail","6":"product_cat-kanderaamid","7":"product_cat-matusetarbed","8":"product_cat-spencer","9":"desktop-align-left","10":"tablet-align-left","11":"mobile-align-left","12":"ast-product-gallery-layout-horizontal-slider","13":"ast-magnify-disabled","15":"first","16":"instock","17":"shipping-taxable","18":"product-type-simple"},"acf":[],"_links":{"self":[{"href":"https:\/\/barem.ee\/en\/wp-json\/wp\/v2\/product\/170264","targetHints":{"allow":["GET"]}}],"collection":[{"href":"https:\/\/barem.ee\/en\/wp-json\/wp\/v2\/product"}],"about":[{"href":"https:\/\/barem.ee\/en\/wp-json\/wp\/v2\/types\/product"}],"wp:featuredmedia":[{"embeddable":true,"href":"https:\/\/barem.ee\/en\/wp-json\/wp\/v2\/media\/170573"}],"wp:attachment":[{"href":"https:\/\/barem.ee\/en\/wp-json\/wp\/v2\/media?parent=170264"}],"wp:term":[{"taxonomy":"product_brand","embeddable":true,"href":"https:\/\/barem.ee\/en\/wp-json\/wp\/v2\/product_brand?post=170264"},{"taxonomy":"product_cat","embeddable":true,"href":"https:\/\/barem.ee\/en\/wp-json\/wp\/v2\/product_cat?post=170264"},{"taxonomy":"product_tag","embeddable":true,"href":"https:\/\/barem.ee\/en\/wp-json\/wp\/v2\/product_tag?post=170264"}],"curies":[{"name":"wp","href":"https:\/\/api.w.org\/{rel}","templated":true}]}}