{"id":170315,"date":"2025-10-01T09:35:13","date_gmt":"2025-10-01T09:35:13","guid":{"rendered":"https:\/\/barem.ee\/product\/spencer-z502-kokkupandav-surnutranspordikaru-kaepidemeteta-z502\/"},"modified":"2026-04-26T10:00:05","modified_gmt":"2026-04-26T10:00:05","slug":"spencer-z502-kokkupandav-surnutranspordikaru-kaepidemeteta-z502","status":"publish","type":"product","link":"https:\/\/barem.ee\/en\/product\/spencer-z502-kokkupandav-surnutranspordikaru-kaepidemeteta-z502\/?lang=en","title":{"rendered":"Spencer Z502 foldable mortuary trolley without handles Z502"},"content":{"rendered":"","protected":false},"excerpt":{"rendered":"<p>KOKKUVOLDITAV K\u00c4EPIDEMETETA SURNURAAM<\/p>\n<p>Spencer Z502 raamid on valmistatud Itaalias, kasutades sama tehnoloogiat ja disaini nagu Z501, Z501F ja Z503 tooteseeriatel kuid neil puuduvad k\u00fclgk\u00e4epidemed. Raam on valmistatud alumiiniumist, pole nad rasked ja on \u00fclimalt lihtne k\u00e4sitseda ning taluvad kuni 300 kg raskust on suure tugevuse ja vastupidavusega. Kokku- ja lahtivoltimine toimub vaikselt ja t\u00e4pselt. Pronksi- v\u00f5i h\u00f5bedatoonis saadaval olevad raamid Spencer Z502 saab tellida erineva l\u00e4bim\u00f5\u00f5duga ratastega (12,5 vs 20 cm).<\/p>\n<p>KANDEV\u00d5IME: 300kg<br \/>SEADME KAAL: 11-15kg<br \/>LIHTNE HOIUSTADA<\/p>\n<ul>\n<li>Pikkus avatuna: 1180 mm<\/li>\n<li>K\u00f5rgus: 550 mm<\/li>\n<li>Materjali paksus: 130 mm<\/li>\n<li>Rattad: \u00d8 125 mm<\/li>\n<li>Pidurid: 2<\/li>\n<li>Kaal: 11 kg<\/li>\n<li>Materjal: Al, roostevaba teras, nailon, teflon<\/li>\n<li>Kandev\u00f5ime 300 kg<\/li>\n<\/ul>\n<p>Seotud tooted<\/p>\n","protected":false},"featured_media":167076,"template":"","meta":{"_acf_changed":false,"site-sidebar-layout":"default","site-content-layout":"","ast-site-content-layout":"default","site-content-style":"default","site-sidebar-style":"default","ast-global-header-display":"","ast-banner-title-visibility":"","ast-main-header-display":"","ast-hfb-above-header-display":"","ast-hfb-below-header-display":"","ast-hfb-mobile-header-display":"","site-post-title":"","ast-breadcrumbs-content":"","ast-featured-img":"","footer-sml-layout":"","theme-transparent-header-meta":"default","adv-header-id-meta":"","stick-header-meta":"","header-above-stick-meta":"","header-main-stick-meta":"","header-below-stick-meta":"","astra-migrate-meta-layouts":"set","ast-page-background-enabled":"default","ast-page-background-meta":{"desktop":{"background-color":"var(--ast-global-color-4)","background-image":"","background-repeat":"repeat","background-position":"center center","background-size":"auto","background-attachment":"scroll","background-type":"","background-media":"","overlay-type":"","overlay-color":"","overlay-opacity":"","overlay-gradient":""},"tablet":{"background-color":"","background-image":"","background-repeat":"repeat","background-position":"center center","background-size":"auto","background-attachment":"scroll","background-type":"","background-media":"","overlay-type":"","overlay-color":"","overlay-opacity":"","overlay-gradient":""},"mobile":{"background-color":"","background-image":"","background-repeat":"repeat","background-position":"center center","background-size":"auto","background-attachment":"scroll","background-type":"","background-media":"","overlay-type":"","overlay-color":"","overlay-opacity":"","overlay-gradient":""}},"ast-content-background-meta":{"desktop":{"background-color":"var(--ast-global-color-5)","background-image":"","background-repeat":"repeat","background-position":"center center","background-size":"auto","background-attachment":"scroll","background-type":"","background-media":"","overlay-type":"","overlay-color":"","overlay-opacity":"","overlay-gradient":""},"tablet":{"background-color":"var(--ast-global-color-5)","background-image":"","background-repeat":"repeat","background-position":"center center","background-size":"auto","background-attachment":"scroll","background-type":"","background-media":"","overlay-type":"","overlay-color":"","overlay-opacity":"","overlay-gradient":""},"mobile":{"background-color":"var(--ast-global-color-5)","background-image":"","background-repeat":"repeat","background-position":"center center","background-size":"auto","background-attachment":"scroll","background-type":"","background-media":"","overlay-type":"","overlay-color":"","overlay-opacity":"","overlay-gradient":""}}},"product_brand":[],"product_cat":[1833,1826,1652],"product_tag":[],"class_list":{"0":"post-170315","1":"product","2":"type-product","3":"status-publish","4":"has-post-thumbnail","6":"product_cat-kirstukarud","7":"product_cat-matusetarbed","8":"product_cat-spencer","9":"desktop-align-left","10":"tablet-align-left","11":"mobile-align-left","12":"ast-product-gallery-layout-horizontal-slider","13":"ast-product-gallery-with-no-image","14":"ast-magnify-disabled","16":"first","17":"instock","18":"shipping-taxable","19":"product-type-simple"},"acf":[],"_links":{"self":[{"href":"https:\/\/barem.ee\/en\/wp-json\/wp\/v2\/product\/170315","targetHints":{"allow":["GET"]}}],"collection":[{"href":"https:\/\/barem.ee\/en\/wp-json\/wp\/v2\/product"}],"about":[{"href":"https:\/\/barem.ee\/en\/wp-json\/wp\/v2\/types\/product"}],"wp:featuredmedia":[{"embeddable":true,"href":"https:\/\/barem.ee\/en\/wp-json\/wp\/v2\/media\/167076"}],"wp:attachment":[{"href":"https:\/\/barem.ee\/en\/wp-json\/wp\/v2\/media?parent=170315"}],"wp:term":[{"taxonomy":"product_brand","embeddable":true,"href":"https:\/\/barem.ee\/en\/wp-json\/wp\/v2\/product_brand?post=170315"},{"taxonomy":"product_cat","embeddable":true,"href":"https:\/\/barem.ee\/en\/wp-json\/wp\/v2\/product_cat?post=170315"},{"taxonomy":"product_tag","embeddable":true,"href":"https:\/\/barem.ee\/en\/wp-json\/wp\/v2\/product_tag?post=170315"}],"curies":[{"name":"wp","href":"https:\/\/api.w.org\/{rel}","templated":true}]}}