{"id":170321,"date":"2025-10-01T09:35:14","date_gmt":"2025-10-01T09:35:14","guid":{"rendered":"https:\/\/barem.ee\/product\/kuhvelraam-z5000\/"},"modified":"2026-04-26T10:00:05","modified_gmt":"2026-04-26T10:00:05","slug":"kuhvelraam-z5000","status":"publish","type":"product","link":"https:\/\/barem.ee\/en\/product\/kuhvelraam-z5000\/?lang=en","title":{"rendered":"Pick-up stretsher Z5000"},"content":{"rendered":"","protected":false},"excerpt":{"rendered":"<p>K\u00dcHVELRAAM<\/p>\n<p>Z5000 on k\u00fchvelraam mis v\u00f5imaldab t\u00f5sta patsienti ilma teda liigutamata. N\u00f5gus pind aitab k\u00fclgliikumist v\u00e4hendada. Tugevast alumiiniumist v\u00e4liskate on keevitatud tugevale sulamist karkassile, raam on kerge ja pooleks kokkup\u00f6\u00f6ratav. Raami konstruktsioonis on automaatsed turvakonksud. \u00dcmber kogu raami on k\u00e4epidemed mis teevad patsiendi transportimise h\u00f5lpsamaks. Jalutsiots on teleskoop-meetodil pikenev mis v\u00f5imaldab kohandada seda ideaalselt erinevate kehaehitusega. Komplektis on kolm kiirkinnitusega rihma.<\/p>\n<p>KANDEV\u00d5IME: 150kg<\/p>\n<ul>\n<li>Pikkus l\u00fchendatuna: 1660 mm<\/li>\n<li>Pikkus al. 1780 kuni 2050 mm<\/li>\n<li>Pikkus kokkup\u00f6\u00f6ratuna: 1190 mm<\/li>\n<li>Paksus kokkup\u00f6\u00f6ratuna: 70 mm<\/li>\n<li>Paksus pikendatuna: 65 mm<\/li>\n<li>Laius: 440 mm<\/li>\n<li>Kaal: 7,9 kg<\/li>\n<li>Materjal: Aluminum<\/li>\n<li>Kandev\u00f5ime: 150 kg<\/li>\n<\/ul>\n<p><strong>Link to Manual:<\/strong> http:\/\/support.spencer.it\/manuals_n.php?lang=eng<\/p>\n","protected":false},"featured_media":170009,"template":"","meta":{"_acf_changed":false,"site-sidebar-layout":"default","site-content-layout":"","ast-site-content-layout":"default","site-content-style":"default","site-sidebar-style":"default","ast-global-header-display":"","ast-banner-title-visibility":"","ast-main-header-display":"","ast-hfb-above-header-display":"","ast-hfb-below-header-display":"","ast-hfb-mobile-header-display":"","site-post-title":"","ast-breadcrumbs-content":"","ast-featured-img":"","footer-sml-layout":"","theme-transparent-header-meta":"default","adv-header-id-meta":"","stick-header-meta":"","header-above-stick-meta":"","header-main-stick-meta":"","header-below-stick-meta":"","astra-migrate-meta-layouts":"set","ast-page-background-enabled":"default","ast-page-background-meta":{"desktop":{"background-color":"var(--ast-global-color-4)","background-image":"","background-repeat":"repeat","background-position":"center center","background-size":"auto","background-attachment":"scroll","background-type":"","background-media":"","overlay-type":"","overlay-color":"","overlay-opacity":"","overlay-gradient":""},"tablet":{"background-color":"","background-image":"","background-repeat":"repeat","background-position":"center center","background-size":"auto","background-attachment":"scroll","background-type":"","background-media":"","overlay-type":"","overlay-color":"","overlay-opacity":"","overlay-gradient":""},"mobile":{"background-color":"","background-image":"","background-repeat":"repeat","background-position":"center center","background-size":"auto","background-attachment":"scroll","background-type":"","background-media":"","overlay-type":"","overlay-color":"","overlay-opacity":"","overlay-gradient":""}},"ast-content-background-meta":{"desktop":{"background-color":"var(--ast-global-color-5)","background-image":"","background-repeat":"repeat","background-position":"center center","background-size":"auto","background-attachment":"scroll","background-type":"","background-media":"","overlay-type":"","overlay-color":"","overlay-opacity":"","overlay-gradient":""},"tablet":{"background-color":"var(--ast-global-color-5)","background-image":"","background-repeat":"repeat","background-position":"center center","background-size":"auto","background-attachment":"scroll","background-type":"","background-media":"","overlay-type":"","overlay-color":"","overlay-opacity":"","overlay-gradient":""},"mobile":{"background-color":"var(--ast-global-color-5)","background-image":"","background-repeat":"repeat","background-position":"center center","background-size":"auto","background-attachment":"scroll","background-type":"","background-media":"","overlay-type":"","overlay-color":"","overlay-opacity":"","overlay-gradient":""}}},"product_brand":[],"product_cat":[1831,1826,1652],"product_tag":[],"class_list":{"0":"post-170321","1":"product","2":"type-product","3":"status-publish","4":"has-post-thumbnail","6":"product_cat-kanderaamid","7":"product_cat-matusetarbed","8":"product_cat-spencer","9":"desktop-align-left","10":"tablet-align-left","11":"mobile-align-left","12":"ast-product-gallery-layout-horizontal-slider","13":"ast-product-gallery-with-no-image","14":"ast-magnify-disabled","16":"first","17":"instock","18":"shipping-taxable","19":"product-type-simple"},"acf":[],"_links":{"self":[{"href":"https:\/\/barem.ee\/en\/wp-json\/wp\/v2\/product\/170321","targetHints":{"allow":["GET"]}}],"collection":[{"href":"https:\/\/barem.ee\/en\/wp-json\/wp\/v2\/product"}],"about":[{"href":"https:\/\/barem.ee\/en\/wp-json\/wp\/v2\/types\/product"}],"wp:featuredmedia":[{"embeddable":true,"href":"https:\/\/barem.ee\/en\/wp-json\/wp\/v2\/media\/170009"}],"wp:attachment":[{"href":"https:\/\/barem.ee\/en\/wp-json\/wp\/v2\/media?parent=170321"}],"wp:term":[{"taxonomy":"product_brand","embeddable":true,"href":"https:\/\/barem.ee\/en\/wp-json\/wp\/v2\/product_brand?post=170321"},{"taxonomy":"product_cat","embeddable":true,"href":"https:\/\/barem.ee\/en\/wp-json\/wp\/v2\/product_cat?post=170321"},{"taxonomy":"product_tag","embeddable":true,"href":"https:\/\/barem.ee\/en\/wp-json\/wp\/v2\/product_tag?post=170321"}],"curies":[{"name":"wp","href":"https:\/\/api.w.org\/{rel}","templated":true}]}}