{"id":170327,"date":"2025-10-01T09:35:14","date_gmt":"2025-10-01T09:35:14","guid":{"rendered":"https:\/\/barem.ee\/product\/iselaadiv-mitmetasandiline-transpordiraam-z-cross\/"},"modified":"2026-04-26T14:00:05","modified_gmt":"2026-04-26T14:00:05","slug":"iselaadiv-mitmetasandiline-transpordiraam-z-cross","status":"publish","type":"product","link":"https:\/\/barem.ee\/en\/product\/iselaadiv-mitmetasandiline-transpordiraam-z-cross\/?lang=en","title":{"rendered":"Self-loading multi-level transport stretcher Z CROSS"},"content":{"rendered":"","protected":false},"excerpt":{"rendered":"<p>ISELAADIV MITMETASANDILINE KANDERAAM<\/p>\n<p>Z CROSS on keskmise k\u00f5rgusega ja roostevabast terasest alusega iselaadiv raam. Suuremad rattad ja v\u00e4rvikoodiga juhtnupud teevad sellest h\u00f5lpsasti kasutatava ja vastupidava seadme.<\/p>\n<ul>\n<li>KANDEV\u00d5IME: 170 kg<\/li>\n<li>REGULEERITAVAID K\u00d5RGUSEID: 3<\/li>\n<li>SEADME KAAL: 40 kg<\/li>\n<\/ul>\n<p>ZS00890 Z Cross vanniga<\/p>\n<ul>\n<li>Pikkus 1980 mm<\/li>\n<li>Laius: 580 mm<\/li>\n<li>Keskmine vanni k\u00f5rgus t\u00f5stetud k\u00e4ruga : 880 mm<\/li>\n<li>Vanni s\u00fcgavus: 20 mm<\/li>\n<li>Keskmine vanni k\u00f5rgus langetatud k\u00e4ruga: 270 mm<\/li>\n<li>Min k\u00e4ru k\u00f5rgus: 520 mm<\/li>\n<li>Max k\u00e4ru k\u00f5rgus: 680 mm<\/li>\n<li>Rattad: \u00d8 200 mm<\/li>\n<li>Seadme kaal: 40 kg<\/li>\n<li>Materjal: Al, Steel, PE, Nylon<\/li>\n<li>Kandev\u00f5ime: 170 kg<\/li>\n<\/ul>\n<p>ZS00893 Z Cross<\/p>\n<ul>\n<li>Pikkus 1980 mm<\/li>\n<li>Laius: 580 mm<\/li>\n<li>Keskmine vanni k\u00f5rgus t\u00f5stetud k\u00e4ruga: 880 mm<\/li>\n<li>Vanni s\u00fcgavus: 20 mm<\/li>\n<li>Keskmine vanni k\u00f5rgus langetatud k\u00e4ruga: 270 mm<\/li>\n<li>Min k\u00e4ru k\u00f5rgus: 520 mm<\/li>\n<li>Max k\u00e4ru k\u00f5rgus: 680 mm<\/li>\n<li>Sulgurid: 4<\/li>\n<li>Rattad: \u00d8 200 mm<\/li>\n<li>P\u00f6\u00f6rlevad rattad: 4<\/li>\n<li>Seadme kaal: 41 kg<\/li>\n<li>Materjal: Al, Steel, PE, Nylon<\/li>\n<li>Kandev\u00f5ime: 250 kg<\/li>\n<\/ul>\n<p><strong>Link to Manual:<\/strong> http:\/\/support.spencer.it\/manuals_n.php?lang=eng<\/p>\n","protected":false},"featured_media":170061,"template":"","meta":{"_acf_changed":false,"site-sidebar-layout":"default","site-content-layout":"","ast-site-content-layout":"default","site-content-style":"default","site-sidebar-style":"default","ast-global-header-display":"","ast-banner-title-visibility":"","ast-main-header-display":"","ast-hfb-above-header-display":"","ast-hfb-below-header-display":"","ast-hfb-mobile-header-display":"","site-post-title":"","ast-breadcrumbs-content":"","ast-featured-img":"","footer-sml-layout":"","theme-transparent-header-meta":"default","adv-header-id-meta":"","stick-header-meta":"","header-above-stick-meta":"","header-main-stick-meta":"","header-below-stick-meta":"","astra-migrate-meta-layouts":"set","ast-page-background-enabled":"default","ast-page-background-meta":{"desktop":{"background-color":"var(--ast-global-color-4)","background-image":"","background-repeat":"repeat","background-position":"center center","background-size":"auto","background-attachment":"scroll","background-type":"","background-media":"","overlay-type":"","overlay-color":"","overlay-opacity":"","overlay-gradient":""},"tablet":{"background-color":"","background-image":"","background-repeat":"repeat","background-position":"center center","background-size":"auto","background-attachment":"scroll","background-type":"","background-media":"","overlay-type":"","overlay-color":"","overlay-opacity":"","overlay-gradient":""},"mobile":{"background-color":"","background-image":"","background-repeat":"repeat","background-position":"center center","background-size":"auto","background-attachment":"scroll","background-type":"","background-media":"","overlay-type":"","overlay-color":"","overlay-opacity":"","overlay-gradient":""}},"ast-content-background-meta":{"desktop":{"background-color":"var(--ast-global-color-5)","background-image":"","background-repeat":"repeat","background-position":"center center","background-size":"auto","background-attachment":"scroll","background-type":"","background-media":"","overlay-type":"","overlay-color":"","overlay-opacity":"","overlay-gradient":""},"tablet":{"background-color":"var(--ast-global-color-5)","background-image":"","background-repeat":"repeat","background-position":"center center","background-size":"auto","background-attachment":"scroll","background-type":"","background-media":"","overlay-type":"","overlay-color":"","overlay-opacity":"","overlay-gradient":""},"mobile":{"background-color":"var(--ast-global-color-5)","background-image":"","background-repeat":"repeat","background-position":"center center","background-size":"auto","background-attachment":"scroll","background-type":"","background-media":"","overlay-type":"","overlay-color":"","overlay-opacity":"","overlay-gradient":""}}},"product_brand":[],"product_cat":[1831,1826,1652],"product_tag":[],"class_list":{"0":"post-170327","1":"product","2":"type-product","3":"status-publish","4":"has-post-thumbnail","6":"product_cat-kanderaamid","7":"product_cat-matusetarbed","8":"product_cat-spencer","9":"desktop-align-left","10":"tablet-align-left","11":"mobile-align-left","12":"ast-product-gallery-layout-horizontal-slider","13":"ast-product-gallery-with-no-image","14":"ast-magnify-disabled","16":"first","17":"instock","18":"shipping-taxable","19":"product-type-simple"},"acf":[],"_links":{"self":[{"href":"https:\/\/barem.ee\/en\/wp-json\/wp\/v2\/product\/170327","targetHints":{"allow":["GET"]}}],"collection":[{"href":"https:\/\/barem.ee\/en\/wp-json\/wp\/v2\/product"}],"about":[{"href":"https:\/\/barem.ee\/en\/wp-json\/wp\/v2\/types\/product"}],"wp:featuredmedia":[{"embeddable":true,"href":"https:\/\/barem.ee\/en\/wp-json\/wp\/v2\/media\/170061"}],"wp:attachment":[{"href":"https:\/\/barem.ee\/en\/wp-json\/wp\/v2\/media?parent=170327"}],"wp:term":[{"taxonomy":"product_brand","embeddable":true,"href":"https:\/\/barem.ee\/en\/wp-json\/wp\/v2\/product_brand?post=170327"},{"taxonomy":"product_cat","embeddable":true,"href":"https:\/\/barem.ee\/en\/wp-json\/wp\/v2\/product_cat?post=170327"},{"taxonomy":"product_tag","embeddable":true,"href":"https:\/\/barem.ee\/en\/wp-json\/wp\/v2\/product_tag?post=170327"}],"curies":[{"name":"wp","href":"https:\/\/api.w.org\/{rel}","templated":true}]}}