{"id":170636,"date":"2025-11-27T06:00:05","date_gmt":"2025-11-27T06:00:05","guid":{"rendered":"https:\/\/barem.ee\/product\/disainkirst-ro\/"},"modified":"2026-04-26T10:00:02","modified_gmt":"2026-04-26T10:00:02","slug":"disainkirst-ro","status":"publish","type":"product","link":"https:\/\/barem.ee\/en\/product\/disainkirst-ro\/?lang=en","title":{"rendered":"Design coffin RO"},"content":{"rendered":"","protected":false},"excerpt":{"rendered":"<p>Elegantne disainkirst RO, mille autoriks on tunnustatud Taani m\u00f6\u00f6blidisainer <strong>Anker Bak<\/strong>.&nbsp;<\/p>\n<p>Kirst s\u00fcndis austusavaldusena tema vanavanematele ning kannab endas pehmet, sooja ja kutsuvat vormikeelt.&nbsp;<\/p>\n<p>\u00dcmarad ja orgaanilised jooned s\u00fcmboliseerivad tagasihoidlikku eluviisi, s\u00fcgavat austust ning siirast t\u00e4nutunnet looduse ja meie kauni elukeskkonna vastu.<\/p>\n<p>&nbsp;<\/p>\n<p>Mudel RO on valmistatud \u00f5litatud saarepuidust, varustatud liug-\/l\u00fckandmehhanismiga avatava kaanega. Pehme sisustus \u2013 madrats, padi ja tekk \u2013 on valmistatud kvaliteetsest linase seguga materjalist.&nbsp;<\/p>\n<p>Tugevast saarest valmistatud pikad k\u00e4epidemed on elegantse, ent naturaalselt rustikaalse iseloomuga ning detailidena on kasutatud v\u00e4\u00e4rikat ja loodusest inspireeritud kande\u00adpaela.&nbsp;<\/p>\n<p>Mudel RO on valmistatud t\u00e4ispuidust ja ei sisalda \u00fchtegi metallelementi. Materjalikasutus on selle uuendusliku konstruktsiooni t\u00f5ttu oluliselt efektiivsem kui tavalise standard puus\u00e4rgi puhul, mis v\u00e4hendab seet\u00f5ttu looduse koormust, s\u00e4ilitades samas soliidse ja v\u00e4\u00e4rika l\u00f5pp\u00adviimistluse.<\/p>\n<div class=\"b2b-product-attributes-table\" style=\"margin: 20px 0;border: 1px solid #ddd;border-radius: 4px;overflow: hidden\">\n<h3 style=\"background: #f8f8f8;margin: 0;padding: 15px 20px;border-bottom: 1px solid #ddd;font-size: 16px;font-weight: 600\">Toote omadused<\/h3>\n<table style=\"width: 100%;margin: 0;border-collapse: collapse\">\n<tbody>\n<tr>\n<th style=\"padding: 12px 20px;border-bottom: 1px solid #eee;background: #fafafa;font-weight: 600;width: 30%;color: #333;vertical-align: top\">Suurused<\/th>\n<td style=\"padding: 12px 20px;border-bottom: 1px solid #eee;background: #fff;color: #666\">2,0<\/td>\n<\/tr>\n<tr>\n<th style=\"padding: 12px 20px;border-bottom: 1px solid #eee;background: #fafafa;font-weight: 600;width: 30%;color: #333;vertical-align: top\">V\u00e4rv\/Materjal<\/th>\n<td style=\"padding: 12px 20px;border-bottom: 1px solid #eee;background: #fff;color: #666\"><span class=\"material-item\" data-image-url=\"637_Image_8.jpeg\">Oksavaba saar naturaalne<\/span><\/td>\n<\/tr>\n<\/tbody>\n<\/table>\n<\/div>\n","protected":false},"featured_media":170637,"template":"","meta":{"_acf_changed":false,"site-sidebar-layout":"default","site-content-layout":"","ast-site-content-layout":"default","site-content-style":"default","site-sidebar-style":"default","ast-global-header-display":"","ast-banner-title-visibility":"","ast-main-header-display":"","ast-hfb-above-header-display":"","ast-hfb-below-header-display":"","ast-hfb-mobile-header-display":"","site-post-title":"","ast-breadcrumbs-content":"","ast-featured-img":"","footer-sml-layout":"","theme-transparent-header-meta":"","adv-header-id-meta":"","stick-header-meta":"","header-above-stick-meta":"","header-main-stick-meta":"","header-below-stick-meta":"","astra-migrate-meta-layouts":"default","ast-page-background-enabled":"default","ast-page-background-meta":{"desktop":{"background-color":"var(--ast-global-color-4)","background-image":"","background-repeat":"repeat","background-position":"center center","background-size":"auto","background-attachment":"scroll","background-type":"","background-media":"","overlay-type":"","overlay-color":"","overlay-opacity":"","overlay-gradient":""},"tablet":{"background-color":"","background-image":"","background-repeat":"repeat","background-position":"center center","background-size":"auto","background-attachment":"scroll","background-type":"","background-media":"","overlay-type":"","overlay-color":"","overlay-opacity":"","overlay-gradient":""},"mobile":{"background-color":"","background-image":"","background-repeat":"repeat","background-position":"center center","background-size":"auto","background-attachment":"scroll","background-type":"","background-media":"","overlay-type":"","overlay-color":"","overlay-opacity":"","overlay-gradient":""}},"ast-content-background-meta":{"desktop":{"background-color":"var(--ast-global-color-5)","background-image":"","background-repeat":"repeat","background-position":"center center","background-size":"auto","background-attachment":"scroll","background-type":"","background-media":"","overlay-type":"","overlay-color":"","overlay-opacity":"","overlay-gradient":""},"tablet":{"background-color":"var(--ast-global-color-5)","background-image":"","background-repeat":"repeat","background-position":"center center","background-size":"auto","background-attachment":"scroll","background-type":"","background-media":"","overlay-type":"","overlay-color":"","overlay-opacity":"","overlay-gradient":""},"mobile":{"background-color":"var(--ast-global-color-5)","background-image":"","background-repeat":"repeat","background-position":"center center","background-size":"auto","background-attachment":"scroll","background-type":"","background-media":"","overlay-type":"","overlay-color":"","overlay-opacity":"","overlay-gradient":""}}},"product_brand":[],"product_cat":[1824,1830],"product_tag":[],"class_list":{"0":"post-170636","1":"product","2":"type-product","3":"status-publish","4":"has-post-thumbnail","6":"product_cat-puusargid","7":"product_cat-taispuidust","8":"desktop-align-left","9":"tablet-align-left","10":"mobile-align-left","11":"ast-product-gallery-layout-horizontal-slider","12":"ast-magnify-disabled","14":"first","15":"instock","16":"shipping-taxable","17":"product-type-simple"},"acf":[],"_links":{"self":[{"href":"https:\/\/barem.ee\/en\/wp-json\/wp\/v2\/product\/170636","targetHints":{"allow":["GET"]}}],"collection":[{"href":"https:\/\/barem.ee\/en\/wp-json\/wp\/v2\/product"}],"about":[{"href":"https:\/\/barem.ee\/en\/wp-json\/wp\/v2\/types\/product"}],"wp:featuredmedia":[{"embeddable":true,"href":"https:\/\/barem.ee\/en\/wp-json\/wp\/v2\/media\/170637"}],"wp:attachment":[{"href":"https:\/\/barem.ee\/en\/wp-json\/wp\/v2\/media?parent=170636"}],"wp:term":[{"taxonomy":"product_brand","embeddable":true,"href":"https:\/\/barem.ee\/en\/wp-json\/wp\/v2\/product_brand?post=170636"},{"taxonomy":"product_cat","embeddable":true,"href":"https:\/\/barem.ee\/en\/wp-json\/wp\/v2\/product_cat?post=170636"},{"taxonomy":"product_tag","embeddable":true,"href":"https:\/\/barem.ee\/en\/wp-json\/wp\/v2\/product_tag?post=170636"}],"curies":[{"name":"wp","href":"https:\/\/api.w.org\/{rel}","templated":true}]}}