{"id":10575,"date":"2019-01-23T06:31:06","date_gmt":"2019-01-23T06:31:06","guid":{"rendered":"https:\/\/barem.ee\/home\/"},"modified":"2025-07-27T10:29:27","modified_gmt":"2025-07-27T10:29:27","slug":"home","status":"publish","type":"page","link":"https:\/\/barem.ee\/fi\/","title":{"rendered":"Etusivu"},"content":{"rendered":"\n\n\t<h1>\n\t\t\t\tParas hautajaistarvikkeiden valikoima Suomessa!\n\t\t\t<\/h1>\n\t\t\t<a href=\"https:\/\/barem.ee\/fi\/product-category\/puusargid\/kangaga-kaetud\/\" target=\"_self\"   role=\"button\" aria-label=\"tuotekuvasto\">\n\t\t\t\t\t\t\ttuotekuvasto\n\t\t<\/a>\n\t<h2>\n\t\t\t\tMonta hyv\u00e4\u00e4 syyt\u00e4 valita Barem\n\t\t\t<\/h2>\n\t<p><strong>Laadukas palvelu ja erikoisratkaisut<\/strong><\/p>\nLaadukas palvelu ja erikoisratkaisut<br \/>\nBarem tarjoaa ainutlaatuista palvelua ja huomiomme on aina keskittynyt juuri sinun etujesi ajamiseen. Olemme aina valmiita valmistamaan hautaustarvikkeita juuri sinun antamiesi erityisvaatimusten mukaisesti.\n<p><strong>Nopea palvelu<\/strong><\/p>\n<p>Asiakkaamme tiet\u00e4v\u00e4t, ett\u00e4 tilaukset toimitetaan aina oikea-aikaisesti jopa vaativimmatkin odotukset ylitt\u00e4en.<\/p>\n<p><strong>Ensiluokkaiset suhteet<\/strong><\/p>\n<p>Hyv\u00e4t suhteet ovat t\u00e4rkeit\u00e4, ja me uskomme kohtelevamme asiakkaita oikein tarjoamalla kysymyksiin selkeit\u00e4 vastauksia ja vastaamalla ainutlaatuisiin tarpeisiin.<\/p>\n<p><strong>Hy\u00f6dyllisi\u00e4 ja asianmukaisia neuvoja<\/strong><\/p>\n<p>Barem on keskittynyt asiakkaidensa hyvinvointiin tarjoamalla jatkuvasti uusia ratkaisuja ja ideoita, jotta sin\u00e4 voisit olla erityinen ja selv\u00e4sti erottuva hautauspalveluiden tarjoaja. Tietomme eiv\u00e4t perustu pelk\u00e4st\u00e4\u00e4n hautaustarvikkeiden k\u00e4yt\u00e4nn\u00f6n k\u00e4ytt\u00e4misen palautteeseen, vaan my\u00f6s useiden vuosien kokemukseen. Laajennamme tietojamme jatkuvasti ja olemme aina perill\u00e4 alamme kehityssuunnista ja trendeist\u00e4.<\/p>\n<p><strong>Keskitymme asiakkaan tyytyv\u00e4isyyteen<\/strong><\/p>\n<p>Teemme ty\u00f6t\u00e4mme omistautuen asiaamme kokonaisvaltaisesti, ja l\u00f6yd\u00e4mme aina nopeasti ratkaisun, joka vastaa maksimaalisesti odotuksias<\/p>\n\n\t\t\t<a href=\"\/fi\/meista\/\" target=\"_self\"   role=\"button\" aria-label=\"Lue lis\u00e4\u00e4 meist\u00e4\">\n\t\t\t\t\t\t\tLue lis\u00e4\u00e4 meist\u00e4\n\t\t<\/a>\n\t\t\t\t<img loading=\"lazy\" decoding=\"async\" src=\"https:\/\/barem.ee\/wp-content\/uploads\/2020\/06\/water.jpg\" alt=\"water\" itemprop=\"image\" height=\"315\" width=\"248\" title=\"water\" onerror=\"this.style.display='none'\"  \/>\n\t<h2>\n\t\t\t\tNopea tilausten t\u00e4ytt\u00f6 ja kuljetus ymp\u00e4ri Suomea\n\t\t\t<\/h2>\n\t\t\t<a href=\"\/fi\/yhteystiedot\/\" target=\"_self\"   role=\"button\" aria-label=\"OTA MEIHIN YHTEYTT\u00c4\">\n\t\t\t\t\t\t\tOTA MEIHIN YHTEYTT\u00c4\n\t\t<\/a>\n\t<h2>\n\t\t\t\tYhteystiedot\n\t\t\t<\/h2>\n\t<h2>\n\t\t\t\tKirjoita meille viesti\n\t\t\t<\/h2>\n\n","protected":false},"excerpt":{"rendered":"<p>Paras hautajaistarvikkeiden valikoima Suomessa! tuotekuvasto Monta hyv\u00e4\u00e4 syyt\u00e4 valita Barem Laadukas palvelu ja erikoisratkaisut Laadukas palvelu ja erikoisratkaisut Barem tarjoaa ainutlaatuista palvelua ja huomiomme on aina keskittynyt juuri sinun etujesi ajamiseen. Olemme aina valmiita valmistamaan hautaustarvikkeita juuri sinun antamiesi erityisvaatimusten mukaisesti. Nopea palvelu Asiakkaamme tiet\u00e4v\u00e4t, ett\u00e4 tilaukset toimitetaan aina oikea-aikaisesti jopa vaativimmatkin odotukset ylitt\u00e4en. Ensiluokkaiset [&hellip;]<\/p>\n","protected":false},"author":1,"featured_media":0,"parent":0,"menu_order":0,"comment_status":"closed","ping_status":"closed","template":"","meta":{"_acf_changed":false,"site-sidebar-layout":"no-sidebar","site-content-layout":"page-builder","ast-site-content-layout":"default","site-content-style":"default","site-sidebar-style":"default","ast-global-header-display":"","ast-banner-title-visibility":"","ast-main-header-display":"","ast-hfb-above-header-display":"","ast-hfb-below-header-display":"","ast-hfb-mobile-header-display":"","site-post-title":"disabled","ast-breadcrumbs-content":"","ast-featured-img":"disabled","footer-sml-layout":"","theme-transparent-header-meta":"enabled","adv-header-id-meta":"","stick-header-meta":"","header-above-stick-meta":"","header-main-stick-meta":"","header-below-stick-meta":"","astra-migrate-meta-layouts":"default","ast-page-background-enabled":"default","ast-page-background-meta":{"desktop":{"background-color":"var(--ast-global-color-4)","background-image":"","background-repeat":"repeat","background-position":"center center","background-size":"auto","background-attachment":"scroll","background-type":"","background-media":"","overlay-type":"","overlay-color":"","overlay-opacity":"","overlay-gradient":""},"tablet":{"background-color":"","background-image":"","background-repeat":"repeat","background-position":"center center","background-size":"auto","background-attachment":"scroll","background-type":"","background-media":"","overlay-type":"","overlay-color":"","overlay-opacity":"","overlay-gradient":""},"mobile":{"background-color":"","background-image":"","background-repeat":"repeat","background-position":"center center","background-size":"auto","background-attachment":"scroll","background-type":"","background-media":"","overlay-type":"","overlay-color":"","overlay-opacity":"","overlay-gradient":""}},"ast-content-background-meta":{"desktop":{"background-color":"var(--ast-global-color-5)","background-image":"","background-repeat":"repeat","background-position":"center center","background-size":"auto","background-attachment":"scroll","background-type":"","background-media":"","overlay-type":"","overlay-color":"","overlay-opacity":"","overlay-gradient":""},"tablet":{"background-color":"var(--ast-global-color-5)","background-image":"","background-repeat":"repeat","background-position":"center center","background-size":"auto","background-attachment":"scroll","background-type":"","background-media":"","overlay-type":"","overlay-color":"","overlay-opacity":"","overlay-gradient":""},"mobile":{"background-color":"var(--ast-global-color-5)","background-image":"","background-repeat":"repeat","background-position":"center center","background-size":"auto","background-attachment":"scroll","background-type":"","background-media":"","overlay-type":"","overlay-color":"","overlay-opacity":"","overlay-gradient":""}},"footnotes":""},"class_list":["post-10575","page","type-page","status-publish","hentry"],"acf":[],"_links":{"self":[{"href":"https:\/\/barem.ee\/fi\/wp-json\/wp\/v2\/pages\/10575","targetHints":{"allow":["GET"]}}],"collection":[{"href":"https:\/\/barem.ee\/fi\/wp-json\/wp\/v2\/pages"}],"about":[{"href":"https:\/\/barem.ee\/fi\/wp-json\/wp\/v2\/types\/page"}],"author":[{"embeddable":true,"href":"https:\/\/barem.ee\/fi\/wp-json\/wp\/v2\/users\/1"}],"replies":[{"embeddable":true,"href":"https:\/\/barem.ee\/fi\/wp-json\/wp\/v2\/comments?post=10575"}],"version-history":[{"count":11,"href":"https:\/\/barem.ee\/fi\/wp-json\/wp\/v2\/pages\/10575\/revisions"}],"predecessor-version":[{"id":166819,"href":"https:\/\/barem.ee\/fi\/wp-json\/wp\/v2\/pages\/10575\/revisions\/166819"}],"wp:attachment":[{"href":"https:\/\/barem.ee\/fi\/wp-json\/wp\/v2\/media?parent=10575"}],"curies":[{"name":"wp","href":"https:\/\/api.w.org\/{rel}","templated":true}]}}