{"id":10578,"date":"2020-06-05T09:45:50","date_gmt":"2020-06-05T09:45:50","guid":{"rendered":"https:\/\/barem.ee\/kontakt\/"},"modified":"2026-02-05T14:11:55","modified_gmt":"2026-02-05T14:11:55","slug":"yhteystiedot","status":"publish","type":"page","link":"https:\/\/barem.ee\/fi\/yhteystiedot\/","title":{"rendered":"Yhteystiedot"},"content":{"rendered":"\n\n\t<h1>\n\t\t\t\tYHTEYSTIEDOT\n\t\t\t<\/h1>\n\t<h2>\n\t\t\t\tKirjoita meille viesti\n\t\t\t<\/h2>\n\tToimisto, tuotanto ja varasto:<br \/>\nTule 29\/1<br \/>\n76505 Saue<br \/>\nViro\n\t<strong>Puhelin:<\/strong>\u00a0+372 5011 927<br \/>\n<strong>S\u00e4hk\u00f6posti:<\/strong> info@barem.ee<br \/>\n<strong>www.barem.ee<\/strong>\n\tS\u00e4hk\u00f6postilaskun osoite:<br \/>\n<a href=\"mailto:arved@barem.ee\"><strong>arved@barem.ee<\/strong><\/a>\n\t<h3>\n\t\t\t\tMartin V\u00e4hejaus\n\t\t\t<\/h3>\n\t<p>Toimitusjohtaja, Hallituksen j\u00e4sen<\/p>\n\t<h3>\n\t\t\t\tKristjan Urvet\n\t\t\t<\/h3>\n\t<p>Logistiikkajohtaja, Hallituksen j\u00e4sen<\/p>\n\t<h3>\n\t\t\t\tHardo Lust\n\t\t\t<\/h3>\n\t<p>Tuotantojohtaja, Hallituksen j\u00e4sen<\/p>\n\t<h3>\n\t\t\t\tGert Haljasm\u00e4e\n\t\t\t<\/h3>\n\t<p>Myynti<\/p>\n\t<h3>\n\t\t\t\tAllan Ojasoo\n\t\t\t<\/h3>\n\t<p>Myynti<\/p>\n\t<h3>\n\t\t\t\tAnneli Sildmaa\n\t\t\t<\/h3>\n\t<p>Myyntiassistentti<\/p>\n\t<div class=\"leaflet-map WPLeafletMap\" style=\"height:250px; width:100%;\"><\/div><script>\nwindow.WPLeafletMapPlugin = window.WPLeafletMapPlugin || [];\nwindow.WPLeafletMapPlugin.push(function WPLeafletMapShortcode() {\/*<script>*\/\nvar baseUrl = atob('aHR0cHM6Ly9jYXJ0b2RiLWJhc2VtYXBzLXtzfS5nbG9iYWwuc3NsLmZhc3RseS5uZXQvbGlnaHRfYWxsL3t6fS97eH0ve3l9LnBuZw==');\nvar base = (!baseUrl && window.MQ) ?\n    window.MQ.mapLayer() : L.tileLayer(baseUrl,\n        L.Util.extend({}, {\n            detectRetina: 0,\n        },\n        {\"subdomains\":\"abc\",\"noWrap\":false,\"maxZoom\":19}        )\n    );\n    var options = L.Util.extend({}, {\n        layers: [base],\n        attributionControl: false\n    },\n    {\"zoomControl\":true,\"scrollWheelZoom\":false,\"doubleClickZoom\":false,\"fitBounds\":false,\"minZoom\":0,\"maxZoom\":19,\"maxBounds\":null,\"attribution\":\"<a href=\\\"http:\\\/\\\/leafletjs.com\\\" title=\\\"A JS library for interactive maps\\\">Leaflet<\\\/a>; \\u00a9 <a href=\\\"http:\\\/\\\/www.openstreetmap.org\\\/copyright\\\">OpenStreetMap<\\\/a> contributors\"},\n    {});\nwindow.WPLeafletMapPlugin.createMap(options).setView([62.287585623102,25.796925064418],14);});<\/script>\n<script>\nwindow.WPLeafletMapPlugin = window.WPLeafletMapPlugin || [];\nwindow.WPLeafletMapPlugin.push(function WPLeafletMarkerShortcode() {\/*<script>*\/\nvar map = window.WPLeafletMapPlugin.getCurrentMap();\nvar group = window.WPLeafletMapPlugin.getCurrentGroup();\nvar marker_options = window.WPLeafletMapPlugin.getIconOptions({\"svg\":true,\"background\":\"#5289D5\"});\nvar marker = new L.SVGMarker(\n    [62.287585623102,25.796925064418],\n    marker_options\n);\nvar is_image = map.is_image_map;\nif (marker_options.draggable) {\n    marker.on('dragend', function () {\n        var latlng = this.getLatLng();\n        var lat = latlng.lat;\n        var lng = latlng.lng;\n        if (is_image) {\n            console.log('leaflet-marker y=' + lat + ' x=' + lng);\n        } else {\n            console.log('leaflet-marker lat=' + lat + ' lng=' + lng);\n        }\n    });\n}\nmarker.addTo( group );\nmarker.bindPopup(window.WPLeafletMapPlugin.unescape('&lt;br&gt;&lt;strong&gt;Barem O\u00dc:n Jyv\u00e4skyl\u00e4n varasto&lt;\/strong&gt;&lt;br \/&gt;&lt;br&gt;Sepelitie 9, 40320 Jyv\u00e4skyl\u00e4&lt;br&gt;'));window.WPLeafletMapPlugin.markers.push( marker );\n        });<\/script>\n\t<h4>Barem O\u00dc:n Jyv\u00e4skyl\u00e4n varasto<\/h4>\n<p>Sepelitie 9, 40320 Jyv\u00e4skyl\u00e4<\/p>\n\t<div class=\"leaflet-map WPLeafletMap\" style=\"height:250px; width:100%;\"><\/div><script>\nwindow.WPLeafletMapPlugin = window.WPLeafletMapPlugin || [];\nwindow.WPLeafletMapPlugin.push(function WPLeafletMapShortcode() {\/*<script>*\/\nvar baseUrl = atob('aHR0cHM6Ly9jYXJ0b2RiLWJhc2VtYXBzLXtzfS5nbG9iYWwuc3NsLmZhc3RseS5uZXQvbGlnaHRfYWxsL3t6fS97eH0ve3l9LnBuZw==');\nvar base = (!baseUrl && window.MQ) ?\n    window.MQ.mapLayer() : L.tileLayer(baseUrl,\n        L.Util.extend({}, {\n            detectRetina: 0,\n        },\n        {\"subdomains\":\"abc\",\"noWrap\":false,\"maxZoom\":19}        )\n    );\n    var options = L.Util.extend({}, {\n        layers: [base],\n        attributionControl: false\n    },\n    {\"zoomControl\":true,\"scrollWheelZoom\":false,\"doubleClickZoom\":false,\"fitBounds\":false,\"minZoom\":0,\"maxZoom\":19,\"maxBounds\":null,\"attribution\":\"<a href=\\\"http:\\\/\\\/leafletjs.com\\\" title=\\\"A JS library for interactive maps\\\">Leaflet<\\\/a>; \\u00a9 <a href=\\\"http:\\\/\\\/www.openstreetmap.org\\\/copyright\\\">OpenStreetMap<\\\/a> contributors\"},\n    {});\nwindow.WPLeafletMapPlugin.createMap(options).setView([60.257128079032,25.061688043382],14);});<\/script>\n<script>\nwindow.WPLeafletMapPlugin = window.WPLeafletMapPlugin || [];\nwindow.WPLeafletMapPlugin.push(function WPLeafletMarkerShortcode() {\/*<script>*\/\nvar map = window.WPLeafletMapPlugin.getCurrentMap();\nvar group = window.WPLeafletMapPlugin.getCurrentGroup();\nvar marker_options = window.WPLeafletMapPlugin.getIconOptions({\"svg\":true,\"background\":\"#5289D5\"});\nvar marker = new L.SVGMarker(\n    [60.257128079032,25.061688043382],\n    marker_options\n);\nvar is_image = map.is_image_map;\nif (marker_options.draggable) {\n    marker.on('dragend', function () {\n        var latlng = this.getLatLng();\n        var lat = latlng.lat;\n        var lng = latlng.lng;\n        if (is_image) {\n            console.log('leaflet-marker y=' + lat + ' x=' + lng);\n        } else {\n            console.log('leaflet-marker lat=' + lat + ' lng=' + lng);\n        }\n    });\n}\nmarker.addTo( group );\nmarker.bindPopup(window.WPLeafletMapPlugin.unescape('&lt;br&gt;&lt;strong&gt;Barem O\u00dc:n ja CR-Tukku Barem Oy:n varasto&lt;\/strong&gt;&lt;br \/&gt;&lt;br&gt;Kytkintie 28, 00770 Helsinki&lt;br&gt;'));window.WPLeafletMapPlugin.markers.push( marker );\n        });<\/script>\n\t<h4>Barem O\u00dc:n ja CR-Tukku Barem Oy:n varasto<\/h4>\n<p>Kytkintie 28, 00770 Helsinki<\/p>\n\t<div class=\"leaflet-map WPLeafletMap\" style=\"height:250px; width:100%;\"><\/div><script>\nwindow.WPLeafletMapPlugin = window.WPLeafletMapPlugin || [];\nwindow.WPLeafletMapPlugin.push(function WPLeafletMapShortcode() {\/*<script>*\/\nvar baseUrl = atob('aHR0cHM6Ly9jYXJ0b2RiLWJhc2VtYXBzLXtzfS5nbG9iYWwuc3NsLmZhc3RseS5uZXQvbGlnaHRfYWxsL3t6fS97eH0ve3l9LnBuZw==');\nvar base = (!baseUrl && window.MQ) ?\n    window.MQ.mapLayer() : L.tileLayer(baseUrl,\n        L.Util.extend({}, {\n            detectRetina: 0,\n        },\n        {\"subdomains\":\"abc\",\"noWrap\":false,\"maxZoom\":19}        )\n    );\n    var options = L.Util.extend({}, {\n        layers: [base],\n        attributionControl: false\n    },\n    {\"zoomControl\":true,\"scrollWheelZoom\":false,\"doubleClickZoom\":false,\"fitBounds\":false,\"minZoom\":0,\"maxZoom\":19,\"maxBounds\":null,\"attribution\":\"<a href=\\\"http:\\\/\\\/leafletjs.com\\\" title=\\\"A JS library for interactive maps\\\">Leaflet<\\\/a>; \\u00a9 <a href=\\\"http:\\\/\\\/www.openstreetmap.org\\\/copyright\\\">OpenStreetMap<\\\/a> contributors\"},\n    {});\nwindow.WPLeafletMapPlugin.createMap(options).setView([59.317388508951,24.571288393253],14);});<\/script>\n<script>\nwindow.WPLeafletMapPlugin = window.WPLeafletMapPlugin || [];\nwindow.WPLeafletMapPlugin.push(function WPLeafletMarkerShortcode() {\/*<script>*\/\nvar map = window.WPLeafletMapPlugin.getCurrentMap();\nvar group = window.WPLeafletMapPlugin.getCurrentGroup();\nvar marker_options = window.WPLeafletMapPlugin.getIconOptions({\"svg\":true,\"background\":\"#5289D5\"});\nvar marker = new L.SVGMarker(\n    [59.317388508951,24.571288393253],\n    marker_options\n);\nvar is_image = map.is_image_map;\nif (marker_options.draggable) {\n    marker.on('dragend', function () {\n        var latlng = this.getLatLng();\n        var lat = latlng.lat;\n        var lng = latlng.lng;\n        if (is_image) {\n            console.log('leaflet-marker y=' + lat + ' x=' + lng);\n        } else {\n            console.log('leaflet-marker lat=' + lat + ' lng=' + lng);\n        }\n    });\n}\nmarker.addTo( group );\nmarker.bindPopup(window.WPLeafletMapPlugin.unescape('&lt;br&gt;&lt;strong&gt;Barem O\u00dc toimisto, varasto ja tuotanto&lt;\/strong&gt;&lt;br \/&gt;&lt;br&gt;Tule tn 29\/1, Saue, 76505 Harjumaa&lt;br&gt;'));window.WPLeafletMapPlugin.markers.push( marker );\n        });<\/script>\n\t<h4>Barem O\u00dc toimisto, varasto ja tuotanto<\/h4>\n<p>Tule tn 29\/1, Saue, 76505 Harjumaa<\/p>\n\t<div class=\"leaflet-map WPLeafletMap\" style=\"height:250px; width:100%;\"><\/div><script>\nwindow.WPLeafletMapPlugin = window.WPLeafletMapPlugin || [];\nwindow.WPLeafletMapPlugin.push(function WPLeafletMapShortcode() {\/*<script>*\/\nvar baseUrl = atob('aHR0cHM6Ly9jYXJ0b2RiLWJhc2VtYXBzLXtzfS5nbG9iYWwuc3NsLmZhc3RseS5uZXQvbGlnaHRfYWxsL3t6fS97eH0ve3l9LnBuZw==');\nvar base = (!baseUrl && window.MQ) ?\n    window.MQ.mapLayer() : L.tileLayer(baseUrl,\n        L.Util.extend({}, {\n            detectRetina: 0,\n        },\n        {\"subdomains\":\"abc\",\"noWrap\":false,\"maxZoom\":19}        )\n    );\n    var options = L.Util.extend({}, {\n        layers: [base],\n        attributionControl: false\n    },\n    {\"zoomControl\":true,\"scrollWheelZoom\":false,\"doubleClickZoom\":false,\"fitBounds\":false,\"minZoom\":0,\"maxZoom\":19,\"maxBounds\":null,\"attribution\":\"<a href=\\\"http:\\\/\\\/leafletjs.com\\\" title=\\\"A JS library for interactive maps\\\">Leaflet<\\\/a>; \\u00a9 <a href=\\\"http:\\\/\\\/www.openstreetmap.org\\\/copyright\\\">OpenStreetMap<\\\/a> contributors\"},\n    {});\nwindow.WPLeafletMapPlugin.createMap(options).setView([57.976161787816,25.918567277861],14);});<\/script>\n<script>\nwindow.WPLeafletMapPlugin = window.WPLeafletMapPlugin || [];\nwindow.WPLeafletMapPlugin.push(function WPLeafletMarkerShortcode() {\/*<script>*\/\nvar map = window.WPLeafletMapPlugin.getCurrentMap();\nvar group = window.WPLeafletMapPlugin.getCurrentGroup();\nvar marker_options = window.WPLeafletMapPlugin.getIconOptions({\"svg\":true,\"background\":\"#5289D5\"});\nvar marker = new L.SVGMarker(\n    [57.976161787816,25.918567277861],\n    marker_options\n);\nvar is_image = map.is_image_map;\nif (marker_options.draggable) {\n    marker.on('dragend', function () {\n        var latlng = this.getLatLng();\n        var lat = latlng.lat;\n        var lng = latlng.lng;\n        if (is_image) {\n            console.log('leaflet-marker y=' + lat + ' x=' + lng);\n        } else {\n            console.log('leaflet-marker lat=' + lat + ' lng=' + lng);\n        }\n    });\n}\nmarker.addTo( group );\nmarker.bindPopup(window.WPLeafletMapPlugin.unescape('&lt;br&gt;&lt;strong&gt;Barem O\u00dc tuotanto (Puidu Taavet O\u00dc)&lt;\/strong&gt;&lt;br \/&gt;&lt;br&gt;T\u00f6\u00f6stuse, Patk\u00fcla, 68613 Valgan maakunta&lt;br&gt;'));window.WPLeafletMapPlugin.markers.push( marker );\n        });<\/script>\n\t<h4>Barem O\u00dc tuotanto (Puidu Taavet O\u00dc)<\/h4>\n<p>T\u00f6\u00f6stuse, Patk\u00fcla, 68613 Valgan maakunta<\/p>\n\n","protected":false},"excerpt":{"rendered":"<p>YHTEYSTIEDOT Kirjoita meille viesti Toimisto, tuotanto ja varasto: Tule 29\/1 76505 Saue Viro Puhelin:\u00a0+372 5011 927 S\u00e4hk\u00f6posti: info@barem.ee www.barem.ee S\u00e4hk\u00f6postilaskun osoite: arved@barem.ee Martin V\u00e4hejaus Toimitusjohtaja, Hallituksen j\u00e4sen Kristjan Urvet Logistiikkajohtaja, Hallituksen j\u00e4sen Hardo Lust Tuotantojohtaja, Hallituksen j\u00e4sen Gert Haljasm\u00e4e Myynti Allan Ojasoo Myynti Anneli Sildmaa Myyntiassistentti Barem O\u00dc:n Jyv\u00e4skyl\u00e4n varasto Sepelitie 9, 40320 Jyv\u00e4skyl\u00e4 Barem [&hellip;]<\/p>\n","protected":false},"author":1,"featured_media":0,"parent":0,"menu_order":0,"comment_status":"closed","ping_status":"closed","template":"","meta":{"_acf_changed":false,"site-sidebar-layout":"no-sidebar","site-content-layout":"page-builder","ast-site-content-layout":"default","site-content-style":"default","site-sidebar-style":"default","ast-global-header-display":"","ast-banner-title-visibility":"","ast-main-header-display":"","ast-hfb-above-header-display":"","ast-hfb-below-header-display":"","ast-hfb-mobile-header-display":"","site-post-title":"disabled","ast-breadcrumbs-content":"","ast-featured-img":"disabled","footer-sml-layout":"","theme-transparent-header-meta":"enabled","adv-header-id-meta":"","stick-header-meta":"","header-above-stick-meta":"","header-main-stick-meta":"","header-below-stick-meta":"","astra-migrate-meta-layouts":"default","ast-page-background-enabled":"default","ast-page-background-meta":{"desktop":{"background-color":"var(--ast-global-color-4)","background-image":"","background-repeat":"repeat","background-position":"center center","background-size":"auto","background-attachment":"scroll","background-type":"","background-media":"","overlay-type":"","overlay-color":"","overlay-opacity":"","overlay-gradient":""},"tablet":{"background-color":"","background-image":"","background-repeat":"repeat","background-position":"center center","background-size":"auto","background-attachment":"scroll","background-type":"","background-media":"","overlay-type":"","overlay-color":"","overlay-opacity":"","overlay-gradient":""},"mobile":{"background-color":"","background-image":"","background-repeat":"repeat","background-position":"center center","background-size":"auto","background-attachment":"scroll","background-type":"","background-media":"","overlay-type":"","overlay-color":"","overlay-opacity":"","overlay-gradient":""}},"ast-content-background-meta":{"desktop":{"background-color":"var(--ast-global-color-5)","background-image":"","background-repeat":"repeat","background-position":"center center","background-size":"auto","background-attachment":"scroll","background-type":"","background-media":"","overlay-type":"","overlay-color":"","overlay-opacity":"","overlay-gradient":""},"tablet":{"background-color":"var(--ast-global-color-5)","background-image":"","background-repeat":"repeat","background-position":"center center","background-size":"auto","background-attachment":"scroll","background-type":"","background-media":"","overlay-type":"","overlay-color":"","overlay-opacity":"","overlay-gradient":""},"mobile":{"background-color":"var(--ast-global-color-5)","background-image":"","background-repeat":"repeat","background-position":"center center","background-size":"auto","background-attachment":"scroll","background-type":"","background-media":"","overlay-type":"","overlay-color":"","overlay-opacity":"","overlay-gradient":""}},"footnotes":""},"class_list":["post-10578","page","type-page","status-publish","hentry"],"acf":[],"_links":{"self":[{"href":"https:\/\/barem.ee\/fi\/wp-json\/wp\/v2\/pages\/10578","targetHints":{"allow":["GET"]}}],"collection":[{"href":"https:\/\/barem.ee\/fi\/wp-json\/wp\/v2\/pages"}],"about":[{"href":"https:\/\/barem.ee\/fi\/wp-json\/wp\/v2\/types\/page"}],"author":[{"embeddable":true,"href":"https:\/\/barem.ee\/fi\/wp-json\/wp\/v2\/users\/1"}],"replies":[{"embeddable":true,"href":"https:\/\/barem.ee\/fi\/wp-json\/wp\/v2\/comments?post=10578"}],"version-history":[{"count":18,"href":"https:\/\/barem.ee\/fi\/wp-json\/wp\/v2\/pages\/10578\/revisions"}],"predecessor-version":[{"id":170893,"href":"https:\/\/barem.ee\/fi\/wp-json\/wp\/v2\/pages\/10578\/revisions\/170893"}],"wp:attachment":[{"href":"https:\/\/barem.ee\/fi\/wp-json\/wp\/v2\/media?parent=10578"}],"curies":[{"name":"wp","href":"https:\/\/api.w.org\/{rel}","templated":true}]}}