{"id":10580,"date":"2020-06-05T09:31:15","date_gmt":"2020-06-05T09:31:15","guid":{"rendered":"https:\/\/barem.ee\/meist\/"},"modified":"2020-10-21T08:28:24","modified_gmt":"2020-10-21T08:28:24","slug":"meista","status":"publish","type":"page","link":"https:\/\/barem.ee\/fi\/meista\/","title":{"rendered":"Meist\u00e4"},"content":{"rendered":"\n\t<h1>\n\t\t\t\tMEIST\u00c4\n\t\t\t<\/h1>\n\t<h2>\n\t\t\t\tLaatu ei ole koskaan sattumaa\u2026\n\t\t\t<\/h2>\n\t\t\t\t<img loading=\"lazy\" decoding=\"async\" src=\"https:\/\/barem.ee\/wp-content\/uploads\/2020\/06\/hiclipart-1.png\" alt=\"hiclipart 1\" itemprop=\"image\" height=\"469\" width=\"478\" title=\"hiclipart 1\" onerror=\"this.style.display='none'\"  \/>\n\t<p>Barem O\u00dc on hautaustarvikkeiden valmistaja. Meill\u00e4 on jo yli 26 vuoden kokemus arkkujen ja tuhkauurnien valmistuksessa. Tuotantotiloissamme Virossa Harjun ja Valgan maakunnissa ty\u00f6skentelee yhteens\u00e4 40 henkil\u00f6\u00e4.<\/p>\n<p>Arkkuihin ja tuhkauurniin k\u00e4ytett\u00e4v\u00e4 puumateriaalin saamme Viron ja Suomen metsist\u00e4, ja ty\u00f6st\u00e4mme ne alusta l\u00e4htien itsen\u00e4isesti Etel\u00e4-Virossa sijaitsevassa T\u00f5rvan kaupungissa. Harjun maakunnassa Sauella suoritetaan arkkujen pliseeraus kankaalla, valmistuotteiden varastointi sek\u00e4 tuotteiden luovutus. Tuotanto tapahtuu Virossa, mutta hautaustarviketuotteista 95 % menee ulkomaan vientiin.<\/p>\n<p>Ensiluokkainen asiakaspalvelu ja pitk\u00e4aikaisten suhteiden luomiseen keskittyminen on johtanut asiakkaiden luottamukseen niin Virossa kuin kaikkialla Skandinaviassakin. Se on selv\u00e4 merkki hautaustarvikkeidemme korkeasta laadusta ja asiakkaiden eriomaisesta palvelusta. <\/p>\n\t<p>Me Baremissa arvostamme kaikkia asiakkaitamme ja suhtaudumme jokaiseen prioriteettina ennen oston suorittamista ja sen j\u00e4lkeenkin. Pid\u00e4mme t\u00e4rke\u00e4n\u00e4 nopeaa palvelua ja asiakkaan tyytyv\u00e4isyyteen keskittymist\u00e4.<\/p>\n<p>Tavoitteemme on tarjota parhainta kokemusta ja parasta laatua, valikoimaa, hintaa ja asiakastukea. T\u00e4m\u00e4n vuoksi olemme valmiita kaikkia toiveitanne vastaaviin erikoisratkaisuihin. <\/p>\n<p>Ota meihin yhteytt\u00e4 ja l\u00f6yd\u00e4mme yhdess\u00e4 juuri sinulle sopivan ratkaisun.<\/p>\n\t\t\t\t<img loading=\"lazy\" decoding=\"async\" src=\"https:\/\/barem.ee\/wp-content\/uploads\/2020\/06\/image-2.png\" alt=\"image 2\" itemprop=\"image\" height=\"386\" width=\"267\" title=\"image 2\" onerror=\"this.style.display='none'\"  \/>\n\t<h2>\n\t\t\t\tNopea tilausten t\u00e4ytt\u00f6 ja kuljetus ymp\u00e4ri Suomea\n\t\t\t<\/h2>\n\t<h2>\n\t\t\t\tYhteystiedot\n\t\t\t<\/h2>\n\t<h2>\n\t\t\t\tKirjoita meille viesti\n\t\t\t<\/h2>\n","protected":false},"excerpt":{"rendered":"<p>MEIST\u00c4 Laatu ei ole koskaan sattumaa\u2026 Barem O\u00dc on hautaustarvikkeiden valmistaja. Meill\u00e4 on jo yli 26 vuoden kokemus arkkujen ja tuhkauurnien valmistuksessa. Tuotantotiloissamme Virossa Harjun ja Valgan maakunnissa ty\u00f6skentelee yhteens\u00e4 40 henkil\u00f6\u00e4. Arkkuihin ja tuhkauurniin k\u00e4ytett\u00e4v\u00e4 puumateriaalin saamme Viron ja Suomen metsist\u00e4, ja ty\u00f6st\u00e4mme ne alusta l\u00e4htien itsen\u00e4isesti Etel\u00e4-Virossa sijaitsevassa T\u00f5rvan kaupungissa. Harjun maakunnassa Sauella [&hellip;]<\/p>\n","protected":false},"author":1,"featured_media":0,"parent":0,"menu_order":0,"comment_status":"closed","ping_status":"closed","template":"","meta":{"_acf_changed":false,"site-sidebar-layout":"no-sidebar","site-content-layout":"page-builder","ast-site-content-layout":"default","site-content-style":"default","site-sidebar-style":"default","ast-global-header-display":"","ast-banner-title-visibility":"","ast-main-header-display":"","ast-hfb-above-header-display":"","ast-hfb-below-header-display":"","ast-hfb-mobile-header-display":"","site-post-title":"disabled","ast-breadcrumbs-content":"","ast-featured-img":"disabled","footer-sml-layout":"","theme-transparent-header-meta":"enabled","adv-header-id-meta":"","stick-header-meta":"","header-above-stick-meta":"","header-main-stick-meta":"","header-below-stick-meta":"","astra-migrate-meta-layouts":"default","ast-page-background-enabled":"default","ast-page-background-meta":{"desktop":{"background-color":"var(--ast-global-color-4)","background-image":"","background-repeat":"repeat","background-position":"center center","background-size":"auto","background-attachment":"scroll","background-type":"","background-media":"","overlay-type":"","overlay-color":"","overlay-opacity":"","overlay-gradient":""},"tablet":{"background-color":"","background-image":"","background-repeat":"repeat","background-position":"center center","background-size":"auto","background-attachment":"scroll","background-type":"","background-media":"","overlay-type":"","overlay-color":"","overlay-opacity":"","overlay-gradient":""},"mobile":{"background-color":"","background-image":"","background-repeat":"repeat","background-position":"center center","background-size":"auto","background-attachment":"scroll","background-type":"","background-media":"","overlay-type":"","overlay-color":"","overlay-opacity":"","overlay-gradient":""}},"ast-content-background-meta":{"desktop":{"background-color":"var(--ast-global-color-5)","background-image":"","background-repeat":"repeat","background-position":"center center","background-size":"auto","background-attachment":"scroll","background-type":"","background-media":"","overlay-type":"","overlay-color":"","overlay-opacity":"","overlay-gradient":""},"tablet":{"background-color":"var(--ast-global-color-5)","background-image":"","background-repeat":"repeat","background-position":"center center","background-size":"auto","background-attachment":"scroll","background-type":"","background-media":"","overlay-type":"","overlay-color":"","overlay-opacity":"","overlay-gradient":""},"mobile":{"background-color":"var(--ast-global-color-5)","background-image":"","background-repeat":"repeat","background-position":"center center","background-size":"auto","background-attachment":"scroll","background-type":"","background-media":"","overlay-type":"","overlay-color":"","overlay-opacity":"","overlay-gradient":""}},"footnotes":""},"class_list":["post-10580","page","type-page","status-publish","hentry"],"acf":[],"_links":{"self":[{"href":"https:\/\/barem.ee\/fi\/wp-json\/wp\/v2\/pages\/10580","targetHints":{"allow":["GET"]}}],"collection":[{"href":"https:\/\/barem.ee\/fi\/wp-json\/wp\/v2\/pages"}],"about":[{"href":"https:\/\/barem.ee\/fi\/wp-json\/wp\/v2\/types\/page"}],"author":[{"embeddable":true,"href":"https:\/\/barem.ee\/fi\/wp-json\/wp\/v2\/users\/1"}],"replies":[{"embeddable":true,"href":"https:\/\/barem.ee\/fi\/wp-json\/wp\/v2\/comments?post=10580"}],"version-history":[{"count":4,"href":"https:\/\/barem.ee\/fi\/wp-json\/wp\/v2\/pages\/10580\/revisions"}],"predecessor-version":[{"id":54241,"href":"https:\/\/barem.ee\/fi\/wp-json\/wp\/v2\/pages\/10580\/revisions\/54241"}],"wp:attachment":[{"href":"https:\/\/barem.ee\/fi\/wp-json\/wp\/v2\/media?parent=10580"}],"curies":[{"name":"wp","href":"https:\/\/api.w.org\/{rel}","templated":true}]}}