{"id":10618,"date":"2020-08-07T11:02:50","date_gmt":"2020-08-07T11:02:50","guid":{"rendered":"https:\/\/barem.ee\/?page_id=10618"},"modified":"2020-10-22T08:43:45","modified_gmt":"2020-10-22T08:43:45","slug":"tietosuojakaytanto","status":"publish","type":"page","link":"https:\/\/barem.ee\/fi\/tietosuojakaytanto\/","title":{"rendered":"Tietosuojak\u00e4yt\u00e4nt\u00f6"},"content":{"rendered":"\n\t<h1>\n\t\t\t\tYksityisyysehdot\n\t\t\t<\/h1>\n\t<p>Voimassa 1.8.2020 alkaen<\/p>\n<p>Yksityisyysehdot s\u00e4\u00e4telev\u00e4t henkil\u00f6tietojen ja ev\u00e4steiden k\u00e4sittely\u00e4 Barem O\u00dc:n (j\u00e4ljemp\u00e4n\u00e4 Barem) verkkosivuilla https:\/\/barem.ee (j\u00e4ljemp\u00e4n\u00e4 verkkosivut).<\/p>\n<strong>K\u00c4SITTEET<\/strong><br \/>\nHenkil\u00f6tietojen k\u00e4sittely k\u00e4sitt\u00e4\u00e4 kaikenlaiset verkkosivujen k\u00e4ytt\u00e4j\u00e4n (j\u00e4ljemp\u00e4n\u00e4 k\u00e4ytt\u00e4j\u00e4) henkil\u00f6tietoihin liittyv\u00e4t toimenpiteet, kuten tietojen ker\u00e4\u00e4minen, k\u00e4sittely, tallentaminen, korjaaminen tai poistaminen.\n<p>K\u00e4ytt\u00e4ji\u00e4 ovat kaikki henkil\u00f6t, jotka vierailevat verkkosivuilla, k\u00e4ytt\u00e4v\u00e4t palveluita tai luovuttavat Baremille tietoja; lukevat artikkeleita, tilaavat palveluita tai ottavat yhteytt\u00e4 Baremiin s\u00e4hk\u00f6postitse.<\/p>\n<p>Palveluita ovat kaikki Baremin tarjoamat ilmaiset ja maksulliset tuotteet ja palvelut.<\/p>\n<strong>HENKIL\u00d6TIETOJEN K\u00c4SITTELY<\/strong><br \/>\nVerkkosivuja k\u00e4ytt\u00e4ess\u00e4\u00e4n k\u00e4ytt\u00e4j\u00e4 antaa suostumuksen tietojensa k\u00e4sittelyyn n\u00e4iden yksityisyysehtojen mukaisesti.<br \/>\nBarem ker\u00e4\u00e4 verkkosivujen kautta seuraavanlaisia k\u00e4ytt\u00e4jien henkil\u00f6tietoja seuraavassa kuvatulla tavalla:<br \/>\nk\u00e4ytt\u00e4j\u00e4n s\u00e4hk\u00f6postiosoite k\u00e4ytt\u00e4j\u00e4n liittyess\u00e4 s\u00e4hk\u00f6postilistaan tai l\u00e4hett\u00e4ess\u00e4 s\u00e4hk\u00f6postia<br \/>\nk\u00e4ytt\u00e4j\u00e4n nimi ja s\u00e4hk\u00f6postiosoite k\u00e4ytt\u00e4j\u00e4n esitt\u00e4ess\u00e4 kyselyn<br \/>\nverkkosivujen vierailutilastot Google Analyticsin ja Facebook Pixelin avulla.\n<strong>HENKIL\u00d6TIETOJEN K\u00c4YTT\u00d6<\/strong><br \/>\nBarem k\u00e4ytt\u00e4\u00e4 henkil\u00f6tietoja:<br \/>\nk\u00e4ytt\u00e4jille palvelujen tarjoamiseksi, kuten esimerkiksi sopimuksen solmimiseksi ja t\u00e4ytt\u00e4miseksi sek\u00e4 k\u00e4ytt\u00e4j\u00e4n kanssa kommunikointiin ja laskujen l\u00e4hett\u00e4miseen<br \/>\nk\u00e4ytt\u00e4j\u00e4n ennakkosuostumuksella k\u00e4ytt\u00e4j\u00e4n s\u00e4hk\u00f6postiosoitteeseen ilmoitusten l\u00e4hett\u00e4miseen uusista tuotteista, palveluista ja kampanjoista.<br \/>\nBarem k\u00e4ytt\u00e4\u00e4 verkkosivujen vierailutilastoja verkkosivujen k\u00e4ytt\u00e4j\u00e4kokemuksen parantamiseksi ja tehokkaampaa markkinointia varten.\n<p>K\u00e4ytt\u00e4j\u00e4ll\u00e4 on milloin tahansa oikeus kielt\u00e4\u00e4 henkil\u00f6tietojensa k\u00e4ytt\u00f6, lukuun ottamatta siin\u00e4 tapauksessa, kun se on tarpeen sopimukseen perustuvan vaateen t\u00e4ytt\u00e4miseksi, mukaan lukien palvelun tarjoamiseksi.<\/p>\nHENKIL\u00d6TIETOJEN L\u00c4HETT\u00c4MINEN KOLMANSILLE HENKIL\u00d6ILLE<br \/>\nKolmas henkil\u00f6 on Baremin sopimuskumppani, joka k\u00e4sittelee henkil\u00f6tietoja ja jonka tuotteen tai palvelun avulla Barem tarjoaa k\u00e4ytt\u00e4j\u00e4lle palveluita.\nBarem voi p\u00e4ivitt\u00e4isess\u00e4 toiminnassaan k\u00e4ytt\u00e4\u00e4 kolmansia tahoja, jotka tarjoavat:<br \/>\ns\u00e4hk\u00f6postien l\u00e4hett\u00e4misen ja hallinnoimisen j\u00e4rjestelm\u00e4\u00e4<br \/>\nwebhotellipalveluita<br \/>\nverkkosivujen k\u00e4ytt\u00f6tilastojen analyysia<br \/>\nsosiaalisen median k\u00e4ytt\u00f6\u00e4 ja sosiaalisen median tilastojen analyysia<br \/>\nkirjanpito-ohjelman k\u00e4ytt\u00f6\u00e4.<br \/>\nEdellisess\u00e4 kohdassa mainittujen kolmansien tahojen lis\u00e4ksi Barem l\u00e4hett\u00e4\u00e4 k\u00e4ytt\u00e4jien henkil\u00f6tietoja yhteisty\u00f6kumppaneilleen. T\u00e4t\u00e4 vain silt\u00e4 osin, joka on tarpeen palvelujen tarjoamiseksi k\u00e4ytt\u00e4jille.\nHENKIL\u00d6TIETOJEN S\u00c4ILYTT\u00c4MINEN JA TURVALLISUUS<br \/>\nBarem s\u00e4ilytt\u00e4\u00e4 henkil\u00f6tietoja niin kauan, kun se on tavoitteen saavuttamiseksi tai lakiin perustuen tarpeellista. Esimerkiksi kirjanpitotietoja s\u00e4ilytet\u00e4\u00e4n seitsem\u00e4n vuoden ajan tilikauden p\u00e4\u00e4ttymisest\u00e4, ja s\u00e4hk\u00f6postilistassa olevaa s\u00e4hk\u00f6postiosoitetta niin kauan, kunnes ilmoittaja ilmoittaa tahdostaan poistaa se sielt\u00e4.\n<p>Barem soveltaa kaikkia j\u00e4rkevi\u00e4 menetelmi\u00e4 k\u00e4sitelt\u00e4vien henkil\u00f6tietojen suojaamiseksi. P\u00e4\u00e4sy henkil\u00f6tietojen muuttamiseen ja k\u00e4sittelyyn on vain siihen valtuutetuilla henkil\u00f6ill\u00e4, ja kaikkia k\u00e4ytt\u00e4jien henkil\u00f6tietoja k\u00e4sitell\u00e4\u00e4n salassa pidett\u00e4v\u00e4n\u00e4 tietona.<\/p>\nK\u00c4YTT\u00c4J\u00c4N OIKEUDET<br \/>\nK\u00e4ytt\u00e4j\u00e4ll\u00e4 on oikeus milloin tahansa:<br \/>\nilmoittaa tahdostaan n\u00e4hd\u00e4 omat tietonsa<br \/>\nvaatia henkil\u00f6tietojen korjaamista, t\u00e4ydent\u00e4mist\u00e4 tai laissa s\u00e4\u00e4detyiss\u00e4 tapauksissa niiden poistamista<br \/>\nvaatia henkil\u00f6tietojen k\u00e4sittelemisen rajoittamista<br \/>\nvaatia henkil\u00f6tietojen luovuttamista.<br \/>\nOikeuksiensa k\u00e4ytt\u00e4miseksi on k\u00e4ytt\u00e4j\u00e4n l\u00e4hetett\u00e4v\u00e4 s\u00e4hk\u00f6postiosoitteeseen info@barem.ee vastaavan sis\u00e4lt\u00f6inen hakemus.\n<p>Mik\u00e4li k\u00e4ytt\u00e4j\u00e4 kuuluu Baremin s\u00e4hk\u00f6postituslistaan, on h\u00e4nell\u00e4 mahdollisuus poistattaa itsens\u00e4 postituslistalta ja luopua kirjeist\u00e4 s\u00e4hk\u00f6postin lopussa olevan linkin kautta.<\/p>\n<p>Ev\u00e4steiden k\u00e4yt\u00f6n rajoittamiseksi voi k\u00e4ytt\u00e4j\u00e4 tehd\u00e4 valintansa oman selaimensa s\u00e4\u00e4t\u00f6jen v\u00e4lityksell\u00e4.<\/p>\n<p>Jos k\u00e4ytt\u00e4j\u00e4 uskoo, ett\u00e4 h\u00e4nen oikeuksiaan on rikottu henkil\u00f6tietoja k\u00e4sitelt\u00e4ess\u00e4, on h\u00e4nell\u00e4 oikeus k\u00e4\u00e4nty\u00e4 tietosuojaviraston puoleen.<\/p>\nEV\u00c4STEET<br \/>\nBaremin verkkosivuilla k\u00e4ytet\u00e4\u00e4n ev\u00e4steit\u00e4 paremman k\u00e4ytt\u00e4j\u00e4kokemuksen takaamiseksi sek\u00e4 markkinoinnin tehostamiseksi ja k\u00e4ytt\u00e4j\u00e4tilastojen ker\u00e4\u00e4miseksi.\n<p>Baremin verkkosivuja k\u00e4ytt\u00e4ess\u00e4\u00e4n k\u00e4ytt\u00e4j\u00e4 suostuu ev\u00e4steiden k\u00e4ytt\u00f6\u00f6n n\u00e4iss\u00e4 s\u00e4\u00e4nn\u00f6iss\u00e4 kuvatulla tavalla.<\/p>\n<p>Ev\u00e4ste on pieni tekstitiedosto, jonka verkkoselain tallentaa automaattisesti k\u00e4ytt\u00e4j\u00e4n k\u00e4ytt\u00e4m\u00e4\u00e4n laitteeseen. Ev\u00e4steet voivat olla erilaisten palveluntarjoajien luomia, kuten esimerkiksi Google ja Facebook. Ev\u00e4stetiedostot eiv\u00e4t ole tietokoneelle vaarallisia.<\/p>\nEv\u00e4steit\u00e4 on kahdenlaisia:<br \/>\nPysyv\u00e4t ev\u00e4steet, jotka j\u00e4\u00e4v\u00e4t k\u00e4ytt\u00e4j\u00e4n tietokoneella olevien ev\u00e4steiden tiedostoon pysyv\u00e4sti. Niit\u00e4 voidaan k\u00e4ytt\u00e4\u00e4 esimerkiksi k\u00e4ytt\u00e4j\u00e4n tunnistamiseksi verkkosivujen toistuvana k\u00e4ytt\u00e4j\u00e4n\u00e4 ja verkkosivujen muokkaamiseksi k\u00e4ytt\u00e4j\u00e4n tarpeita vastaavaksi tai tilastotietojen ker\u00e4\u00e4miseksi.\n<p>Istuntokohtaiset ev\u00e4steet ovat v\u00e4liaikaisia ja katoavat, kun k\u00e4ytt\u00e4j\u00e4 poistuu verkkosivuilta tai sulkee selaimensa. Istuntokohtaisia ev\u00e4steit\u00e4 voidaan k\u00e4ytt\u00e4\u00e4 verkkosivujen tiettyjen toimintojen, esimerkiksi palvelun tai tuotteen hakemisen tms. mahdollistamiseksi.<\/p>\n<p>Ev\u00e4steit\u00e4 k\u00e4ytet\u00e4\u00e4n tiedon ker\u00e4\u00e4miseksi siit\u00e4, miten verkkosivuja k\u00e4ytet\u00e4\u00e4n, jotta se voitaisiin tehd\u00e4 k\u00e4ytt\u00e4j\u00e4lle henkil\u00f6kohtaisemmaksi ja k\u00e4ytt\u00e4j\u00e4yst\u00e4v\u00e4llisemm\u00e4ksi. Ev\u00e4steet auttavat my\u00f6s ker\u00e4\u00e4m\u00e4\u00e4n k\u00e4ytt\u00e4j\u00e4tilastoja, joka puolestaan auttaa mittaamaan ja parantamaan verkkosivujen toimintaa ja antaa pohjatietoja tehokkaan markkinoinnin suorittamiseksi.<\/p>\n<p>K\u00e4ytt\u00e4j\u00e4n katsotaan hyv\u00e4ksyneen ev\u00e4steet, kun h\u00e4nen verkkoselaimensa asetuksissa ev\u00e4steet ovat sallittuja. Verkkoselaimet sallivat usein oletusarvona ev\u00e4stetiedostojen s\u00e4ilytt\u00e4misen laitteeseen. K\u00e4ytt\u00e4j\u00e4 voi omassa laitteessaan kielt\u00e4\u00e4 tai poistaa ev\u00e4steiden k\u00e4yt\u00f6n muuttamalla oman selaimensa asetuksia. Ellei ev\u00e4steit\u00e4 k\u00e4ytet\u00e4, ei verkkosivu v\u00e4ltt\u00e4m\u00e4tt\u00e4 toimi moitteettomasti. Ohjeet ev\u00e4steiden poistamiseksi ja s\u00e4\u00e4t\u00e4miseksi selaimesta l\u00f6yd\u00e4t esimerkiksi t\u00e4st\u00e4: Chrome, Internet Explorer.<\/p>\n<p>Barem k\u00e4ytt\u00e4\u00e4 k\u00e4ytt\u00e4j\u00e4tilastojen ker\u00e4\u00e4miseksi Google Analyticsin palveluja ker\u00e4\u00e4m\u00e4ll\u00e4 tietoja vierailluista alasivustoista, vierailuajoista, vierailujen m\u00e4\u00e4r\u00e4st\u00e4, k\u00e4ytett\u00e4vist\u00e4 laitteista, sis\u00e4\u00e4ntulov\u00e4ylist\u00e4 ja muista tilastoista.<\/p>\n<p>Google Analytics voi ker\u00e4t\u00e4 tietoja k\u00e4ytt\u00e4jien aktiivisuudesta my\u00f6s ev\u00e4stetiedostoja k\u00e4ytt\u00e4m\u00e4tt\u00e4. Jotta Google Analytics ei voisi k\u00e4ytt\u00e4\u00e4 tietoja, voi k\u00e4ytt\u00e4j\u00e4 asentaa laitteeseensa Google Analyticsin est\u00e4v\u00e4n sovelluksen: Google Analyticsist\u00e4 luopumisen selainlaajennus.<\/p>\n<p>Seuraavien linkkien kautta l\u00f6yd\u00e4t lis\u00e4\u00e4 tietoja Facebookin mainoksista ja Facebook Pixelist\u00e4.<\/p>\nYKSITYISYYSEHTOJEN MUUTTAMINEN<br \/>\nBarem pid\u00e4tt\u00e4\u00e4 itselleen oikeuden muuttaa yksityisyysehtoja yksipuolisesti ilman ennakkoilmoitusta tavoitteena varmistaa niiden lainmukaisuus. Yksityisyysehtojen uusin versio on aina n\u00e4ht\u00e4vill\u00e4 verkkosivuilla.\n<p>Kaikkiin yksityisyysehtoihin ja tietojenk\u00e4sittelyyn liittyvien kysymysten osalta pyyd\u00e4mme ottamaan yhteytt\u00e4 osoitteella info@barem.ee.<\/p>\n","protected":false},"excerpt":{"rendered":"<p>Yksityisyysehdot Voimassa 1.8.2020 alkaen Yksityisyysehdot s\u00e4\u00e4telev\u00e4t henkil\u00f6tietojen ja ev\u00e4steiden k\u00e4sittely\u00e4 Barem O\u00dc:n (j\u00e4ljemp\u00e4n\u00e4 Barem) verkkosivuilla https:\/\/barem.ee (j\u00e4ljemp\u00e4n\u00e4 verkkosivut). K\u00c4SITTEET Henkil\u00f6tietojen k\u00e4sittely k\u00e4sitt\u00e4\u00e4 kaikenlaiset verkkosivujen k\u00e4ytt\u00e4j\u00e4n (j\u00e4ljemp\u00e4n\u00e4 k\u00e4ytt\u00e4j\u00e4) henkil\u00f6tietoihin liittyv\u00e4t toimenpiteet, kuten tietojen ker\u00e4\u00e4minen, k\u00e4sittely, tallentaminen, korjaaminen tai poistaminen. K\u00e4ytt\u00e4ji\u00e4 ovat kaikki henkil\u00f6t, jotka vierailevat verkkosivuilla, k\u00e4ytt\u00e4v\u00e4t palveluita tai luovuttavat Baremille tietoja; lukevat artikkeleita, tilaavat palveluita [&hellip;]<\/p>\n","protected":false},"author":1,"featured_media":0,"parent":0,"menu_order":0,"comment_status":"closed","ping_status":"closed","template":"","meta":{"_acf_changed":false,"site-sidebar-layout":"no-sidebar","site-content-layout":"page-builder","ast-site-content-layout":"default","site-content-style":"default","site-sidebar-style":"default","ast-global-header-display":"","ast-banner-title-visibility":"","ast-main-header-display":"","ast-hfb-above-header-display":"","ast-hfb-below-header-display":"","ast-hfb-mobile-header-display":"","site-post-title":"disabled","ast-breadcrumbs-content":"","ast-featured-img":"disabled","footer-sml-layout":"","theme-transparent-header-meta":"enabled","adv-header-id-meta":"","stick-header-meta":"","header-above-stick-meta":"","header-main-stick-meta":"","header-below-stick-meta":"","astra-migrate-meta-layouts":"default","ast-page-background-enabled":"default","ast-page-background-meta":{"desktop":{"background-color":"var(--ast-global-color-4)","background-image":"","background-repeat":"repeat","background-position":"center center","background-size":"auto","background-attachment":"scroll","background-type":"","background-media":"","overlay-type":"","overlay-color":"","overlay-opacity":"","overlay-gradient":""},"tablet":{"background-color":"","background-image":"","background-repeat":"repeat","background-position":"center center","background-size":"auto","background-attachment":"scroll","background-type":"","background-media":"","overlay-type":"","overlay-color":"","overlay-opacity":"","overlay-gradient":""},"mobile":{"background-color":"","background-image":"","background-repeat":"repeat","background-position":"center center","background-size":"auto","background-attachment":"scroll","background-type":"","background-media":"","overlay-type":"","overlay-color":"","overlay-opacity":"","overlay-gradient":""}},"ast-content-background-meta":{"desktop":{"background-color":"var(--ast-global-color-5)","background-image":"","background-repeat":"repeat","background-position":"center center","background-size":"auto","background-attachment":"scroll","background-type":"","background-media":"","overlay-type":"","overlay-color":"","overlay-opacity":"","overlay-gradient":""},"tablet":{"background-color":"var(--ast-global-color-5)","background-image":"","background-repeat":"repeat","background-position":"center center","background-size":"auto","background-attachment":"scroll","background-type":"","background-media":"","overlay-type":"","overlay-color":"","overlay-opacity":"","overlay-gradient":""},"mobile":{"background-color":"var(--ast-global-color-5)","background-image":"","background-repeat":"repeat","background-position":"center center","background-size":"auto","background-attachment":"scroll","background-type":"","background-media":"","overlay-type":"","overlay-color":"","overlay-opacity":"","overlay-gradient":""}},"footnotes":""},"class_list":["post-10618","page","type-page","status-publish","hentry"],"acf":[],"_links":{"self":[{"href":"https:\/\/barem.ee\/fi\/wp-json\/wp\/v2\/pages\/10618","targetHints":{"allow":["GET"]}}],"collection":[{"href":"https:\/\/barem.ee\/fi\/wp-json\/wp\/v2\/pages"}],"about":[{"href":"https:\/\/barem.ee\/fi\/wp-json\/wp\/v2\/types\/page"}],"author":[{"embeddable":true,"href":"https:\/\/barem.ee\/fi\/wp-json\/wp\/v2\/users\/1"}],"replies":[{"embeddable":true,"href":"https:\/\/barem.ee\/fi\/wp-json\/wp\/v2\/comments?post=10618"}],"version-history":[{"count":3,"href":"https:\/\/barem.ee\/fi\/wp-json\/wp\/v2\/pages\/10618\/revisions"}],"predecessor-version":[{"id":63302,"href":"https:\/\/barem.ee\/fi\/wp-json\/wp\/v2\/pages\/10618\/revisions\/63302"}],"wp:attachment":[{"href":"https:\/\/barem.ee\/fi\/wp-json\/wp\/v2\/media?parent=10618"}],"curies":[{"name":"wp","href":"https:\/\/api.w.org\/{rel}","templated":true}]}}