{"id":148097,"date":"2024-02-14T09:36:04","date_gmt":"2024-02-14T09:36:04","guid":{"rendered":"https:\/\/barem.ee\/spencer\/"},"modified":"2024-03-11T16:08:17","modified_gmt":"2024-03-11T16:08:17","slug":"spencer","status":"publish","type":"page","link":"https:\/\/barem.ee\/fi\/spencer\/","title":{"rendered":"Spencer"},"content":{"rendered":"\n\t<h1>\n\t\t\t\tAbout spencer\n\t\t\t<\/h1>\n\t<h2>\n\t\t\t\tMade for decisive moments\n\t\t\t<\/h2>\n\t\t\t\t<img loading=\"lazy\" decoding=\"async\" src=\"https:\/\/barem.ee\/wp-content\/uploads\/2024\/02\/logo.jpg\" alt=\"logo\" itemprop=\"image\" height=\"300\" width=\"350\" title=\"logo\" onerror=\"this.style.display='none'\"  \/>\n<p>Barem O\u00dc on toiminut vuodesta 2024 l\u00e4htien Spencer Italian virallisena edustajana Baltian maissa ja Suomessa.<\/p>\n<p>Spencer Italia S.r.l on johtava kansainv\u00e4linen hautaustoimistojen laitteiden valmistaja, jolla on vankka maine korkealaatuisesta suunnittelusta ja tuotteiden k\u00e4ytt\u00e4j\u00e4yst\u00e4v\u00e4llisyydest\u00e4.<\/p>\n<p>Spencerin tuotevalikoimaan kuuluu yli 150 ratkaisua ruumishuoneille ja hautaustoimistoille, mukaan lukien arkkunostimet, kuljetusk\u00e4rryt, paarit ruumiin k\u00e4sittelyyn ja kuljetukseen, ty\u00f6- ja pukemisp\u00f6yd\u00e4t sek\u00e4 laaja valikoima hautaustoimistotarvikkeita. Kaikki tuotteet on valmistettu Italiassa.<\/p>\n\t<p>Jo vuodesta 1989 l\u00e4htien Spencer on erottunut kilpailijoistaan \u200b\u200berikoistuotteillaan, jotka on suunniteltu kest\u00e4m\u00e4\u00e4n pitk\u00e4aikaista k\u00e4ytt\u00f6\u00e4, taaten samalla ruumishuoneiden ja hautaustoimistojen turvallisuuden ja v\u00e4hent\u00e4en tapaturmien riski\u00e4.<\/p>\n<p>Markkinoille tuotu mallisto ja niiden laaja k\u00e4ytt\u00f6 yli 160 maassa on todiste Spencer-konseptin kiistattomasta menestyksest\u00e4.<\/p>\n\t\t\t\t<img loading=\"lazy\" decoding=\"async\" src=\"https:\/\/barem.ee\/wp-content\/uploads\/2024\/02\/spender2.jpg\" alt=\"spender2\" itemprop=\"image\" height=\"300\" width=\"350\" title=\"spender2\" onerror=\"this.style.display='none'\"  \/>\n\t<h2>\n\t\t\t\tSpencer-tuotteet\n\t\t\t<\/h2>\n<div class=\"woocommerce columns-4\"><\/div>\n\t<h2>\n\t\t\t\tYhteystiedot\n\t\t\t<\/h2>\n\t<h2>\n\t\t\t\tKirjoita meille viesti\n\t\t\t<\/h2>\n","protected":false},"excerpt":{"rendered":"<p>About spencer Made for decisive moments Barem O\u00dc on toiminut vuodesta 2024 l\u00e4htien Spencer Italian virallisena edustajana Baltian maissa ja Suomessa. Spencer Italia S.r.l on johtava kansainv\u00e4linen hautaustoimistojen laitteiden valmistaja, jolla on vankka maine korkealaatuisesta suunnittelusta ja tuotteiden k\u00e4ytt\u00e4j\u00e4yst\u00e4v\u00e4llisyydest\u00e4. Spencerin tuotevalikoimaan kuuluu yli 150 ratkaisua ruumishuoneille ja hautaustoimistoille, mukaan lukien arkkunostimet, kuljetusk\u00e4rryt, paarit ruumiin k\u00e4sittelyyn [&hellip;]<\/p>\n","protected":false},"author":1,"featured_media":0,"parent":0,"menu_order":0,"comment_status":"closed","ping_status":"closed","template":"","meta":{"_acf_changed":false,"site-sidebar-layout":"no-sidebar","site-content-layout":"page-builder","ast-site-content-layout":"default","site-content-style":"default","site-sidebar-style":"default","ast-global-header-display":"","ast-banner-title-visibility":"","ast-main-header-display":"","ast-hfb-above-header-display":"","ast-hfb-below-header-display":"","ast-hfb-mobile-header-display":"","site-post-title":"disabled","ast-breadcrumbs-content":"","ast-featured-img":"disabled","footer-sml-layout":"","theme-transparent-header-meta":"enabled","adv-header-id-meta":"","stick-header-meta":"","header-above-stick-meta":"","header-main-stick-meta":"","header-below-stick-meta":"","astra-migrate-meta-layouts":"default","ast-page-background-enabled":"default","ast-page-background-meta":{"desktop":{"background-color":"var(--ast-global-color-4)","background-image":"","background-repeat":"repeat","background-position":"center center","background-size":"auto","background-attachment":"scroll","background-type":"","background-media":"","overlay-type":"","overlay-color":"","overlay-opacity":"","overlay-gradient":""},"tablet":{"background-color":"","background-image":"","background-repeat":"repeat","background-position":"center center","background-size":"auto","background-attachment":"scroll","background-type":"","background-media":"","overlay-type":"","overlay-color":"","overlay-opacity":"","overlay-gradient":""},"mobile":{"background-color":"","background-image":"","background-repeat":"repeat","background-position":"center center","background-size":"auto","background-attachment":"scroll","background-type":"","background-media":"","overlay-type":"","overlay-color":"","overlay-opacity":"","overlay-gradient":""}},"ast-content-background-meta":{"desktop":{"background-color":"var(--ast-global-color-5)","background-image":"","background-repeat":"repeat","background-position":"center center","background-size":"auto","background-attachment":"scroll","background-type":"","background-media":"","overlay-type":"","overlay-color":"","overlay-opacity":"","overlay-gradient":""},"tablet":{"background-color":"var(--ast-global-color-5)","background-image":"","background-repeat":"repeat","background-position":"center center","background-size":"auto","background-attachment":"scroll","background-type":"","background-media":"","overlay-type":"","overlay-color":"","overlay-opacity":"","overlay-gradient":""},"mobile":{"background-color":"var(--ast-global-color-5)","background-image":"","background-repeat":"repeat","background-position":"center center","background-size":"auto","background-attachment":"scroll","background-type":"","background-media":"","overlay-type":"","overlay-color":"","overlay-opacity":"","overlay-gradient":""}},"footnotes":""},"class_list":["post-148097","page","type-page","status-publish","hentry"],"acf":[],"_links":{"self":[{"href":"https:\/\/barem.ee\/fi\/wp-json\/wp\/v2\/pages\/148097","targetHints":{"allow":["GET"]}}],"collection":[{"href":"https:\/\/barem.ee\/fi\/wp-json\/wp\/v2\/pages"}],"about":[{"href":"https:\/\/barem.ee\/fi\/wp-json\/wp\/v2\/types\/page"}],"author":[{"embeddable":true,"href":"https:\/\/barem.ee\/fi\/wp-json\/wp\/v2\/users\/1"}],"replies":[{"embeddable":true,"href":"https:\/\/barem.ee\/fi\/wp-json\/wp\/v2\/comments?post=148097"}],"version-history":[{"count":2,"href":"https:\/\/barem.ee\/fi\/wp-json\/wp\/v2\/pages\/148097\/revisions"}],"predecessor-version":[{"id":148346,"href":"https:\/\/barem.ee\/fi\/wp-json\/wp\/v2\/pages\/148097\/revisions\/148346"}],"wp:attachment":[{"href":"https:\/\/barem.ee\/fi\/wp-json\/wp\/v2\/media?parent=148097"}],"curies":[{"name":"wp","href":"https:\/\/api.w.org\/{rel}","templated":true}]}}