{"id":148103,"date":"2024-02-27T16:38:35","date_gmt":"2024-02-27T16:38:35","guid":{"rendered":"https:\/\/barem.ee\/spencer\/warranty-conditions\/"},"modified":"2024-03-11T16:05:47","modified_gmt":"2024-03-11T16:05:47","slug":"takuuehdot","status":"publish","type":"page","link":"https:\/\/barem.ee\/fi\/spencer\/takuuehdot\/","title":{"rendered":"Takuuehdot"},"content":{"rendered":"\n\t<h1>\n\t\t\t\tTakuuehdot\n\t\t\t<\/h1>\n\t<p>Spencer Italia S.r.l. (Valmistaja) antaa tuotteille 12 kuukauden takuun (takuuehdot l\u00f6ytyv\u00e4t my\u00f6s k\u00e4ytt\u00f6ohjeista).<\/p>\n<p>Asiakkaan vastuulla on tarkastaa tuotteet v\u00e4litt\u00f6m\u00e4sti ne vastaanotettuaan. Kaikki tuotteiden m\u00e4\u00e4r\u00e4\u00e4 ja\/tai laatua koskevat reklamaatiot on teht\u00e4v\u00e4 Barem O\u00dc:lle (Myyj\u00e4) kahdeksan p\u00e4iv\u00e4n kuluessa tuotteiden vastaanottamisesta.<\/p>\n<p>Virheist\u00e4 on reklamoitava Myyj\u00e4lle ilmoittamalla tuotteen sarjanumero \u200b\u200bkirjallisesti kahdeksan p\u00e4iv\u00e4n \u2013 viimeist\u00e4\u00e4n 12 (kahdentoista) kuukauden \u2013 kuluessa virheen havaitsemisesta.<\/p>\n<p>Valmistajan virheen ilmetess\u00e4 on Myyj\u00e4ll\u00e4 mahdollisuus (i) vaihtaa tuotteet uuteen tai (ii) palauttaa n\u00e4iden tuotteiden hinta asiakkaalle sen j\u00e4lkeen, kun tuote on palautettu Myyj\u00e4lle, jos Valmistaja on tunnustanut virheen omaksi puutteekseen. Tuotteet voidaan palauttaa Valmistajalle vain Asiakkaan ja Myyj\u00e4n v\u00e4lisell\u00e4 sopimuksella ja Valmistajan ohjeiden mukaisesti. On huomioitava, ett\u00e4: (i) viallisen tuotteen (tai sen osan) palautuksen on oltava Valmistajan etuk\u00e4teen hyv\u00e4ksym\u00e4; (ii) vialliset tuotteet (tai osa niist\u00e4) palautetaan Asiakkaan kustannuksella asianmukaisesti pakattuna alkuper\u00e4ispakkauksessa (takuun voimassaolon olennainen ehto) tarkasti valmistajan antamia ohjeita noudattaen; (iii) Asiakas antaa Myyj\u00e4lle t\u00e4ydelliset tiedot tuotteen (tai sen osan) virheest\u00e4.<\/p>\n<p>Myyj\u00e4 tai Valmistaja ei ole miss\u00e4\u00e4n tapauksessa vastuussa Asiakkaan ja\/tai kolmansien osapuolien tuotteiden ep\u00e4tarkoituksenmukaisesta k\u00e4yt\u00f6st\u00e4 tai k\u00e4yt\u00f6n aikana henkil\u00f6ille tai omaisuudelle aiheutuneista vahingoista. Myyj\u00e4 tai Valmistaja eiv\u00e4t ole miss\u00e4\u00e4n olosuhteissa vastuussa v\u00e4lillisist\u00e4 ja\/tai odottamattomista vahingoista.<\/p>\n<p>Ellei toisin ole sovittu, kaikki tuotteiden korjaukset tulee teet\u00e4tt\u00e4\u00e4 Myyj\u00e4ll\u00e4, joka tarjoaa laadukkaat korjaukset ja k\u00e4ytt\u00e4\u00e4 alkuper\u00e4isi\u00e4 varaosia Valmistajan ohjeiden mukaisesti.<\/p>\n<p>Ellei t\u00e4t\u00e4 huomioida, Valmistaja ja Myyj\u00e4 luopuvat kaikesta vastuusta tuotteen takuuehtojen osalta.<\/p>\nTakuu ei kata kustannuksia, vaurioita tai toimintah\u00e4iri\u00f6it\u00e4, joita ovat aiheuttaneet:<br \/>\n&#8211; tuotteen virheellinen asennus ja k\u00e4ytt\u00f6, joka ei ole tuotteen k\u00e4ytt\u00f6maan teknisten standardien tai turvallisuusm\u00e4\u00e4r\u00e4ysten mukainen<br \/>\n&#8211; laitteiden ep\u00e4tarkoituksenmukainen k\u00e4ytt\u00f6 (k\u00e4ytt\u00f6, joka ei noudata k\u00e4ytt\u00f6ohjeita)<br \/>\n&#8211; korjaukset ja\/tai muutokset, joita Myyj\u00e4 ei ole etuk\u00e4teen nimenomaisesti sallinut<br \/>\n&#8211; kielt\u00e4ytyminen pakkaamasta tuotteita Valmistajan suositusten mukaisesti<br \/>\n&#8211; asiakas ei t\u00e4yt\u00e4 (osittainkaan) maksuehtoja, jolloin takuu on mit\u00e4t\u00f6n.\n<p>Takuu ei kata lis\u00e4varusteita, komponentteja, materiaaleja ja\/tai laitteita, jotka eiv\u00e4t ole Valmistajan valmistamia.<\/p>\n<p>Asiakkaan on maksettava kaikki kustannukset ja riskit, jotka liittyv\u00e4t tuotteiden kuljetukseen Valmistajalle tai Valmistajan valtuuttamaan huoltokeskukseen.<\/p>\nEllei toisin mainita, on asiakkaan noudatettava tarvittavan turvallisuuden takaavia Teknisi\u00e4 kuvauksia.<br \/>\nAsiakkaan tulee varmistaa tuotteen sopivuus etuk\u00e4teen tarkastamalla mitat ja kaikki muut t\u00e4rke\u00e4t tiedot.<br \/>\nHinnaston sis\u00e4lt\u00e4mien tuotteiden tekniset tiedot voivat muuttua.\n","protected":false},"excerpt":{"rendered":"<p>Takuuehdot Spencer Italia S.r.l. (Valmistaja) antaa tuotteille 12 kuukauden takuun (takuuehdot l\u00f6ytyv\u00e4t my\u00f6s k\u00e4ytt\u00f6ohjeista). Asiakkaan vastuulla on tarkastaa tuotteet v\u00e4litt\u00f6m\u00e4sti ne vastaanotettuaan. Kaikki tuotteiden m\u00e4\u00e4r\u00e4\u00e4 ja\/tai laatua koskevat reklamaatiot on teht\u00e4v\u00e4 Barem O\u00dc:lle (Myyj\u00e4) kahdeksan p\u00e4iv\u00e4n kuluessa tuotteiden vastaanottamisesta. Virheist\u00e4 on reklamoitava Myyj\u00e4lle ilmoittamalla tuotteen sarjanumero \u200b\u200bkirjallisesti kahdeksan p\u00e4iv\u00e4n \u2013 viimeist\u00e4\u00e4n 12 (kahdentoista) kuukauden \u2013 [&hellip;]<\/p>\n","protected":false},"author":1,"featured_media":0,"parent":148097,"menu_order":0,"comment_status":"closed","ping_status":"closed","template":"","meta":{"_acf_changed":false,"site-sidebar-layout":"no-sidebar","site-content-layout":"page-builder","ast-site-content-layout":"default","site-content-style":"default","site-sidebar-style":"default","ast-global-header-display":"","ast-banner-title-visibility":"","ast-main-header-display":"","ast-hfb-above-header-display":"","ast-hfb-below-header-display":"","ast-hfb-mobile-header-display":"","site-post-title":"disabled","ast-breadcrumbs-content":"","ast-featured-img":"disabled","footer-sml-layout":"","theme-transparent-header-meta":"enabled","adv-header-id-meta":"","stick-header-meta":"","header-above-stick-meta":"","header-main-stick-meta":"","header-below-stick-meta":"","astra-migrate-meta-layouts":"default","ast-page-background-enabled":"default","ast-page-background-meta":{"desktop":{"background-color":"var(--ast-global-color-4)","background-image":"","background-repeat":"repeat","background-position":"center center","background-size":"auto","background-attachment":"scroll","background-type":"","background-media":"","overlay-type":"","overlay-color":"","overlay-opacity":"","overlay-gradient":""},"tablet":{"background-color":"","background-image":"","background-repeat":"repeat","background-position":"center center","background-size":"auto","background-attachment":"scroll","background-type":"","background-media":"","overlay-type":"","overlay-color":"","overlay-opacity":"","overlay-gradient":""},"mobile":{"background-color":"","background-image":"","background-repeat":"repeat","background-position":"center center","background-size":"auto","background-attachment":"scroll","background-type":"","background-media":"","overlay-type":"","overlay-color":"","overlay-opacity":"","overlay-gradient":""}},"ast-content-background-meta":{"desktop":{"background-color":"var(--ast-global-color-5)","background-image":"","background-repeat":"repeat","background-position":"center center","background-size":"auto","background-attachment":"scroll","background-type":"","background-media":"","overlay-type":"","overlay-color":"","overlay-opacity":"","overlay-gradient":""},"tablet":{"background-color":"var(--ast-global-color-5)","background-image":"","background-repeat":"repeat","background-position":"center center","background-size":"auto","background-attachment":"scroll","background-type":"","background-media":"","overlay-type":"","overlay-color":"","overlay-opacity":"","overlay-gradient":""},"mobile":{"background-color":"var(--ast-global-color-5)","background-image":"","background-repeat":"repeat","background-position":"center center","background-size":"auto","background-attachment":"scroll","background-type":"","background-media":"","overlay-type":"","overlay-color":"","overlay-opacity":"","overlay-gradient":""}},"footnotes":""},"class_list":["post-148103","page","type-page","status-publish","hentry"],"acf":[],"_links":{"self":[{"href":"https:\/\/barem.ee\/fi\/wp-json\/wp\/v2\/pages\/148103","targetHints":{"allow":["GET"]}}],"collection":[{"href":"https:\/\/barem.ee\/fi\/wp-json\/wp\/v2\/pages"}],"about":[{"href":"https:\/\/barem.ee\/fi\/wp-json\/wp\/v2\/types\/page"}],"author":[{"embeddable":true,"href":"https:\/\/barem.ee\/fi\/wp-json\/wp\/v2\/users\/1"}],"replies":[{"embeddable":true,"href":"https:\/\/barem.ee\/fi\/wp-json\/wp\/v2\/comments?post=148103"}],"version-history":[{"count":2,"href":"https:\/\/barem.ee\/fi\/wp-json\/wp\/v2\/pages\/148103\/revisions"}],"predecessor-version":[{"id":148345,"href":"https:\/\/barem.ee\/fi\/wp-json\/wp\/v2\/pages\/148103\/revisions\/148345"}],"up":[{"embeddable":true,"href":"https:\/\/barem.ee\/fi\/wp-json\/wp\/v2\/pages\/148097"}],"wp:attachment":[{"href":"https:\/\/barem.ee\/fi\/wp-json\/wp\/v2\/media?parent=148103"}],"curies":[{"name":"wp","href":"https:\/\/api.w.org\/{rel}","templated":true}]}}