{"id":170121,"date":"2025-10-01T09:35:03","date_gmt":"2025-10-01T09:35:03","guid":{"rendered":"https:\/\/barem.ee\/product\/surnukott-stx-709-stx709\/"},"modified":"2026-04-26T10:00:05","modified_gmt":"2026-04-26T10:00:05","slug":"surnukott-stx-709-stx709","status":"publish","type":"product","link":"https:\/\/barem.ee\/fi\/product\/surnukott-stx-709-stx709\/?lang=fi","title":{"rendered":"Ruumispussi STX 709 STX709"},"content":{"rendered":"","protected":false},"excerpt":{"rendered":"<p>SININE SURNUKOTT<\/p>\n<p>STX 709 on surnukott mis on valmistatud k\u00f5rgtehnoloogia j\u00e4rgi ja kvaliteetsete materjalide segust ning on seet\u00f5ttu suurep\u00e4rase funktsionaalsusega. Kotil on kandev\u00f5ime 120 kg ja t\u00e4ispikkuses t\u00f5mblukk mis teeb surnukeha kandmise h\u00f5lpsamaks.<\/p>\n<p>KANDEV\u00d5IME: 120kg<br \/>KAAL: 80g\/m2<br \/>LIHTNE HOIUSTADA<\/p>\n<ul>\n<li>Pikkus: 210 mm<\/li>\n<li>Laius: 104 mm<\/li>\n<li>K\u00e4epidemete arv: 6<\/li>\n<li>M\u00f5\u00f5tmed transpordiks: 220 x 180 mm<\/li>\n<li>Materjal: TNT<\/li>\n<li>Kandev\u00f5ime: 120 kg<\/li>\n<li>Kaal: 80g\/m2<\/li>\n<\/ul>\n<p>ST00708 STX 708<\/p>\n<ul>\n<li>Pikkus: 203 mm<\/li>\n<li>Laius: 104 mm<\/li>\n<li>K\u00e4epidemete arv: 6<\/li>\n<li>M\u00f5\u00f5tmed transpordiks: 220 x 180 mm<\/li>\n<li>Materjal: TNT<\/li>\n<li>Kandev\u00f5ime: 120 kg<\/li>\n<li>Kaal: 80g\/m2<\/li>\n<\/ul>\n<p>ST00709 STX 709<\/p>\n<p><strong>Link to Manual:<\/strong> http:\/\/support.spencer.it\/manuals_n.php?lang=eng<\/p>\n","protected":false},"featured_media":169171,"template":"","meta":{"_acf_changed":false,"site-sidebar-layout":"default","site-content-layout":"","ast-site-content-layout":"default","site-content-style":"default","site-sidebar-style":"default","ast-global-header-display":"","ast-banner-title-visibility":"","ast-main-header-display":"","ast-hfb-above-header-display":"","ast-hfb-below-header-display":"","ast-hfb-mobile-header-display":"","site-post-title":"","ast-breadcrumbs-content":"","ast-featured-img":"","footer-sml-layout":"","theme-transparent-header-meta":"default","adv-header-id-meta":"","stick-header-meta":"","header-above-stick-meta":"","header-main-stick-meta":"","header-below-stick-meta":"","astra-migrate-meta-layouts":"set","ast-page-background-enabled":"default","ast-page-background-meta":{"desktop":{"background-color":"var(--ast-global-color-4)","background-image":"","background-repeat":"repeat","background-position":"center center","background-size":"auto","background-attachment":"scroll","background-type":"","background-media":"","overlay-type":"","overlay-color":"","overlay-opacity":"","overlay-gradient":""},"tablet":{"background-color":"","background-image":"","background-repeat":"repeat","background-position":"center center","background-size":"auto","background-attachment":"scroll","background-type":"","background-media":"","overlay-type":"","overlay-color":"","overlay-opacity":"","overlay-gradient":""},"mobile":{"background-color":"","background-image":"","background-repeat":"repeat","background-position":"center center","background-size":"auto","background-attachment":"scroll","background-type":"","background-media":"","overlay-type":"","overlay-color":"","overlay-opacity":"","overlay-gradient":""}},"ast-content-background-meta":{"desktop":{"background-color":"var(--ast-global-color-5)","background-image":"","background-repeat":"repeat","background-position":"center center","background-size":"auto","background-attachment":"scroll","background-type":"","background-media":"","overlay-type":"","overlay-color":"","overlay-opacity":"","overlay-gradient":""},"tablet":{"background-color":"var(--ast-global-color-5)","background-image":"","background-repeat":"repeat","background-position":"center center","background-size":"auto","background-attachment":"scroll","background-type":"","background-media":"","overlay-type":"","overlay-color":"","overlay-opacity":"","overlay-gradient":""},"mobile":{"background-color":"var(--ast-global-color-5)","background-image":"","background-repeat":"repeat","background-position":"center center","background-size":"auto","background-attachment":"scroll","background-type":"","background-media":"","overlay-type":"","overlay-color":"","overlay-opacity":"","overlay-gradient":""}}},"product_brand":[],"product_cat":[1828,1826,1652],"product_tag":[],"class_list":{"0":"post-170121","1":"product","2":"type-product","3":"status-publish","4":"has-post-thumbnail","6":"product_cat-laibakotid","7":"product_cat-matusetarbed","8":"product_cat-spencer","9":"desktop-align-left","10":"tablet-align-left","11":"mobile-align-left","12":"ast-product-gallery-layout-horizontal-slider","13":"ast-product-gallery-with-no-image","14":"ast-magnify-disabled","16":"first","17":"instock","18":"shipping-taxable","19":"product-type-simple"},"acf":[],"_links":{"self":[{"href":"https:\/\/barem.ee\/fi\/wp-json\/wp\/v2\/product\/170121","targetHints":{"allow":["GET"]}}],"collection":[{"href":"https:\/\/barem.ee\/fi\/wp-json\/wp\/v2\/product"}],"about":[{"href":"https:\/\/barem.ee\/fi\/wp-json\/wp\/v2\/types\/product"}],"wp:featuredmedia":[{"embeddable":true,"href":"https:\/\/barem.ee\/fi\/wp-json\/wp\/v2\/media\/169171"}],"wp:attachment":[{"href":"https:\/\/barem.ee\/fi\/wp-json\/wp\/v2\/media?parent=170121"}],"wp:term":[{"taxonomy":"product_brand","embeddable":true,"href":"https:\/\/barem.ee\/fi\/wp-json\/wp\/v2\/product_brand?post=170121"},{"taxonomy":"product_cat","embeddable":true,"href":"https:\/\/barem.ee\/fi\/wp-json\/wp\/v2\/product_cat?post=170121"},{"taxonomy":"product_tag","embeddable":true,"href":"https:\/\/barem.ee\/fi\/wp-json\/wp\/v2\/product_tag?post=170121"}],"curies":[{"name":"wp","href":"https:\/\/api.w.org\/{rel}","templated":true}]}}