{"id":170195,"date":"2025-10-01T09:35:07","date_gmt":"2025-10-01T09:35:07","guid":{"rendered":"https:\/\/barem.ee\/product\/spencer-z-crossover-zs00875b\/"},"modified":"2026-04-07T10:00:05","modified_gmt":"2026-04-07T10:00:05","slug":"spencer-z-crossover-zs00875b","status":"publish","type":"product","link":"https:\/\/barem.ee\/fi\/product\/spencer-z-crossover-zs00875b\/?lang=fi","title":{"rendered":"Spencer Z Crossover ZS00875B"},"content":{"rendered":"","protected":false},"excerpt":{"rendered":"<p>SUURE KANDEV\u00d5IMEGA ISELAADIV MITMETASANDILINE TEISALDUSRAAM<\/p>\n<p>Z Crossover on suure kandev\u00f5imega iselaadiv mitmetasandiline kanderaam, millel on suured p\u00f6\u00f6rlevad rattad, intuitiivne piduris\u00fcsteem ja laadimisk\u00f5rguse reguleerimise v\u00f5imalus mis teevad sellest tootest saadaolevate hulgas \u00fche k\u00f5ige t\u00e4iuslikuma ja man\u00f6\u00f6verdamisv\u00f5imelisema kanderaami. Selle alus on roostevabast terasest ja veekindel ning kaldp\u00f5hjaga mis h\u00f5lbustab vedelike v\u00e4ljavoolu.<\/p>\n<p>KANDEV\u00d5IME: 259kg<br \/>REGULEERITAVAD K\u00d5RGUSED: 2<br \/>V\u00c4\u00c4NDES\u00dcSTEEM<\/p>\n<ul>\n<li>Pikkus: 1970 mm<\/li>\n<li>Laius: 560 mm<\/li>\n<li>Vanni \u00fclaserva keskmine k\u00f5rgus: 20 mm<\/li>\n<li>Keskmine alusep\u00f5hja k\u00f5rgus langetatud raamiga: 270 mm<\/li>\n<li>Raami minimaalne k\u00f5rgus: 580 mm<\/li>\n<li>Raami maksimaalne k\u00f5rgus: 670 mm\n<ul>\n<li>P\u00f6\u00f6ratavad rattad: 4<\/li>\n<li>Kaal: 41 kg<\/li>\n<li>Materjal: Al, Teras, PE, Nailon<\/li>\n<li>Kandev\u00f5ime: 259 kg<\/li>\n<\/ul>\n<\/li>\n<\/ul>\n<p>ZS00891 Crossover vanniga<\/p>\n<ul>\n<li>Pikkus: 1970 mm<\/li>\n<li>Laius: 560 mm<\/li>\n<li>Vanni \u00fclaserva keskmine k\u00f5rgus: 20 mm<\/li>\n<li>Keskmine alusep\u00f5hja k\u00f5rgus langetatud raamiga: 270 mm<\/li>\n<li>Raami minimaalne k\u00f5rgus: 470 mm<\/li>\n<li>Raami maksimaalne k\u00f5rgus: 550 mm<\/li>\n<li>Rattad: \u00d8 200 mm<\/li>\n<li>P\u00f6\u00f6rlevad rattad: 4<\/li>\n<li>Kaal: 41 kg<\/li>\n<li>Materjal: Al, Teras, PE, Nailon<\/li>\n<li>Kandev\u00f5ime: 259 kg<\/li>\n<\/ul>\n<p>ZS00892 Crossover vanniga<\/p>\n<ul>\n<li>Pikkus: 1980 mm<\/li>\n<li>Laius: 580 mm<\/li>\n<li>Raami minimaalne k\u00f5rgus: 470 mm<\/li>\n<li>Raami maksimaalne k\u00f5rgus: 550 mm<\/li>\n<li>Pidurid: 4<\/li>\n<li>Rattad: \u00d8 200 mm<\/li>\n<li>P\u00f6\u00f6rlevad rattad: 4<\/li>\n<li>Kaal: 41 kg<\/li>\n<li>Materjal: Al, Teras, PE, Nailon<\/li>\n<li>Kandev\u00f5ime: 259 kg<\/li>\n<\/ul>\n<p>ZS00895 Crossover<\/p>\n<ul>\n<li>Pikkus: 1970 mm<\/li>\n<li>Laius: 560 mm<\/li>\n<li>Raami minimaalne k\u00f5rgus: 580 mm<\/li>\n<li>Raami maksimaalne k\u00f5rgus: 670 mm<\/li>\n<li>Pidurid: 4<\/li>\n<li>Rattad: \u00d8 200 mm<\/li>\n<li>P\u00f6\u00f6rlevad rattad: 4<\/li>\n<li>Kaal: 41 kg<\/li>\n<li>Materjal: Al, Teras, PE, Nailon<\/li>\n<li>Kandev\u00f5ime: 250 kg<\/li>\n<\/ul>\n<p>ZS00894 Crossover<\/p>\n<p><strong>Link to Manual:<\/strong> http:\/\/support.spencer.it\/manuals_n.php?lang=eng<\/p>\n","protected":false},"featured_media":167084,"template":"","meta":{"_acf_changed":false,"site-sidebar-layout":"default","site-content-layout":"","ast-site-content-layout":"default","site-content-style":"default","site-sidebar-style":"default","ast-global-header-display":"","ast-banner-title-visibility":"","ast-main-header-display":"","ast-hfb-above-header-display":"","ast-hfb-below-header-display":"","ast-hfb-mobile-header-display":"","site-post-title":"","ast-breadcrumbs-content":"","ast-featured-img":"","footer-sml-layout":"","theme-transparent-header-meta":"default","adv-header-id-meta":"","stick-header-meta":"","header-above-stick-meta":"","header-main-stick-meta":"","header-below-stick-meta":"","astra-migrate-meta-layouts":"set","ast-page-background-enabled":"default","ast-page-background-meta":{"desktop":{"background-color":"var(--ast-global-color-4)","background-image":"","background-repeat":"repeat","background-position":"center center","background-size":"auto","background-attachment":"scroll","background-type":"","background-media":"","overlay-type":"","overlay-color":"","overlay-opacity":"","overlay-gradient":""},"tablet":{"background-color":"","background-image":"","background-repeat":"repeat","background-position":"center center","background-size":"auto","background-attachment":"scroll","background-type":"","background-media":"","overlay-type":"","overlay-color":"","overlay-opacity":"","overlay-gradient":""},"mobile":{"background-color":"","background-image":"","background-repeat":"repeat","background-position":"center center","background-size":"auto","background-attachment":"scroll","background-type":"","background-media":"","overlay-type":"","overlay-color":"","overlay-opacity":"","overlay-gradient":""}},"ast-content-background-meta":{"desktop":{"background-color":"var(--ast-global-color-5)","background-image":"","background-repeat":"repeat","background-position":"center center","background-size":"auto","background-attachment":"scroll","background-type":"","background-media":"","overlay-type":"","overlay-color":"","overlay-opacity":"","overlay-gradient":""},"tablet":{"background-color":"var(--ast-global-color-5)","background-image":"","background-repeat":"repeat","background-position":"center center","background-size":"auto","background-attachment":"scroll","background-type":"","background-media":"","overlay-type":"","overlay-color":"","overlay-opacity":"","overlay-gradient":""},"mobile":{"background-color":"var(--ast-global-color-5)","background-image":"","background-repeat":"repeat","background-position":"center center","background-size":"auto","background-attachment":"scroll","background-type":"","background-media":"","overlay-type":"","overlay-color":"","overlay-opacity":"","overlay-gradient":""}}},"product_brand":[],"product_cat":[1831,1826,1652],"product_tag":[],"class_list":{"0":"post-170195","1":"product","2":"type-product","3":"status-publish","4":"has-post-thumbnail","6":"product_cat-kanderaamid","7":"product_cat-matusetarbed","8":"product_cat-spencer","9":"desktop-align-left","10":"tablet-align-left","11":"mobile-align-left","12":"ast-product-gallery-layout-horizontal-slider","13":"ast-product-gallery-with-no-image","14":"ast-magnify-disabled","16":"first","17":"instock","18":"shipping-taxable","19":"product-type-simple"},"acf":[],"_links":{"self":[{"href":"https:\/\/barem.ee\/fi\/wp-json\/wp\/v2\/product\/170195","targetHints":{"allow":["GET"]}}],"collection":[{"href":"https:\/\/barem.ee\/fi\/wp-json\/wp\/v2\/product"}],"about":[{"href":"https:\/\/barem.ee\/fi\/wp-json\/wp\/v2\/types\/product"}],"wp:featuredmedia":[{"embeddable":true,"href":"https:\/\/barem.ee\/fi\/wp-json\/wp\/v2\/media\/167084"}],"wp:attachment":[{"href":"https:\/\/barem.ee\/fi\/wp-json\/wp\/v2\/media?parent=170195"}],"wp:term":[{"taxonomy":"product_brand","embeddable":true,"href":"https:\/\/barem.ee\/fi\/wp-json\/wp\/v2\/product_brand?post=170195"},{"taxonomy":"product_cat","embeddable":true,"href":"https:\/\/barem.ee\/fi\/wp-json\/wp\/v2\/product_cat?post=170195"},{"taxonomy":"product_tag","embeddable":true,"href":"https:\/\/barem.ee\/fi\/wp-json\/wp\/v2\/product_tag?post=170195"}],"curies":[{"name":"wp","href":"https:\/\/api.w.org\/{rel}","templated":true}]}}