{"id":170268,"date":"2025-10-01T09:35:10","date_gmt":"2025-10-01T09:35:10","guid":{"rendered":"https:\/\/barem.ee\/product\/spencer-z511f-kirstuvanker-z511f\/"},"modified":"2026-04-26T14:00:05","modified_gmt":"2026-04-26T14:00:05","slug":"spencer-z511f-kirstuvanker-z511f","status":"publish","type":"product","link":"https:\/\/barem.ee\/fi\/product\/spencer-z511f-kirstuvanker-z511f\/?lang=fi","title":{"rendered":"Spencer Z511F siirtovaunu Z511F"},"content":{"rendered":"","protected":false},"excerpt":{"rendered":"<p>180\u00b0 P\u00d6\u00d6RATAVATE K\u00c4EPIDEMETEGA RAAM<\/p>\n<p>Spencer Z511F on kokkupandav surnukuurik\u00e4ru mis on m\u00f5eldud kirstude toetamiseks ja transportimiseks. Tugeva struktuuriga, Z511F k\u00e4ru on valmistatud tugevast ja kergest alumiiniumist. K\u00e4epidemed 180\u00b0 p\u00f6\u00f6rlemisega, ainulaadne funktsioon mis v\u00f5imaldab operaatoritel transportida k\u00e4ru koos koormaga eestpoolt, suurendades mitmek\u00fclgsust. Suure l\u00e4bim\u00f5\u00f5duga rattad muudavad k\u00e4sitsemise lihtsamaks ja k\u00e4ru saab transportida \u00fcks operaator. Z511F-il on kaks pidurit mis on paigutatud vastassuunalistele ratastele, et suurendada ohutust kasutamise ajal. Sellel on disain, mis v\u00f5imaldab kiiret ning lihtsat avamist ja sulgemist.<\/p>\n<p>KANDEV\u00d5IME: 280kg<br \/>SEADME KAAL: 19kg<br \/>LIHTNE HOIUSTADA<\/p>\n<ul>\n<li>Pikkus avatuna: 1660 mm<\/li>\n<li>Pikkus pikisuunas avatud k\u00e4epidemetega 2250 mm<\/li>\n<li>Laius v\u00e4ljat\u00f5mmatud k\u00e4epidemetega: 1145 mm<\/li>\n<li>Laius sissel\u00fckatud k\u00e4epidemetega: 550 mm<\/li>\n<li>K\u00f5rgus: 670 mm<\/li>\n<li>Rattad: \u00d8 200 mm<\/li>\n<li>Pidurid: 2<\/li>\n<li>Kaal: 19 kg<\/li>\n<li>Materjal: Al, roostevaba teras, nailon, teflon<\/li>\n<li>Kandev\u00f5ime: 280 kg<\/li>\n<li>V\u00e4rv: hall, pronks, must<\/li>\n<\/ul>\n<p><strong>Link to Manual:<\/strong> http:\/\/support.spencer.it\/manuals_n.php?lang=eng<\/p>\n","protected":false},"featured_media":167206,"template":"","meta":{"_acf_changed":false,"site-sidebar-layout":"default","site-content-layout":"","ast-site-content-layout":"default","site-content-style":"default","site-sidebar-style":"default","ast-global-header-display":"","ast-banner-title-visibility":"","ast-main-header-display":"","ast-hfb-above-header-display":"","ast-hfb-below-header-display":"","ast-hfb-mobile-header-display":"","site-post-title":"","ast-breadcrumbs-content":"","ast-featured-img":"","footer-sml-layout":"","theme-transparent-header-meta":"default","adv-header-id-meta":"","stick-header-meta":"","header-above-stick-meta":"","header-main-stick-meta":"","header-below-stick-meta":"","astra-migrate-meta-layouts":"set","ast-page-background-enabled":"default","ast-page-background-meta":{"desktop":{"background-color":"var(--ast-global-color-4)","background-image":"","background-repeat":"repeat","background-position":"center center","background-size":"auto","background-attachment":"scroll","background-type":"","background-media":"","overlay-type":"","overlay-color":"","overlay-opacity":"","overlay-gradient":""},"tablet":{"background-color":"","background-image":"","background-repeat":"repeat","background-position":"center center","background-size":"auto","background-attachment":"scroll","background-type":"","background-media":"","overlay-type":"","overlay-color":"","overlay-opacity":"","overlay-gradient":""},"mobile":{"background-color":"","background-image":"","background-repeat":"repeat","background-position":"center center","background-size":"auto","background-attachment":"scroll","background-type":"","background-media":"","overlay-type":"","overlay-color":"","overlay-opacity":"","overlay-gradient":""}},"ast-content-background-meta":{"desktop":{"background-color":"var(--ast-global-color-5)","background-image":"","background-repeat":"repeat","background-position":"center center","background-size":"auto","background-attachment":"scroll","background-type":"","background-media":"","overlay-type":"","overlay-color":"","overlay-opacity":"","overlay-gradient":""},"tablet":{"background-color":"var(--ast-global-color-5)","background-image":"","background-repeat":"repeat","background-position":"center center","background-size":"auto","background-attachment":"scroll","background-type":"","background-media":"","overlay-type":"","overlay-color":"","overlay-opacity":"","overlay-gradient":""},"mobile":{"background-color":"var(--ast-global-color-5)","background-image":"","background-repeat":"repeat","background-position":"center center","background-size":"auto","background-attachment":"scroll","background-type":"","background-media":"","overlay-type":"","overlay-color":"","overlay-opacity":"","overlay-gradient":""}}},"product_brand":[],"product_cat":[1833,1826,1652],"product_tag":[],"class_list":{"0":"post-170268","1":"product","2":"type-product","3":"status-publish","4":"has-post-thumbnail","6":"product_cat-kirstukarud","7":"product_cat-matusetarbed","8":"product_cat-spencer","9":"desktop-align-left","10":"tablet-align-left","11":"mobile-align-left","12":"ast-product-gallery-layout-horizontal-slider","13":"ast-magnify-disabled","15":"first","16":"instock","17":"shipping-taxable","18":"product-type-simple"},"acf":[],"_links":{"self":[{"href":"https:\/\/barem.ee\/fi\/wp-json\/wp\/v2\/product\/170268","targetHints":{"allow":["GET"]}}],"collection":[{"href":"https:\/\/barem.ee\/fi\/wp-json\/wp\/v2\/product"}],"about":[{"href":"https:\/\/barem.ee\/fi\/wp-json\/wp\/v2\/types\/product"}],"wp:featuredmedia":[{"embeddable":true,"href":"https:\/\/barem.ee\/fi\/wp-json\/wp\/v2\/media\/167206"}],"wp:attachment":[{"href":"https:\/\/barem.ee\/fi\/wp-json\/wp\/v2\/media?parent=170268"}],"wp:term":[{"taxonomy":"product_brand","embeddable":true,"href":"https:\/\/barem.ee\/fi\/wp-json\/wp\/v2\/product_brand?post=170268"},{"taxonomy":"product_cat","embeddable":true,"href":"https:\/\/barem.ee\/fi\/wp-json\/wp\/v2\/product_cat?post=170268"},{"taxonomy":"product_tag","embeddable":true,"href":"https:\/\/barem.ee\/fi\/wp-json\/wp\/v2\/product_tag?post=170268"}],"curies":[{"name":"wp","href":"https:\/\/api.w.org\/{rel}","templated":true}]}}