{"id":170269,"date":"2025-10-01T09:35:10","date_gmt":"2025-10-01T09:35:10","guid":{"rendered":"https:\/\/barem.ee\/product\/spencer-sormuseloikur-gd02020\/"},"modified":"2026-04-07T10:00:02","modified_gmt":"2026-04-07T10:00:02","slug":"spencer-sormuseloikur-gd02020","status":"publish","type":"product","link":"https:\/\/barem.ee\/fi\/product\/spencer-sormuseloikur-gd02020\/?lang=fi","title":{"rendered":"Spencer Sormuseleikkuri GD02020"},"content":{"rendered":"","protected":false},"excerpt":{"rendered":"<p>ROOSTEVABAST TERASEST S\u00d5RMUSEL\u00d5IKUR<\/p>\n<p>Valmistatud roostevabast terasest, parema haarde jaoks spetsiaalselt vormitud k\u00e4epidemetega. Tagumistel osadel on ni\u0161\u0161 roostevabast terasest vahetatava tera hoidmiseks, mis sobib s\u00f5rmuste l\u00f5ikamiseks isegi siis, kui need on eriti vastupidavatest sulamitest. \u00d6konoomne ja professionaalne s\u00fcsteem s\u00f5rmuste eemaldamiseks.<\/p>\n<ul>\n<li>Pikkus: 165 mm<\/li>\n<li>Tera l\u00e4bim\u00f5\u00f5t: 20,5 mm<\/li>\n<li>Kaal: 91 g<\/li>\n<li>K\u00e4epideme pikkus: 100 mm<\/li>\n<li>Struktuuri materjal: Kroomitud messing<\/li>\n<li>Tera materjal: Teras<\/li>\n<li>L\u00f5ikamise suund: P\u00e4rip\u00e4eva<\/li>\n<li>L\u00f5iketsooni laius: 17 mm<\/li>\n<\/ul>\n","protected":false},"featured_media":167214,"template":"","meta":{"_acf_changed":false,"site-sidebar-layout":"default","site-content-layout":"","ast-site-content-layout":"default","site-content-style":"default","site-sidebar-style":"default","ast-global-header-display":"","ast-banner-title-visibility":"","ast-main-header-display":"","ast-hfb-above-header-display":"","ast-hfb-below-header-display":"","ast-hfb-mobile-header-display":"","site-post-title":"","ast-breadcrumbs-content":"","ast-featured-img":"","footer-sml-layout":"","theme-transparent-header-meta":"default","adv-header-id-meta":"","stick-header-meta":"","header-above-stick-meta":"","header-main-stick-meta":"","header-below-stick-meta":"","astra-migrate-meta-layouts":"set","ast-page-background-enabled":"default","ast-page-background-meta":{"desktop":{"background-color":"var(--ast-global-color-4)","background-image":"","background-repeat":"repeat","background-position":"center center","background-size":"auto","background-attachment":"scroll","background-type":"","background-media":"","overlay-type":"","overlay-color":"","overlay-opacity":"","overlay-gradient":""},"tablet":{"background-color":"","background-image":"","background-repeat":"repeat","background-position":"center center","background-size":"auto","background-attachment":"scroll","background-type":"","background-media":"","overlay-type":"","overlay-color":"","overlay-opacity":"","overlay-gradient":""},"mobile":{"background-color":"","background-image":"","background-repeat":"repeat","background-position":"center center","background-size":"auto","background-attachment":"scroll","background-type":"","background-media":"","overlay-type":"","overlay-color":"","overlay-opacity":"","overlay-gradient":""}},"ast-content-background-meta":{"desktop":{"background-color":"var(--ast-global-color-5)","background-image":"","background-repeat":"repeat","background-position":"center center","background-size":"auto","background-attachment":"scroll","background-type":"","background-media":"","overlay-type":"","overlay-color":"","overlay-opacity":"","overlay-gradient":""},"tablet":{"background-color":"var(--ast-global-color-5)","background-image":"","background-repeat":"repeat","background-position":"center center","background-size":"auto","background-attachment":"scroll","background-type":"","background-media":"","overlay-type":"","overlay-color":"","overlay-opacity":"","overlay-gradient":""},"mobile":{"background-color":"var(--ast-global-color-5)","background-image":"","background-repeat":"repeat","background-position":"center center","background-size":"auto","background-attachment":"scroll","background-type":"","background-media":"","overlay-type":"","overlay-color":"","overlay-opacity":"","overlay-gradient":""}}},"product_brand":[],"product_cat":[1826,1834,1652],"product_tag":[],"class_list":{"0":"post-170269","1":"product","2":"type-product","3":"status-publish","4":"has-post-thumbnail","6":"product_cat-matusetarbed","7":"product_cat-muud","8":"product_cat-spencer","9":"desktop-align-left","10":"tablet-align-left","11":"mobile-align-left","12":"ast-product-gallery-layout-horizontal-slider","13":"ast-product-gallery-with-no-image","14":"ast-magnify-disabled","16":"first","17":"instock","18":"shipping-taxable","19":"product-type-simple"},"acf":[],"_links":{"self":[{"href":"https:\/\/barem.ee\/fi\/wp-json\/wp\/v2\/product\/170269","targetHints":{"allow":["GET"]}}],"collection":[{"href":"https:\/\/barem.ee\/fi\/wp-json\/wp\/v2\/product"}],"about":[{"href":"https:\/\/barem.ee\/fi\/wp-json\/wp\/v2\/types\/product"}],"wp:featuredmedia":[{"embeddable":true,"href":"https:\/\/barem.ee\/fi\/wp-json\/wp\/v2\/media\/167214"}],"wp:attachment":[{"href":"https:\/\/barem.ee\/fi\/wp-json\/wp\/v2\/media?parent=170269"}],"wp:term":[{"taxonomy":"product_brand","embeddable":true,"href":"https:\/\/barem.ee\/fi\/wp-json\/wp\/v2\/product_brand?post=170269"},{"taxonomy":"product_cat","embeddable":true,"href":"https:\/\/barem.ee\/fi\/wp-json\/wp\/v2\/product_cat?post=170269"},{"taxonomy":"product_tag","embeddable":true,"href":"https:\/\/barem.ee\/fi\/wp-json\/wp\/v2\/product_tag?post=170269"}],"curies":[{"name":"wp","href":"https:\/\/api.w.org\/{rel}","templated":true}]}}