{"id":170326,"date":"2025-10-01T09:35:14","date_gmt":"2025-10-01T09:35:14","guid":{"rendered":"https:\/\/barem.ee\/product\/iselaadiv-raam-surmukehade-transpordiks-z7000\/"},"modified":"2026-04-26T10:00:05","modified_gmt":"2026-04-26T10:00:05","slug":"iselaadiv-raam-surmukehade-transpordiks-z7000","status":"publish","type":"product","link":"https:\/\/barem.ee\/fi\/product\/iselaadiv-raam-surmukehade-transpordiks-z7000\/?lang=fi","title":{"rendered":"Kokoon menev\u00e4t paarit ruumiin siirt\u00e4miseen Z7000"},"content":{"rendered":"","protected":false},"excerpt":{"rendered":"<p>ISELAADIV RAAM SURNUKEHA TRANSPORTIMISEKS<\/p>\n<p>Z 7000 on iselaadiv surnukuuri kanderaam mis on m\u00f5eldud surnukehade peaaegu pingutuseta transportimiseks. Pealelaadimise etapis kannab raam surnukeha kogu raskust mehhanismi abil mis vajab vaid kanderaami ettepoole l\u00fckkamist: kui rattad puutuvad kokku s\u00f5iduki p\u00f5randaga, hakkavad kanderaami jalad hoobadele vajutades kokku p\u00f6\u00f6rduma kuni seade on t\u00e4ielikult kaubikus v\u00f5i surnuautos.<\/p>\n<p>KANDEV\u00d5IME: 150kg<br \/>SEADME KAAL: 39,5kg<\/p>\n<ul>\n<li>Pikkus 1980 mm<\/li>\n<li>Laius: 610 mm<\/li>\n<li>Vanni k\u00f5rgus t\u00f5stetud raamiga: 800 mm<\/li>\n<li>Vanni s\u00fcgavus: 20 mm<\/li>\n<li>Vanni k\u00f5rgus langetatud raamiga: 300 mm<\/li>\n<li>Min k\u00f5rgus: 500 mm<\/li>\n<li>Max k\u00f5rgus: 610 mm<\/li>\n<li>Rattad: \u00d8 200 mm<\/li>\n<li>Seadme kaal: 39,5 kg<\/li>\n<li>Materjal: Al, Teras, PE, Nailon<\/li>\n<li>Kandev\u00f5ime: 150 kg<\/li>\n<\/ul>\n<p><strong>Link to Manual:<\/strong> http:\/\/support.spencer.it\/manuals_n.php?lang=eng<\/p>\n","protected":false},"featured_media":170053,"template":"","meta":{"_acf_changed":false,"site-sidebar-layout":"default","site-content-layout":"","ast-site-content-layout":"default","site-content-style":"default","site-sidebar-style":"default","ast-global-header-display":"","ast-banner-title-visibility":"","ast-main-header-display":"","ast-hfb-above-header-display":"","ast-hfb-below-header-display":"","ast-hfb-mobile-header-display":"","site-post-title":"","ast-breadcrumbs-content":"","ast-featured-img":"","footer-sml-layout":"","theme-transparent-header-meta":"default","adv-header-id-meta":"","stick-header-meta":"","header-above-stick-meta":"","header-main-stick-meta":"","header-below-stick-meta":"","astra-migrate-meta-layouts":"set","ast-page-background-enabled":"default","ast-page-background-meta":{"desktop":{"background-color":"var(--ast-global-color-4)","background-image":"","background-repeat":"repeat","background-position":"center center","background-size":"auto","background-attachment":"scroll","background-type":"","background-media":"","overlay-type":"","overlay-color":"","overlay-opacity":"","overlay-gradient":""},"tablet":{"background-color":"","background-image":"","background-repeat":"repeat","background-position":"center center","background-size":"auto","background-attachment":"scroll","background-type":"","background-media":"","overlay-type":"","overlay-color":"","overlay-opacity":"","overlay-gradient":""},"mobile":{"background-color":"","background-image":"","background-repeat":"repeat","background-position":"center center","background-size":"auto","background-attachment":"scroll","background-type":"","background-media":"","overlay-type":"","overlay-color":"","overlay-opacity":"","overlay-gradient":""}},"ast-content-background-meta":{"desktop":{"background-color":"var(--ast-global-color-5)","background-image":"","background-repeat":"repeat","background-position":"center center","background-size":"auto","background-attachment":"scroll","background-type":"","background-media":"","overlay-type":"","overlay-color":"","overlay-opacity":"","overlay-gradient":""},"tablet":{"background-color":"var(--ast-global-color-5)","background-image":"","background-repeat":"repeat","background-position":"center center","background-size":"auto","background-attachment":"scroll","background-type":"","background-media":"","overlay-type":"","overlay-color":"","overlay-opacity":"","overlay-gradient":""},"mobile":{"background-color":"var(--ast-global-color-5)","background-image":"","background-repeat":"repeat","background-position":"center center","background-size":"auto","background-attachment":"scroll","background-type":"","background-media":"","overlay-type":"","overlay-color":"","overlay-opacity":"","overlay-gradient":""}}},"product_brand":[],"product_cat":[1831,1826,1652],"product_tag":[],"class_list":{"0":"post-170326","1":"product","2":"type-product","3":"status-publish","4":"has-post-thumbnail","6":"product_cat-kanderaamid","7":"product_cat-matusetarbed","8":"product_cat-spencer","9":"desktop-align-left","10":"tablet-align-left","11":"mobile-align-left","12":"ast-product-gallery-layout-horizontal-slider","13":"ast-product-gallery-with-no-image","14":"ast-magnify-disabled","16":"first","17":"instock","18":"shipping-taxable","19":"product-type-simple"},"acf":[],"_links":{"self":[{"href":"https:\/\/barem.ee\/fi\/wp-json\/wp\/v2\/product\/170326","targetHints":{"allow":["GET"]}}],"collection":[{"href":"https:\/\/barem.ee\/fi\/wp-json\/wp\/v2\/product"}],"about":[{"href":"https:\/\/barem.ee\/fi\/wp-json\/wp\/v2\/types\/product"}],"wp:featuredmedia":[{"embeddable":true,"href":"https:\/\/barem.ee\/fi\/wp-json\/wp\/v2\/media\/170053"}],"wp:attachment":[{"href":"https:\/\/barem.ee\/fi\/wp-json\/wp\/v2\/media?parent=170326"}],"wp:term":[{"taxonomy":"product_brand","embeddable":true,"href":"https:\/\/barem.ee\/fi\/wp-json\/wp\/v2\/product_brand?post=170326"},{"taxonomy":"product_cat","embeddable":true,"href":"https:\/\/barem.ee\/fi\/wp-json\/wp\/v2\/product_cat?post=170326"},{"taxonomy":"product_tag","embeddable":true,"href":"https:\/\/barem.ee\/fi\/wp-json\/wp\/v2\/product_tag?post=170326"}],"curies":[{"name":"wp","href":"https:\/\/api.w.org\/{rel}","templated":true}]}}