{"id":170328,"date":"2025-10-01T09:35:14","date_gmt":"2025-10-01T09:35:14","guid":{"rendered":"https:\/\/barem.ee\/product\/reguleeritava-korgusega-iselaadiv-raam-z-roller\/"},"modified":"2026-04-26T14:00:06","modified_gmt":"2026-04-26T14:00:06","slug":"reguleeritava-korgusega-iselaadiv-raam-z-roller","status":"publish","type":"product","link":"https:\/\/barem.ee\/fi\/product\/reguleeritava-korgusega-iselaadiv-raam-z-roller\/?lang=fi","title":{"rendered":"Itselastaavat siirtopaarit s\u00e4\u00e4det\u00e4v\u00e4ll\u00e4 korkeudella Z ROLLER"},"content":{"rendered":"","protected":false},"excerpt":{"rendered":"<p>REGULEERITAVA K\u00d5RGUSEGA ISELAADIV RAAM<\/p>\n<p>Z Roller on reguleeritava k\u00f5rguse ja pika elueaga kulut\u00f5hus surnuraam. Selle k\u00f5rguse reguleerimise mehhanism on kaitstud pressitud sulamist profiiliga. See mudel on eriti hinnatud vahend surnute \u00e4raviimiseks, raami saab kasutada kanderaamide v\u00f5i roostevabast terasest aluste teisaldamiseks, kinnitades need tugevate k\u00fclgmiste klambritega paigale. Raami tugev struktuur, suurep\u00e4rane stabiilsus ja erakordne man\u00f6\u00f6verdusv\u00f5ime teevad selle \u00e4\u00e4rmiselt t\u00f6\u00f6kindlaks ja h\u00f5lpsasti k\u00e4sitsetavaks.<\/p>\n<p>KANDEV\u00d5IME: 150kg<\/p>\n<ul>\n<li>Pikkus:1900 mm<\/li>\n<li>Laius: 560 \u00b1 10mm<\/li>\n<li>Laius koos avatud tugedega: 605 \u00b1 10mm<\/li>\n<li>K\u00f5rgus t\u00f5stetuna: 850 \u00b1 10mm<\/li>\n<li>K\u00f5rgus langetatuna: 230 \u00b1 10mm<\/li>\n<li>Tugede vaheline kaugus: 540 \u00b1 10mm<\/li>\n<li>Laadimisaluse k\u00f5rgus: 500 mm<\/li>\n<li>Esiosa v\u00f5imalikud k\u00f5rgused: k\u00f5ik langetatud, keskmine, k\u00f5ik \u00fcles t\u00f5stetud<\/li>\n<li>Tagaosa v\u00f5imalikud k\u00f5rgused: k\u00f5ik langetatud, keskmine 1, keskmine 2, k\u00f5ik \u00fcles t\u00f5stetud<\/li>\n<li>Seadme kaal: 38,5 \u00b1 0,5 kg<\/li>\n<li>Materjal: Alumiinium, teras, PE<\/li>\n<li>Kandev\u00f5ime: 150 kg<\/li>\n<\/ul>\n<p>ZS00800 Z ROLLER<\/p>\n<ul>\n<li>Pikkus:1900 mm<\/li>\n<li>Laius: 560 \u00b1 10mm<\/li>\n<li>Laius koos avatud tugedega: 605\u00b1 10mm<\/li>\n<li>K\u00f5rgus t\u00f5stetuna: 850 \u00b1 10mm<\/li>\n<li>K\u00f5rgus langetatuna: 230 \u00b1 10mm<\/li>\n<li>Tugede vaheline kaugus: 540 \u00b1 10mm<\/li>\n<li>Laadimisaluse k\u00f5rgus: 620 mm<\/li>\n<li>Esiosa v\u00f5imalikud k\u00f5rgused: k\u00f5ik langetatud, keskmine, k\u00f5ik \u00fcles t\u00f5stetud<\/li>\n<li>Tagaosa v\u00f5imalikud k\u00f5rgused: k\u00f5ik langetatud, keskmine 1, keskmine 2, k\u00f5ik \u00fcles t\u00f5stetud<\/li>\n<li>Seadme kaal: 38,5 \u00b1 0,5 kg<\/li>\n<li>Materjal: Alumiinium, teras, PE<\/li>\n<li>Kandev\u00f5ime: 150 kg<\/li>\n<\/ul>\n<p>ZS00862 Z ROLLER<\/p>\n<ul>\n<li>Pikkus:1900 mm<\/li>\n<li>Laius: 560 \u00b1 10mm<\/li>\n<li>Laius koos avatud tugedega: 605 \u00b1 10mm<\/li>\n<li>K\u00f5rgus t\u00f5stetuna: 850 \u00b1 10mm<\/li>\n<li>K\u00f5rgus langetatuna: 230 \u00b1 10mm<\/li>\n<li>Tugede vaheline kaugus: 540 \u00b1 10mm<\/li>\n<li>Laadimisaluse k\u00f5rgus: 690 mm<\/li>\n<li>Esiosa v\u00f5imalikud k\u00f5rgused: k\u00f5ik langetatud, keskmine, k\u00f5ik \u00fcles t\u00f5stetud<\/li>\n<li>Tagaosa v\u00f5imalikud k\u00f5rgused: k\u00f5ik langetatud, keskmine 1, keskmine 2, k\u00f5ik \u00fcles t\u00f5stetud<\/li>\n<li>Seadme kaal: 38,5 \u00b1 0,5 kg<\/li>\n<li>Materjal: Alumiinium, teras, PE<\/li>\n<li>Kandev\u00f5ime: 150 kg<\/li>\n<\/ul>\n<p>ZS00869 Z ROLLER<\/p>\n<p><strong>Link to Manual:<\/strong> http:\/\/support.spencer.it\/manuals_n.php?lang=eng<\/p>\n","protected":false},"featured_media":170069,"template":"","meta":{"_acf_changed":false,"site-sidebar-layout":"default","site-content-layout":"","ast-site-content-layout":"default","site-content-style":"default","site-sidebar-style":"default","ast-global-header-display":"","ast-banner-title-visibility":"","ast-main-header-display":"","ast-hfb-above-header-display":"","ast-hfb-below-header-display":"","ast-hfb-mobile-header-display":"","site-post-title":"","ast-breadcrumbs-content":"","ast-featured-img":"","footer-sml-layout":"","theme-transparent-header-meta":"default","adv-header-id-meta":"","stick-header-meta":"","header-above-stick-meta":"","header-main-stick-meta":"","header-below-stick-meta":"","astra-migrate-meta-layouts":"set","ast-page-background-enabled":"default","ast-page-background-meta":{"desktop":{"background-color":"var(--ast-global-color-4)","background-image":"","background-repeat":"repeat","background-position":"center center","background-size":"auto","background-attachment":"scroll","background-type":"","background-media":"","overlay-type":"","overlay-color":"","overlay-opacity":"","overlay-gradient":""},"tablet":{"background-color":"","background-image":"","background-repeat":"repeat","background-position":"center center","background-size":"auto","background-attachment":"scroll","background-type":"","background-media":"","overlay-type":"","overlay-color":"","overlay-opacity":"","overlay-gradient":""},"mobile":{"background-color":"","background-image":"","background-repeat":"repeat","background-position":"center center","background-size":"auto","background-attachment":"scroll","background-type":"","background-media":"","overlay-type":"","overlay-color":"","overlay-opacity":"","overlay-gradient":""}},"ast-content-background-meta":{"desktop":{"background-color":"var(--ast-global-color-5)","background-image":"","background-repeat":"repeat","background-position":"center center","background-size":"auto","background-attachment":"scroll","background-type":"","background-media":"","overlay-type":"","overlay-color":"","overlay-opacity":"","overlay-gradient":""},"tablet":{"background-color":"var(--ast-global-color-5)","background-image":"","background-repeat":"repeat","background-position":"center center","background-size":"auto","background-attachment":"scroll","background-type":"","background-media":"","overlay-type":"","overlay-color":"","overlay-opacity":"","overlay-gradient":""},"mobile":{"background-color":"var(--ast-global-color-5)","background-image":"","background-repeat":"repeat","background-position":"center center","background-size":"auto","background-attachment":"scroll","background-type":"","background-media":"","overlay-type":"","overlay-color":"","overlay-opacity":"","overlay-gradient":""}}},"product_brand":[],"product_cat":[1831,1826,1652],"product_tag":[],"class_list":{"0":"post-170328","1":"product","2":"type-product","3":"status-publish","4":"has-post-thumbnail","6":"product_cat-kanderaamid","7":"product_cat-matusetarbed","8":"product_cat-spencer","9":"desktop-align-left","10":"tablet-align-left","11":"mobile-align-left","12":"ast-product-gallery-layout-horizontal-slider","13":"ast-product-gallery-with-no-image","14":"ast-magnify-disabled","16":"first","17":"instock","18":"shipping-taxable","19":"product-type-simple"},"acf":[],"_links":{"self":[{"href":"https:\/\/barem.ee\/fi\/wp-json\/wp\/v2\/product\/170328","targetHints":{"allow":["GET"]}}],"collection":[{"href":"https:\/\/barem.ee\/fi\/wp-json\/wp\/v2\/product"}],"about":[{"href":"https:\/\/barem.ee\/fi\/wp-json\/wp\/v2\/types\/product"}],"wp:featuredmedia":[{"embeddable":true,"href":"https:\/\/barem.ee\/fi\/wp-json\/wp\/v2\/media\/170069"}],"wp:attachment":[{"href":"https:\/\/barem.ee\/fi\/wp-json\/wp\/v2\/media?parent=170328"}],"wp:term":[{"taxonomy":"product_brand","embeddable":true,"href":"https:\/\/barem.ee\/fi\/wp-json\/wp\/v2\/product_brand?post=170328"},{"taxonomy":"product_cat","embeddable":true,"href":"https:\/\/barem.ee\/fi\/wp-json\/wp\/v2\/product_cat?post=170328"},{"taxonomy":"product_tag","embeddable":true,"href":"https:\/\/barem.ee\/fi\/wp-json\/wp\/v2\/product_tag?post=170328"}],"curies":[{"name":"wp","href":"https:\/\/api.w.org\/{rel}","templated":true}]}}