{"id":170329,"date":"2025-10-01T09:35:14","date_gmt":"2025-10-01T09:35:14","guid":{"rendered":"https:\/\/barem.ee\/product\/toolaud-z4000-z4001\/"},"modified":"2026-04-26T14:00:06","modified_gmt":"2026-04-26T14:00:06","slug":"toolaud-z4000-z4001","status":"publish","type":"product","link":"https:\/\/barem.ee\/fi\/product\/toolaud-z4000-z4001\/?lang=fi","title":{"rendered":"Ty\u00f6p\u00f6yt\u00e4 Z4000\/Z4001"},"content":{"rendered":"","protected":false},"excerpt":{"rendered":"<p>T\u00d6\u00d6LAUD<\/p>\n<p>Z4000 on reguleeritava k\u00f5rgusega t\u00f6\u00f6laud. T\u00f6\u00f6laua k\u00fcljed on keskosas spetsiaalse kujuga mis v\u00f5imaldavad h\u00f5lpsasti kahvelt\u00f5stukit kasutada. T\u00f6\u00f6taja saab kirstu h\u00f5lpsasti s\u00f5iduki juurde tuua, sest raami alusele on lisatud kaks k\u00fclgosa. Z4001 on optimaalselt mugav ja lihtsasti kasutatav t\u00f6\u00f6laud. Suurema vastupidavuse tagamiseks on raam valmistatud roostevabast terasest. Suure l\u00e4bim\u00f5\u00f5duga ja piduritega rattad teevad kirstu transportimise eriti mugavaks. T\u00e4iesti uus stabiliseerimiss\u00fcsteem teeb selle t\u00f6\u00f6laua ainulaadseks: kummist stabilisaatorid v\u00f5imaldavad kirstu t\u00f6\u00f6lauale h\u00f5lpsalt ja stabiilselt paigutada. Laua kompaktne disain h\u00f5lbustab kirstu teisaldamist ja kirstuga t\u00f6\u00f6tamist. T\u00f6\u00f6taja saab kirstu h\u00f5lpsasti s\u00f5iduki juurde tuua, lisades lihtsalt k\u00e4ru alusele kaks k\u00fclgraami: k\u00fcljed on keskosas spetsiaalse kujuga mis v\u00f5imaldab h\u00f5lpsasti kahvelt\u00f5stukit kasutada. Seadet on lihtne puhastada ja desinfitseerida.<\/p>\n<ul>\n<li>Pikkus:1350 mm<\/li>\n<li>Laius: 550 mm<\/li>\n<li>K\u00f5rgus: 500 mm<\/li>\n<li>Reguleeritavad k\u00f5rgused:660 mm\/ 710 mm\/ 760 mm\/ 800 mm<\/li>\n<li>Rattad: \u00d8 200 mm rattad piduritega<\/li>\n<li>Kaal: 18 kg<\/li>\n<li>Materjal: Poleeritud teras<\/li>\n<\/ul>\n<p>ZS04000<\/p>\n<ul>\n<li>Pikkus:1350 mm<\/li>\n<li>Laius: 550 mm<\/li>\n<li>K\u00f5rgus: 500 mm<\/li>\n<li>Rattad: \u00d8 200 mm rattad piduritega<\/li>\n<li>Kaal: 18 kg<\/li>\n<li>Materjal: Poleeritud teras<\/li>\n<\/ul>\n<p>ZS04001<\/p>\n<p><strong>Link to Manual:<\/strong> http:\/\/support.spencer.it\/manuals_n.php?lang=eng<\/p>\n","protected":false},"featured_media":170077,"template":"","meta":{"_acf_changed":false,"site-sidebar-layout":"default","site-content-layout":"","ast-site-content-layout":"default","site-content-style":"default","site-sidebar-style":"default","ast-global-header-display":"","ast-banner-title-visibility":"","ast-main-header-display":"","ast-hfb-above-header-display":"","ast-hfb-below-header-display":"","ast-hfb-mobile-header-display":"","site-post-title":"","ast-breadcrumbs-content":"","ast-featured-img":"","footer-sml-layout":"","theme-transparent-header-meta":"default","adv-header-id-meta":"","stick-header-meta":"","header-above-stick-meta":"","header-main-stick-meta":"","header-below-stick-meta":"","astra-migrate-meta-layouts":"set","ast-page-background-enabled":"default","ast-page-background-meta":{"desktop":{"background-color":"var(--ast-global-color-4)","background-image":"","background-repeat":"repeat","background-position":"center center","background-size":"auto","background-attachment":"scroll","background-type":"","background-media":"","overlay-type":"","overlay-color":"","overlay-opacity":"","overlay-gradient":""},"tablet":{"background-color":"","background-image":"","background-repeat":"repeat","background-position":"center center","background-size":"auto","background-attachment":"scroll","background-type":"","background-media":"","overlay-type":"","overlay-color":"","overlay-opacity":"","overlay-gradient":""},"mobile":{"background-color":"","background-image":"","background-repeat":"repeat","background-position":"center center","background-size":"auto","background-attachment":"scroll","background-type":"","background-media":"","overlay-type":"","overlay-color":"","overlay-opacity":"","overlay-gradient":""}},"ast-content-background-meta":{"desktop":{"background-color":"var(--ast-global-color-5)","background-image":"","background-repeat":"repeat","background-position":"center center","background-size":"auto","background-attachment":"scroll","background-type":"","background-media":"","overlay-type":"","overlay-color":"","overlay-opacity":"","overlay-gradient":""},"tablet":{"background-color":"var(--ast-global-color-5)","background-image":"","background-repeat":"repeat","background-position":"center center","background-size":"auto","background-attachment":"scroll","background-type":"","background-media":"","overlay-type":"","overlay-color":"","overlay-opacity":"","overlay-gradient":""},"mobile":{"background-color":"var(--ast-global-color-5)","background-image":"","background-repeat":"repeat","background-position":"center center","background-size":"auto","background-attachment":"scroll","background-type":"","background-media":"","overlay-type":"","overlay-color":"","overlay-opacity":"","overlay-gradient":""}}},"product_brand":[],"product_cat":[1826,1834,1652],"product_tag":[],"class_list":{"0":"post-170329","1":"product","2":"type-product","3":"status-publish","4":"has-post-thumbnail","6":"product_cat-matusetarbed","7":"product_cat-muud","8":"product_cat-spencer","9":"desktop-align-left","10":"tablet-align-left","11":"mobile-align-left","12":"ast-product-gallery-layout-horizontal-slider","13":"ast-product-gallery-with-no-image","14":"ast-magnify-disabled","16":"first","17":"instock","18":"shipping-taxable","19":"product-type-simple"},"acf":[],"_links":{"self":[{"href":"https:\/\/barem.ee\/fi\/wp-json\/wp\/v2\/product\/170329","targetHints":{"allow":["GET"]}}],"collection":[{"href":"https:\/\/barem.ee\/fi\/wp-json\/wp\/v2\/product"}],"about":[{"href":"https:\/\/barem.ee\/fi\/wp-json\/wp\/v2\/types\/product"}],"wp:featuredmedia":[{"embeddable":true,"href":"https:\/\/barem.ee\/fi\/wp-json\/wp\/v2\/media\/170077"}],"wp:attachment":[{"href":"https:\/\/barem.ee\/fi\/wp-json\/wp\/v2\/media?parent=170329"}],"wp:term":[{"taxonomy":"product_brand","embeddable":true,"href":"https:\/\/barem.ee\/fi\/wp-json\/wp\/v2\/product_brand?post=170329"},{"taxonomy":"product_cat","embeddable":true,"href":"https:\/\/barem.ee\/fi\/wp-json\/wp\/v2\/product_cat?post=170329"},{"taxonomy":"product_tag","embeddable":true,"href":"https:\/\/barem.ee\/fi\/wp-json\/wp\/v2\/product_tag?post=170329"}],"curies":[{"name":"wp","href":"https:\/\/api.w.org\/{rel}","templated":true}]}}