{"id":148100,"date":"2024-02-14T09:36:04","date_gmt":"2024-02-14T09:36:04","guid":{"rendered":"https:\/\/barem.ee\/spencer\/"},"modified":"2024-04-01T14:18:29","modified_gmt":"2024-04-01T14:18:29","slug":"spencer","status":"publish","type":"page","link":"https:\/\/barem.ee\/lt\/spencer\/","title":{"rendered":"Spencer"},"content":{"rendered":"\n\t<h1>\n\t\t\t\tAbout spencer\n\t\t\t<\/h1>\n\t<h2>\n\t\t\t\tMade for decisive moments\n\t\t\t<\/h2>\n\t\t\t\t<img loading=\"lazy\" decoding=\"async\" src=\"https:\/\/barem.ee\/wp-content\/uploads\/2024\/02\/logo.jpg\" alt=\"logo\" itemprop=\"image\" height=\"300\" width=\"350\" title=\"logo\" onerror=\"this.style.display='none'\"  \/>\n<p>Nuo 2024 met\u0173 Barem O\u00dc yra oficialus Spencer Italia S.r.l atstovas Baltijos \u0161alyse ir Suomijoje.<\/p>\n<p>Spencer Italia S.r.l yra pirmaujantis tarptautinis laidojimo kamer\u0173 \u012frangos gamintojas, turintis tvirt\u0105 reputacij\u0105 d\u0117l auk\u0161tos kokyb\u0117s dizaino ir patogaus gamini\u0173 naudojimo.<\/p>\n<p>Spencer gamini\u0173 asortimente yra daugiau nei 150 sprendim\u0173 morgams ir laidojimo paslaug\u0173 teik\u0117jams, \u012fskaitant karst\u0173 keltuvus, transportavimo ve\u017eim\u0117lius, k\u016bno paruo\u0161imo bei transportavimo ne\u0161tuvus, darbo ir perrengimo stalus bei plat\u0173 laidojimo kameros pried\u0173 asortiment\u0105 \u2013 visa tai yra pagaminta Italijoje.<\/p>\n\t<p>Nuo 1989 met\u0173 Spencer i\u0161siskiria i\u0161 konkurent\u0173 specialiais produktais, sukurtais ilgalaikiam naudojimui, tuo pa\u010diu u\u017etikrinant morg\u0173 ir laidotuvi\u0173 organizatori\u0173 saugum\u0105 ir suma\u017einant atsitiktinio su\u017ealojimo rizik\u0105.<\/p>\n<p>Rinkai pateikt\u0173 modeli\u0173 pasirinkimas ir platus j\u0173 naudojimas daugiau nei 160 pasaulio \u0161ali\u0173 yra neabejotinas Spencer koncepcijos s\u0117km\u0117s \u012frodymas.<\/p>\n\t\t\t\t<img loading=\"lazy\" decoding=\"async\" src=\"https:\/\/barem.ee\/wp-content\/uploads\/2024\/02\/spender2.jpg\" alt=\"spender2\" itemprop=\"image\" height=\"300\" width=\"350\" title=\"spender2\" onerror=\"this.style.display='none'\"  \/>\n\t<h2>\n\t\t\t\tSpencer products\n\t\t\t<\/h2>\n<div class=\"woocommerce columns-4\"><\/div>\n\t<h2>\n\t\t\t\tM\u016bs\u0173 kontaktai\n\t\t\t<\/h2>\n\t<h2>\n\t\t\t\tPara\u0161ykite mums \u017einut\u0119:\n\t\t\t<\/h2>\n","protected":false},"excerpt":{"rendered":"<p>About spencer Made for decisive moments Nuo 2024 met\u0173 Barem O\u00dc yra oficialus Spencer Italia S.r.l atstovas Baltijos \u0161alyse ir Suomijoje. Spencer Italia S.r.l yra pirmaujantis tarptautinis laidojimo kamer\u0173 \u012frangos gamintojas, turintis tvirt\u0105 reputacij\u0105 d\u0117l auk\u0161tos kokyb\u0117s dizaino ir patogaus gamini\u0173 naudojimo. Spencer gamini\u0173 asortimente yra daugiau nei 150 sprendim\u0173 morgams ir laidojimo paslaug\u0173 teik\u0117jams, [&hellip;]<\/p>\n","protected":false},"author":1,"featured_media":0,"parent":0,"menu_order":0,"comment_status":"closed","ping_status":"closed","template":"","meta":{"_acf_changed":false,"site-sidebar-layout":"no-sidebar","site-content-layout":"page-builder","ast-site-content-layout":"default","site-content-style":"default","site-sidebar-style":"default","ast-global-header-display":"","ast-banner-title-visibility":"","ast-main-header-display":"","ast-hfb-above-header-display":"","ast-hfb-below-header-display":"","ast-hfb-mobile-header-display":"","site-post-title":"disabled","ast-breadcrumbs-content":"","ast-featured-img":"disabled","footer-sml-layout":"","theme-transparent-header-meta":"enabled","adv-header-id-meta":"","stick-header-meta":"","header-above-stick-meta":"","header-main-stick-meta":"","header-below-stick-meta":"","astra-migrate-meta-layouts":"default","ast-page-background-enabled":"default","ast-page-background-meta":{"desktop":{"background-color":"var(--ast-global-color-4)","background-image":"","background-repeat":"repeat","background-position":"center center","background-size":"auto","background-attachment":"scroll","background-type":"","background-media":"","overlay-type":"","overlay-color":"","overlay-opacity":"","overlay-gradient":""},"tablet":{"background-color":"","background-image":"","background-repeat":"repeat","background-position":"center center","background-size":"auto","background-attachment":"scroll","background-type":"","background-media":"","overlay-type":"","overlay-color":"","overlay-opacity":"","overlay-gradient":""},"mobile":{"background-color":"","background-image":"","background-repeat":"repeat","background-position":"center center","background-size":"auto","background-attachment":"scroll","background-type":"","background-media":"","overlay-type":"","overlay-color":"","overlay-opacity":"","overlay-gradient":""}},"ast-content-background-meta":{"desktop":{"background-color":"var(--ast-global-color-5)","background-image":"","background-repeat":"repeat","background-position":"center center","background-size":"auto","background-attachment":"scroll","background-type":"","background-media":"","overlay-type":"","overlay-color":"","overlay-opacity":"","overlay-gradient":""},"tablet":{"background-color":"var(--ast-global-color-5)","background-image":"","background-repeat":"repeat","background-position":"center center","background-size":"auto","background-attachment":"scroll","background-type":"","background-media":"","overlay-type":"","overlay-color":"","overlay-opacity":"","overlay-gradient":""},"mobile":{"background-color":"var(--ast-global-color-5)","background-image":"","background-repeat":"repeat","background-position":"center center","background-size":"auto","background-attachment":"scroll","background-type":"","background-media":"","overlay-type":"","overlay-color":"","overlay-opacity":"","overlay-gradient":""}},"footnotes":""},"class_list":["post-148100","page","type-page","status-publish","hentry"],"acf":[],"_links":{"self":[{"href":"https:\/\/barem.ee\/lt\/wp-json\/wp\/v2\/pages\/148100","targetHints":{"allow":["GET"]}}],"collection":[{"href":"https:\/\/barem.ee\/lt\/wp-json\/wp\/v2\/pages"}],"about":[{"href":"https:\/\/barem.ee\/lt\/wp-json\/wp\/v2\/types\/page"}],"author":[{"embeddable":true,"href":"https:\/\/barem.ee\/lt\/wp-json\/wp\/v2\/users\/1"}],"replies":[{"embeddable":true,"href":"https:\/\/barem.ee\/lt\/wp-json\/wp\/v2\/comments?post=148100"}],"version-history":[{"count":4,"href":"https:\/\/barem.ee\/lt\/wp-json\/wp\/v2\/pages\/148100\/revisions"}],"predecessor-version":[{"id":148966,"href":"https:\/\/barem.ee\/lt\/wp-json\/wp\/v2\/pages\/148100\/revisions\/148966"}],"wp:attachment":[{"href":"https:\/\/barem.ee\/lt\/wp-json\/wp\/v2\/media?parent=148100"}],"curies":[{"name":"wp","href":"https:\/\/api.w.org\/{rel}","templated":true}]}}