{"id":148105,"date":"2024-02-27T16:38:35","date_gmt":"2024-02-27T16:38:35","guid":{"rendered":"https:\/\/barem.ee\/spencer\/warranty-conditions\/"},"modified":"2024-03-14T12:47:10","modified_gmt":"2024-03-14T12:47:10","slug":"warranty-conditions","status":"publish","type":"page","link":"https:\/\/barem.ee\/lt\/spencer\/warranty-conditions\/","title":{"rendered":"Warranty conditions"},"content":{"rendered":"\n\t<h1>\n\t\t\t\tGarantijos s\u0105lygos\n\t\t\t<\/h1>\n\t<p>Spencer Italia S.r.l. (gamintojas) Gaminiams suteikia 12 m\u0117nesi\u0173 garantij\u0105 (garantijos s\u0105lygos pateikiamos ir naudojimo instrukcijose).<\/p>\n<p>Klientas yra atsakingas u\u017e Gamini\u0173 ap\u017ei\u016br\u0105 i\u0161 karto po j\u0173 gavimo. Apie visas pretenzijas d\u0117l j\u0173 kiekio ir (arba) kokyb\u0117s reikia informuoti Barem O\u00dc (Pardav\u0117j\u0105) per a\u0161tuonias dienas nuo Gamini\u0173 gavimo dienos.<\/p>\n<p>Atsiradus defektams, Pardav\u0117j\u0105 apie pretenzij\u0105, nurodant Gaminio serijos numer\u012f, reikia informuoti ra\u0161tu per a\u0161tuonias dienas \u2013 ne v\u0117liau kaip per 12 (dvylika) m\u0117nesi\u0173 \u2013 nuo \u200b\u200bdefekto aptikimo dienos.<\/p>\n<p>Gamintojo defekto atveju, Pardav\u0117jas turi galimyb\u0119 (i) pakeisti Gaminius arba (ii) gr\u0105\u017einti Gamini\u0173 kain\u0105, gr\u0105\u017einus Gamin\u012f Pardav\u0117jui, jei Gamintojas defekt\u0105 pripa\u017e\u012fsta savo tr\u016bkumu. Gaminiai gali b\u016bti gr\u0105\u017einami Gamintojui tik Kliento ir Pardav\u0117jo susitarimu bei pagal Gamintojo nurodymus. Vis\u0173 pirma: (i) nekokybi\u0161ko Gaminio (ar jo dalies) gr\u0105\u017einimas turi b\u016bti i\u0161 anksto patvirtintas Gamintojo; (ii) nekokybi\u0161ki Gaminiai (ar dalis j\u0173) gr\u0105\u017einami Kliento s\u0105skaita tinkamai supakuoti originalioje pakuot\u0117je (tai yra esmin\u0117 garantijos galiojimo s\u0105lyga), grie\u017etai laikantis Gamintojo nurodym\u0173; (iii) Klientas pateikia Pardav\u0117jui vis\u0105 informacij\u0105 apie Gaminio (ar jo dalies) tr\u016bkum\u0105.<\/p>\n<p>Pardav\u0117jas ar Gamintojas jokiu b\u016bdu neatsako prie\u0161 Klient\u0105 ir\/ar tre\u010diuosius asmenis d\u0117l Gamini\u0173 naudojimo ne pagal paskirt\u012f arba u\u017e j\u0173 naudojimu asmenims ar turtui padaryt\u0105 \u017eal\u0105. Nei Pardav\u0117jas, nei Gamintojas jokiomis aplinkyb\u0117mis neatsako u\u017e netiesiogin\u0119 ir\/ar nenumatyt\u0105 \u017eal\u0105.<\/p>\nJei nesusitarta kitaip, visus Gamini\u0173 remonto darbus turi atlikti Pardav\u0117jas, kuris teikia kokybi\u0161kas remonto paslaugas, naudoja originalias atsargines dalis pagal Gamintojo nurodymus.<br \/>\nJei to nepaisoma, Gamintojas ir Pardav\u0117jas atsisako visos atsakomyb\u0117s u\u017e Gaminio garantini\u0173 s\u0105lyg\u0173 pa\u017eeidim\u0105.\nGarantija neapima i\u0161laid\u0173, \u017ealos ir gedim\u0173, atsiradusi\u0173 d\u0117l:<br \/>\n&#8211; Netinkamo gaminio \u012frengimo ir naudojimo, neatitinkan\u010dio \u0161alies, kurioje produktas naudojamas, technini\u0173 standart\u0173 ar saugos taisykli\u0173;<br \/>\n&#8211; \u012frangos naudojimo ne pagal paskirt\u012f (naudojimas nesilaikant vadove pateikt\u0173 nurodym\u0173);<br \/>\n&#8211; pataisym\u0173 ir\/ar pakeitim\u0173, kuri\u0173 atlikimui Pardav\u0117jas i\u0161 anksto nedav\u0117 sutikimo;<br \/>\n&#8211; atsisakymo supakuoti gaminius pagal Gamintojo rekomendacijas.<br \/>\n&#8211; Klientas ne\u012fvykdo (net i\u0161 dalies) mok\u0117jimo s\u0105lyg\u0173, tuomet garantija negalioja.\n<p>Garantija netaikoma priedams, komponentams, med\u017eiagoms ir (arba) \u012frangai, kuri n\u0117ra pagamintos Gamintojo.<\/p>\n<p>Visas i\u0161laidas ir rizik\u0105, susijusi\u0105 su Gamini\u0173 transportavimu iki Gamintojo arba \u012f Gamintojo \u012fgaliot\u0105 aptarnavimo centr\u0105, apmoka klientas.<\/p>\nJei nenurodyta kitaip, Klientas privalo vadovautis \u201etechnin\u0117mis specifikacijomis\u201c, kurios u\u017etikrina reikiam\u0105 saugum\u0105.<br \/>\nKlientas turi i\u0161 anksto \u012fsitikinti prek\u0117s tinkamumu, pasitikrindamas matmenis ir visas kitas svarbias detales.<br \/>\nKainora\u0161tyje pateikt\u0173 Gamini\u0173 technin\u0117 informacija gali keistis.\n<p>&nbsp;<\/p>\n","protected":false},"excerpt":{"rendered":"<p>Garantijos s\u0105lygos Spencer Italia S.r.l. (gamintojas) Gaminiams suteikia 12 m\u0117nesi\u0173 garantij\u0105 (garantijos s\u0105lygos pateikiamos ir naudojimo instrukcijose). Klientas yra atsakingas u\u017e Gamini\u0173 ap\u017ei\u016br\u0105 i\u0161 karto po j\u0173 gavimo. Apie visas pretenzijas d\u0117l j\u0173 kiekio ir (arba) kokyb\u0117s reikia informuoti Barem O\u00dc (Pardav\u0117j\u0105) per a\u0161tuonias dienas nuo Gamini\u0173 gavimo dienos. Atsiradus defektams, Pardav\u0117j\u0105 apie pretenzij\u0105, nurodant [&hellip;]<\/p>\n","protected":false},"author":1,"featured_media":0,"parent":148100,"menu_order":0,"comment_status":"closed","ping_status":"closed","template":"","meta":{"_acf_changed":false,"site-sidebar-layout":"no-sidebar","site-content-layout":"page-builder","ast-site-content-layout":"default","site-content-style":"default","site-sidebar-style":"default","ast-global-header-display":"","ast-banner-title-visibility":"","ast-main-header-display":"","ast-hfb-above-header-display":"","ast-hfb-below-header-display":"","ast-hfb-mobile-header-display":"","site-post-title":"disabled","ast-breadcrumbs-content":"","ast-featured-img":"disabled","footer-sml-layout":"","theme-transparent-header-meta":"enabled","adv-header-id-meta":"","stick-header-meta":"","header-above-stick-meta":"","header-main-stick-meta":"","header-below-stick-meta":"","astra-migrate-meta-layouts":"default","ast-page-background-enabled":"default","ast-page-background-meta":{"desktop":{"background-color":"var(--ast-global-color-4)","background-image":"","background-repeat":"repeat","background-position":"center center","background-size":"auto","background-attachment":"scroll","background-type":"","background-media":"","overlay-type":"","overlay-color":"","overlay-opacity":"","overlay-gradient":""},"tablet":{"background-color":"","background-image":"","background-repeat":"repeat","background-position":"center center","background-size":"auto","background-attachment":"scroll","background-type":"","background-media":"","overlay-type":"","overlay-color":"","overlay-opacity":"","overlay-gradient":""},"mobile":{"background-color":"","background-image":"","background-repeat":"repeat","background-position":"center center","background-size":"auto","background-attachment":"scroll","background-type":"","background-media":"","overlay-type":"","overlay-color":"","overlay-opacity":"","overlay-gradient":""}},"ast-content-background-meta":{"desktop":{"background-color":"var(--ast-global-color-5)","background-image":"","background-repeat":"repeat","background-position":"center center","background-size":"auto","background-attachment":"scroll","background-type":"","background-media":"","overlay-type":"","overlay-color":"","overlay-opacity":"","overlay-gradient":""},"tablet":{"background-color":"var(--ast-global-color-5)","background-image":"","background-repeat":"repeat","background-position":"center center","background-size":"auto","background-attachment":"scroll","background-type":"","background-media":"","overlay-type":"","overlay-color":"","overlay-opacity":"","overlay-gradient":""},"mobile":{"background-color":"var(--ast-global-color-5)","background-image":"","background-repeat":"repeat","background-position":"center center","background-size":"auto","background-attachment":"scroll","background-type":"","background-media":"","overlay-type":"","overlay-color":"","overlay-opacity":"","overlay-gradient":""}},"footnotes":""},"class_list":["post-148105","page","type-page","status-publish","hentry"],"acf":[],"_links":{"self":[{"href":"https:\/\/barem.ee\/lt\/wp-json\/wp\/v2\/pages\/148105","targetHints":{"allow":["GET"]}}],"collection":[{"href":"https:\/\/barem.ee\/lt\/wp-json\/wp\/v2\/pages"}],"about":[{"href":"https:\/\/barem.ee\/lt\/wp-json\/wp\/v2\/types\/page"}],"author":[{"embeddable":true,"href":"https:\/\/barem.ee\/lt\/wp-json\/wp\/v2\/users\/1"}],"replies":[{"embeddable":true,"href":"https:\/\/barem.ee\/lt\/wp-json\/wp\/v2\/comments?post=148105"}],"version-history":[{"count":2,"href":"https:\/\/barem.ee\/lt\/wp-json\/wp\/v2\/pages\/148105\/revisions"}],"predecessor-version":[{"id":148513,"href":"https:\/\/barem.ee\/lt\/wp-json\/wp\/v2\/pages\/148105\/revisions\/148513"}],"up":[{"embeddable":true,"href":"https:\/\/barem.ee\/lt\/wp-json\/wp\/v2\/pages\/148100"}],"wp:attachment":[{"href":"https:\/\/barem.ee\/lt\/wp-json\/wp\/v2\/media?parent=148105"}],"curies":[{"name":"wp","href":"https:\/\/api.w.org\/{rel}","templated":true}]}}