{"id":148732,"date":"2019-01-23T06:31:06","date_gmt":"2019-01-23T06:31:06","guid":{"rendered":"https:\/\/barem.ee\/home\/"},"modified":"2024-04-01T14:14:53","modified_gmt":"2024-04-01T14:14:53","slug":"home","status":"publish","type":"page","link":"https:\/\/barem.ee\/lt\/","title":{"rendered":"Prad\u017eia"},"content":{"rendered":"\n\t<h1>\n\t\t\t\tSveiki prisijung\u0119 prie Barem O\u00dc \u0161eimos \u2013 kartu kuriame prisiminimus, kurie i\u0161lieka am\u017einai.\n\t\t\t<\/h1>\n\t\t\t<a href=\"\/lt\/produkto-kategorija\/spencer-lt-2\/coffing-handling-equipment-lt\/\" target=\"_self\" role=\"button\" aria-label=\"Katalogas\" rel=\"noopener\">\n\t\t\t\t\t\t\tKatalogas\n\t\t<\/a>\n\t<h2>\n\t\t\t\tBarem O\u00dc &#8211; Pasir\u016bpinsime, kad paskutin\u0117 kelion\u0117 b\u016bt\u0173 ori\n\t\t\t<\/h2>\n\t<p>Sveiki atvyk\u0119 \u012f Barem O\u00dc puslap\u012f \u2013 J\u016bs\u0173 patikimas partneris, jei pageidaujate pasi\u016blyti savo klientams paslaug\u0105, padedan\u010di\u0105 u\u017etikrinti, kad j\u0173 artim\u0173j\u0173 paskutin\u0117 kelion\u0117 b\u016bt\u0173 ori ir \u012fsimintina. M\u016bs\u0173 misija \u2013 pasi\u016blyti plat\u0173 kokybi\u0161k\u0173 laidojimo reikmen\u0173 asortiment\u0105, \u012fskaitant karstus ir urnas, pagamint\u0173 i\u0161 kruop\u0161\u010diai atrinkt\u0173 med\u017eiag\u0173, u\u017etikrinan\u010di\u0173 estetik\u0105 ir ekologin\u012f tvarum\u0105. Did\u017eiuojam\u0117s gal\u0117dami pasi\u016blyti did\u017eiausi\u0105 pasirinkim\u0105 Skandinavijoje ir Baltijos \u0161alyse, ypating\u0105 d\u0117mes\u012f skirdami gamini\u0173 ekologiniam p\u0117dsakui.<\/p>\n\t<p><strong>Kod\u0117l rinktis mus?<\/strong><\/p>\n<p>Did\u017eiausias laidojimo reikmen\u0173 pasirinkimas: M\u016bs\u0173 asortimente yra viskas, ko reikia oriam i\u0161lyd\u0117jimui organizuoti, nuo karst\u0173 ir urn\u0173 iki speciali\u0173 sprendim\u0173.<\/p>\n<p><strong>Kokyb\u0117 ir special\u016bs sprendimai:<\/strong> M\u016bs\u0173 klientai yra mums labai svarb\u016bs. Si\u016blome i\u0161skirtinai auk\u0161tos kokyb\u0117s paslaugas ir esame pasiruo\u0161\u0119 patenkinti net pa\u010dius unikaliausius pageidavimus.<\/p>\n<p><strong>Greitas ir efektyvus aptarnavimas:<\/strong> Jei laikas yra svarbus, galite pasikliauti mumis. M\u016bs\u0173 efektyvi logistika u\u017etikrina, kad u\u017esakymai pasieks Jus laiku, vir\u0161ijant l\u016bkes\u010dius.<\/p>\n<p><strong>Auk\u0161\u010diausios klas\u0117s santykiai ir reikalavimai:<\/strong> Santykiai su m\u016bs\u0173 klientais yra grind\u017eiami pasitik\u0117jimu ir atvirumu. Si\u016blome aktualius patarimus ir r\u016bpinam\u0117s J\u016bs\u0173 gerove.<\/p>\n<p><strong>Mes orientuojam\u0117s \u012f B2B ir ilgalaik\u012f bendradarbiavim\u0105:<\/strong> Pripa\u017e\u012fstame verslo svarb\u0105 ir vertiname ilgalaik\u0119 partneryst\u0119. M\u016bs\u0173 po\u017ei\u016bris siekia abipus\u0117s naudos ir augimo.<\/p>\n<p><strong>M\u016bs\u0173 vizija ir s\u0117km\u0117s formul\u0117<\/strong><\/p>\n<p>M\u016bs\u0173 vizija \u2013 visada b\u016bti kliento \u0161irdyje, si\u016blant asmenines ir r\u016bpestingas paslaugas. M\u016bs\u0173 s\u0117km\u0117s pagrindas \u2013 atsidavusi komanda, novatori\u0161kas m\u0105stymas ir lojal\u016bs partneriai. Vertiname kiekvien\u0105 komandos nar\u012f, suteikdami jam galimybes tobul\u0117ti ir pripa\u017einti juos u\u017e j\u0173 ind\u0117l\u012f.<\/p>\n<p><strong>Kvie\u010diame susipa\u017einti su m\u016bs\u0173 paslaugomis ir produktais <\/strong><\/p>\n<p>M\u016bs\u0173 svetain\u0117 sukurta siekiant pateikti Jums m\u016bs\u0173 produkt\u0173 ir paslaug\u0173 ap\u017evalg\u0105 ir santrauk\u0105. Esame \u010dia tam, kad pad\u0117tume rasti geriausius sprendimus, atitinkan\u010dius J\u016bs\u0173 poreikius ir l\u016bkes\u010dius. Ar tai b\u016bt\u0173 laidojimo paslaug\u0173 organizavimas, mirusiojo perve\u017eimas ar kremavimas \u2013 Barem O\u00dc yra patikimas partneris.<\/p>\n\t\t\t<a href=\"\/lt\/apie-mus\/\" target=\"_self\" role=\"button\" aria-label=\"Su\u017einokite daugiau apie mus\" rel=\"noopener\">\n\t\t\t\t\t\t\tSu\u017einokite daugiau apie mus\n\t\t<\/a>\n\t\t\t\t<img loading=\"lazy\" decoding=\"async\" src=\"https:\/\/barem.ee\/wp-content\/uploads\/2020\/06\/water.jpg\" alt=\"water\" itemprop=\"image\" height=\"315\" width=\"248\" title=\"water\" onerror=\"this.style.display='none'\"  \/>\n\t<h2>\n\t\t\t\tGreitas u\u017esakym\u0173 vykdymas ir transportavimas visoje Europoje\n\t\t\t<\/h2>\n\t\t\t<a href=\"\/kontakt\" target=\"_self\" role=\"button\" aria-label=\"Apie mus\" rel=\"noopener\">\n\t\t\t\t\t\t\tApie mus\n\t\t<\/a>\n\t<h2>\n\t\t\t\tM\u016bs\u0173 kontaktai\n\t\t\t<\/h2>\n\t<h2>\n\t\t\t\tPara\u0161ykite mums \u017einut\u0119:\n\t\t\t<\/h2>\n","protected":false},"excerpt":{"rendered":"<p>Sveiki prisijung\u0119 prie Barem O\u00dc \u0161eimos \u2013 kartu kuriame prisiminimus, kurie i\u0161lieka am\u017einai. Katalogas Barem O\u00dc &#8211; Pasir\u016bpinsime, kad paskutin\u0117 kelion\u0117 b\u016bt\u0173 ori Sveiki atvyk\u0119 \u012f Barem O\u00dc puslap\u012f \u2013 J\u016bs\u0173 patikimas partneris, jei pageidaujate pasi\u016blyti savo klientams paslaug\u0105, padedan\u010di\u0105 u\u017etikrinti, kad j\u0173 artim\u0173j\u0173 paskutin\u0117 kelion\u0117 b\u016bt\u0173 ori ir \u012fsimintina. M\u016bs\u0173 misija \u2013 pasi\u016blyti plat\u0173 [&hellip;]<\/p>\n","protected":false},"author":1,"featured_media":0,"parent":0,"menu_order":0,"comment_status":"closed","ping_status":"closed","template":"","meta":{"_acf_changed":false,"site-sidebar-layout":"no-sidebar","site-content-layout":"page-builder","ast-site-content-layout":"default","site-content-style":"default","site-sidebar-style":"default","ast-global-header-display":"","ast-banner-title-visibility":"","ast-main-header-display":"","ast-hfb-above-header-display":"","ast-hfb-below-header-display":"","ast-hfb-mobile-header-display":"","site-post-title":"disabled","ast-breadcrumbs-content":"","ast-featured-img":"disabled","footer-sml-layout":"","theme-transparent-header-meta":"enabled","adv-header-id-meta":"","stick-header-meta":"","header-above-stick-meta":"","header-main-stick-meta":"","header-below-stick-meta":"","astra-migrate-meta-layouts":"default","ast-page-background-enabled":"default","ast-page-background-meta":{"desktop":{"background-color":"var(--ast-global-color-4)","background-image":"","background-repeat":"repeat","background-position":"center center","background-size":"auto","background-attachment":"scroll","background-type":"","background-media":"","overlay-type":"","overlay-color":"","overlay-opacity":"","overlay-gradient":""},"tablet":{"background-color":"","background-image":"","background-repeat":"repeat","background-position":"center center","background-size":"auto","background-attachment":"scroll","background-type":"","background-media":"","overlay-type":"","overlay-color":"","overlay-opacity":"","overlay-gradient":""},"mobile":{"background-color":"","background-image":"","background-repeat":"repeat","background-position":"center center","background-size":"auto","background-attachment":"scroll","background-type":"","background-media":"","overlay-type":"","overlay-color":"","overlay-opacity":"","overlay-gradient":""}},"ast-content-background-meta":{"desktop":{"background-color":"var(--ast-global-color-5)","background-image":"","background-repeat":"repeat","background-position":"center center","background-size":"auto","background-attachment":"scroll","background-type":"","background-media":"","overlay-type":"","overlay-color":"","overlay-opacity":"","overlay-gradient":""},"tablet":{"background-color":"var(--ast-global-color-5)","background-image":"","background-repeat":"repeat","background-position":"center center","background-size":"auto","background-attachment":"scroll","background-type":"","background-media":"","overlay-type":"","overlay-color":"","overlay-opacity":"","overlay-gradient":""},"mobile":{"background-color":"var(--ast-global-color-5)","background-image":"","background-repeat":"repeat","background-position":"center center","background-size":"auto","background-attachment":"scroll","background-type":"","background-media":"","overlay-type":"","overlay-color":"","overlay-opacity":"","overlay-gradient":""}},"footnotes":""},"class_list":["post-148732","page","type-page","status-publish","hentry"],"acf":[],"_links":{"self":[{"href":"https:\/\/barem.ee\/lt\/wp-json\/wp\/v2\/pages\/148732","targetHints":{"allow":["GET"]}}],"collection":[{"href":"https:\/\/barem.ee\/lt\/wp-json\/wp\/v2\/pages"}],"about":[{"href":"https:\/\/barem.ee\/lt\/wp-json\/wp\/v2\/types\/page"}],"author":[{"embeddable":true,"href":"https:\/\/barem.ee\/lt\/wp-json\/wp\/v2\/users\/1"}],"replies":[{"embeddable":true,"href":"https:\/\/barem.ee\/lt\/wp-json\/wp\/v2\/comments?post=148732"}],"version-history":[{"count":2,"href":"https:\/\/barem.ee\/lt\/wp-json\/wp\/v2\/pages\/148732\/revisions"}],"predecessor-version":[{"id":148961,"href":"https:\/\/barem.ee\/lt\/wp-json\/wp\/v2\/pages\/148732\/revisions\/148961"}],"wp:attachment":[{"href":"https:\/\/barem.ee\/lt\/wp-json\/wp\/v2\/media?parent=148732"}],"curies":[{"name":"wp","href":"https:\/\/api.w.org\/{rel}","templated":true}]}}