{"id":148737,"date":"2020-06-05T09:31:15","date_gmt":"2020-06-05T09:31:15","guid":{"rendered":"https:\/\/barem.ee\/meist\/"},"modified":"2024-04-01T14:19:38","modified_gmt":"2024-04-01T14:19:38","slug":"apie-mus","status":"publish","type":"page","link":"https:\/\/barem.ee\/lt\/apie-mus\/","title":{"rendered":"Apie mus"},"content":{"rendered":"\n\t<h1>\n\t\t\t\tApie Mus\n\t\t\t<\/h1>\n\t<h2>\n\t\t\t\tKokyb\u0117 niekuomet neb\u016bna atsitiktinumas&#8230;\n\t\t\t<\/h2>\n\t\t\t\t<img loading=\"lazy\" decoding=\"async\" src=\"https:\/\/barem.ee\/wp-content\/uploads\/2020\/06\/hiclipart-1.png\" alt=\"hiclipart 1\" itemprop=\"image\" height=\"469\" width=\"478\" title=\"hiclipart 1\" onerror=\"this.style.display='none'\"  \/>\n\t<p>Barem O\u00dc yra laidojimo preki\u0173 gamintoja ir u\u017esiima didmenine prekyba. Turime daugiau nei 26 met\u0173 patirt\u012f kremavimo urn\u0173 gamybos srityje. I\u0161 viso m\u016bs\u0173 gamybos kompleksuose Harju ir Valgos apskrityse dirba 40 \u017emoni\u0173.<\/p>\n<p>Karstams ir kremavimo urnoms reikalinga mediena gaunama i\u0161 Estijos ir Suomijos mi\u0161k\u0173, kuriuos nuo pat prad\u017ei\u0173 apdorojame savaranki\u0161kai, Piet\u0173 Estijoje, T\u00f5rva gyvenviet\u0117je. Harju apskrityje, Saue gyvenviet\u0117je, karstai dengiami audiniu, vyksta produkcijos sand\u0117liavimas bei preki\u0173 i\u0161davimas. Nors m\u016bs\u0173 produkcija yra Estijoje, 97% laidojimo reikmen\u0173 eksportuojama.<\/p>\n<p>M\u016bs\u0173 \u012fsipareigojimas &#8211; i\u0161skirtinis klient\u0173 aptarnavimas ir ilgalaiki\u0173 santyki\u0173 k\u016brimas &#8211; suk\u016br\u0117 pasitik\u0117jim\u0105 tarp klient\u0173 tiek Estijoje, tiek visoje Skandinavijoje. Tai ai\u0161kiai rodo auk\u0161t\u0105 m\u016bs\u0173 laidojimo reikmen\u0173 kokyb\u0119 ir auk\u0161\u010diausios klas\u0117s klient\u0173 aptarnavim\u0105.<\/p>\n\t<p>\u012emon\u0117je Barem vertiname visus savo klientus ir kiekvienam i\u0161 j\u0173 teikiame pirmenyb\u0119 tiek prie\u0161, tiek po pirkimo proceso. D\u0117l to mums svarbus greitas aptarnavimas ir tai, kad klientai likt\u0173 patenkinti.<\/p>\n<p>M\u016bs\u0173 tikslas \u2013 teikti geriausi\u0105 bendr\u0105 patirt\u012f, \u012fskaitant kokyb\u0119, pasirinkim\u0105, kain\u0105 ir palaikym\u0105. Esame pasiruo\u0161\u0119 \u012fvykdyti ir ypatingus J\u016bs\u0173 pageidavimus. Nedvejodami susisiekite su mumis ir kartu rasime Jums geriausi\u0105 sprendim\u0105.<\/p>\n\t\t\t\t<img loading=\"lazy\" decoding=\"async\" src=\"https:\/\/barem.ee\/wp-content\/uploads\/2020\/06\/image-2.png\" alt=\"image 2\" itemprop=\"image\" height=\"386\" width=\"267\" title=\"image 2\" onerror=\"this.style.display='none'\"  \/>\n\t<h2>\n\t\t\t\tGreitas u\u017esakym\u0173 vykdymas ir transportavimas visoje Europoje\n\t\t\t<\/h2>\n\t<h2>\n\t\t\t\tM\u016bs\u0173 kontaktai\n\t\t\t<\/h2>\n\t<h2>\n\t\t\t\tPara\u0161ykite mums \u017einut\u0119:\n\t\t\t<\/h2>\n","protected":false},"excerpt":{"rendered":"<p>Apie Mus Kokyb\u0117 niekuomet neb\u016bna atsitiktinumas&#8230; Barem O\u00dc yra laidojimo preki\u0173 gamintoja ir u\u017esiima didmenine prekyba. Turime daugiau nei 26 met\u0173 patirt\u012f kremavimo urn\u0173 gamybos srityje. I\u0161 viso m\u016bs\u0173 gamybos kompleksuose Harju ir Valgos apskrityse dirba 40 \u017emoni\u0173. Karstams ir kremavimo urnoms reikalinga mediena gaunama i\u0161 Estijos ir Suomijos mi\u0161k\u0173, kuriuos nuo pat prad\u017ei\u0173 apdorojame [&hellip;]<\/p>\n","protected":false},"author":1,"featured_media":0,"parent":0,"menu_order":0,"comment_status":"closed","ping_status":"closed","template":"","meta":{"_acf_changed":false,"site-sidebar-layout":"no-sidebar","site-content-layout":"page-builder","ast-site-content-layout":"default","site-content-style":"default","site-sidebar-style":"default","ast-global-header-display":"","ast-banner-title-visibility":"","ast-main-header-display":"","ast-hfb-above-header-display":"","ast-hfb-below-header-display":"","ast-hfb-mobile-header-display":"","site-post-title":"disabled","ast-breadcrumbs-content":"","ast-featured-img":"disabled","footer-sml-layout":"","theme-transparent-header-meta":"enabled","adv-header-id-meta":"","stick-header-meta":"","header-above-stick-meta":"","header-main-stick-meta":"","header-below-stick-meta":"","astra-migrate-meta-layouts":"default","ast-page-background-enabled":"default","ast-page-background-meta":{"desktop":{"background-color":"var(--ast-global-color-4)","background-image":"","background-repeat":"repeat","background-position":"center center","background-size":"auto","background-attachment":"scroll","background-type":"","background-media":"","overlay-type":"","overlay-color":"","overlay-opacity":"","overlay-gradient":""},"tablet":{"background-color":"","background-image":"","background-repeat":"repeat","background-position":"center center","background-size":"auto","background-attachment":"scroll","background-type":"","background-media":"","overlay-type":"","overlay-color":"","overlay-opacity":"","overlay-gradient":""},"mobile":{"background-color":"","background-image":"","background-repeat":"repeat","background-position":"center center","background-size":"auto","background-attachment":"scroll","background-type":"","background-media":"","overlay-type":"","overlay-color":"","overlay-opacity":"","overlay-gradient":""}},"ast-content-background-meta":{"desktop":{"background-color":"var(--ast-global-color-5)","background-image":"","background-repeat":"repeat","background-position":"center center","background-size":"auto","background-attachment":"scroll","background-type":"","background-media":"","overlay-type":"","overlay-color":"","overlay-opacity":"","overlay-gradient":""},"tablet":{"background-color":"var(--ast-global-color-5)","background-image":"","background-repeat":"repeat","background-position":"center center","background-size":"auto","background-attachment":"scroll","background-type":"","background-media":"","overlay-type":"","overlay-color":"","overlay-opacity":"","overlay-gradient":""},"mobile":{"background-color":"var(--ast-global-color-5)","background-image":"","background-repeat":"repeat","background-position":"center center","background-size":"auto","background-attachment":"scroll","background-type":"","background-media":"","overlay-type":"","overlay-color":"","overlay-opacity":"","overlay-gradient":""}},"footnotes":""},"class_list":["post-148737","page","type-page","status-publish","hentry"],"acf":[],"_links":{"self":[{"href":"https:\/\/barem.ee\/lt\/wp-json\/wp\/v2\/pages\/148737","targetHints":{"allow":["GET"]}}],"collection":[{"href":"https:\/\/barem.ee\/lt\/wp-json\/wp\/v2\/pages"}],"about":[{"href":"https:\/\/barem.ee\/lt\/wp-json\/wp\/v2\/types\/page"}],"author":[{"embeddable":true,"href":"https:\/\/barem.ee\/lt\/wp-json\/wp\/v2\/users\/1"}],"replies":[{"embeddable":true,"href":"https:\/\/barem.ee\/lt\/wp-json\/wp\/v2\/comments?post=148737"}],"version-history":[{"count":2,"href":"https:\/\/barem.ee\/lt\/wp-json\/wp\/v2\/pages\/148737\/revisions"}],"predecessor-version":[{"id":148967,"href":"https:\/\/barem.ee\/lt\/wp-json\/wp\/v2\/pages\/148737\/revisions\/148967"}],"wp:attachment":[{"href":"https:\/\/barem.ee\/lt\/wp-json\/wp\/v2\/media?parent=148737"}],"curies":[{"name":"wp","href":"https:\/\/api.w.org\/{rel}","templated":true}]}}