{"id":170304,"date":"2025-10-01T09:35:12","date_gmt":"2025-10-01T09:35:12","guid":{"rendered":"https:\/\/barem.ee\/product\/spencer-z503-volditavate-kaepidemetega-kirstuvanker-z503\/"},"modified":"2026-04-26T14:00:05","modified_gmt":"2026-04-26T14:00:05","slug":"spencer-z503-volditavate-kaepidemetega-kirstuvanker-z503","status":"publish","type":"product","link":"https:\/\/barem.ee\/lt\/product\/spencer-z503-volditavate-kaepidemetega-kirstuvanker-z503\/?lang=lt","title":{"rendered":"Z503"},"content":{"rendered":"","protected":false},"excerpt":{"rendered":"<p>KOKKUVOLDITAV K\u00c4EPIDEMETEGA SURNURAAM<\/p>\n<p>Itaalias toodetud surnuraam Z503 on vastupidav ja mugav kasutada. Alumiiniumist konstruktsioon teeb raami vastupidavaks ja samas kergeks. Liigendid ja k\u00e4epidemed seevastu on roostevabast terasest mis tagab seadmele pika eluea. K\u00f5ikidel liikuvatel osadel on \u00f5litatud nailonist ja teflonist \u00fcmbrised mis tagavad, et nende avanemine ja sulgumine toimub vaikselt ning t\u00e4pselt. Kokkupanduna on raam vaid 13 cm pikk. Z503 on suured rattad kuid v\u00e4iksem k\u00f5rgus (45 cm), et raami oleks parem hoiule panna.<\/p>\n<p>KANDEV\u00d5IME: 300kg<br \/>SEADME KAAL: 11-15kg<br \/>LIHTNE HOIUSTADA<\/p>\n<ul>\n<li>Pikkus avatuna: 1180 mm<\/li>\n<li>K\u00f5rgus: 450 mm<\/li>\n<li>Paksus kokkuvoldituna: 130 mm<\/li>\n<li>Rattad: \u00d8 200 mm<\/li>\n<li>Pidurid: 2<\/li>\n<li>Kaal: 14,5 kg<\/li>\n<li>Materjal: Al, roostevaba teras, nylon, teflon<\/li>\n<li>Kandev\u00f5ime: 300 kg<\/li>\n<li>V\u00e4rv: Hall, pronks<\/li>\n<\/ul>\n<p><strong>Link to Manual:<\/strong> http:\/\/support.spencer.it\/manuals_n.php?lang=eng<\/p>\n","protected":false},"featured_media":169969,"template":"","meta":{"_acf_changed":false,"site-sidebar-layout":"default","site-content-layout":"","ast-site-content-layout":"default","site-content-style":"default","site-sidebar-style":"default","ast-global-header-display":"","ast-banner-title-visibility":"","ast-main-header-display":"","ast-hfb-above-header-display":"","ast-hfb-below-header-display":"","ast-hfb-mobile-header-display":"","site-post-title":"","ast-breadcrumbs-content":"","ast-featured-img":"","footer-sml-layout":"","theme-transparent-header-meta":"default","adv-header-id-meta":"","stick-header-meta":"","header-above-stick-meta":"","header-main-stick-meta":"","header-below-stick-meta":"","astra-migrate-meta-layouts":"set","ast-page-background-enabled":"default","ast-page-background-meta":{"desktop":{"background-color":"var(--ast-global-color-4)","background-image":"","background-repeat":"repeat","background-position":"center center","background-size":"auto","background-attachment":"scroll","background-type":"","background-media":"","overlay-type":"","overlay-color":"","overlay-opacity":"","overlay-gradient":""},"tablet":{"background-color":"","background-image":"","background-repeat":"repeat","background-position":"center center","background-size":"auto","background-attachment":"scroll","background-type":"","background-media":"","overlay-type":"","overlay-color":"","overlay-opacity":"","overlay-gradient":""},"mobile":{"background-color":"","background-image":"","background-repeat":"repeat","background-position":"center center","background-size":"auto","background-attachment":"scroll","background-type":"","background-media":"","overlay-type":"","overlay-color":"","overlay-opacity":"","overlay-gradient":""}},"ast-content-background-meta":{"desktop":{"background-color":"var(--ast-global-color-5)","background-image":"","background-repeat":"repeat","background-position":"center center","background-size":"auto","background-attachment":"scroll","background-type":"","background-media":"","overlay-type":"","overlay-color":"","overlay-opacity":"","overlay-gradient":""},"tablet":{"background-color":"var(--ast-global-color-5)","background-image":"","background-repeat":"repeat","background-position":"center center","background-size":"auto","background-attachment":"scroll","background-type":"","background-media":"","overlay-type":"","overlay-color":"","overlay-opacity":"","overlay-gradient":""},"mobile":{"background-color":"var(--ast-global-color-5)","background-image":"","background-repeat":"repeat","background-position":"center center","background-size":"auto","background-attachment":"scroll","background-type":"","background-media":"","overlay-type":"","overlay-color":"","overlay-opacity":"","overlay-gradient":""}}},"product_brand":[],"product_cat":[1833,1826,1652],"product_tag":[],"class_list":{"0":"post-170304","1":"product","2":"type-product","3":"status-publish","4":"has-post-thumbnail","6":"product_cat-kirstukarud","7":"product_cat-matusetarbed","8":"product_cat-spencer","9":"desktop-align-left","10":"tablet-align-left","11":"mobile-align-left","12":"ast-product-gallery-layout-horizontal-slider","13":"ast-product-gallery-with-no-image","14":"ast-magnify-disabled","16":"first","17":"instock","18":"shipping-taxable","19":"product-type-simple"},"acf":[],"_links":{"self":[{"href":"https:\/\/barem.ee\/lt\/wp-json\/wp\/v2\/product\/170304","targetHints":{"allow":["GET"]}}],"collection":[{"href":"https:\/\/barem.ee\/lt\/wp-json\/wp\/v2\/product"}],"about":[{"href":"https:\/\/barem.ee\/lt\/wp-json\/wp\/v2\/types\/product"}],"wp:featuredmedia":[{"embeddable":true,"href":"https:\/\/barem.ee\/lt\/wp-json\/wp\/v2\/media\/169969"}],"wp:attachment":[{"href":"https:\/\/barem.ee\/lt\/wp-json\/wp\/v2\/media?parent=170304"}],"wp:term":[{"taxonomy":"product_brand","embeddable":true,"href":"https:\/\/barem.ee\/lt\/wp-json\/wp\/v2\/product_brand?post=170304"},{"taxonomy":"product_cat","embeddable":true,"href":"https:\/\/barem.ee\/lt\/wp-json\/wp\/v2\/product_cat?post=170304"},{"taxonomy":"product_tag","embeddable":true,"href":"https:\/\/barem.ee\/lt\/wp-json\/wp\/v2\/product_tag?post=170304"}],"curies":[{"name":"wp","href":"https:\/\/api.w.org\/{rel}","templated":true}]}}