{"id":170317,"date":"2025-10-01T09:35:13","date_gmt":"2025-10-01T09:35:13","guid":{"rendered":"https:\/\/barem.ee\/product\/spencer-frack-zv00200\/"},"modified":"2026-04-26T14:00:06","modified_gmt":"2026-04-26T14:00:06","slug":"spencer-frack-zv00200","status":"publish","type":"product","link":"https:\/\/barem.ee\/lt\/product\/spencer-frack-zv00200\/?lang=lt","title":{"rendered":"FRACK"},"content":{"rendered":"","protected":false},"excerpt":{"rendered":"<p>REGULEERITAVA K\u00d5RGUSEGA KOKKUVOLDITAV RIIETAMISLAUD<\/p>\n<p>Frack on kokkuvolditav reguleeritava k\u00f5rgusega riietamislaud mida saab kasutada ka \u00fcks t\u00f6\u00f6taja. Raam on valmistatud roostevabast terasest ning suure tihedusega pol\u00fcet\u00fcleenist t\u00f6\u00f6tasapind on mitte ainult erakordselt praktiline ja lihtsasti puhastatav, vaid ka v\u00e4ga vastupidav. Frack on varustatud kokkuvolditava alusega mis h\u00f5lbustab laua puhastamist. Laud on saadaval nelja p\u00f6\u00f6rava rattaga ja piduritega v\u00f5i ilma ratasteta.<\/p>\n<p>KANDEV\u00d5IME: 150 kg<br \/>TWIST SYSTEM<br \/>REGULEERITAVAD K\u00d5RGUSED: 4<\/p>\n<ul>\n<li>Pikkus avatuna: 1870 mm<\/li>\n<li>Laius: 635 mm<\/li>\n<li>Minimaalne k\u00f5rgus: 1000 x 190 x 635 mm<\/li>\n<li>Kaal ilma standardvarustuseta: 23 kg<\/li>\n<li>Materjal: PE, roostevaba teras<\/li>\n<li>Kandev\u00f5ime: 150 kg<\/li>\n<\/ul>\n<p>ZV00200 Frack<\/p>\n<ul>\n<li>Pikkus avatuna: 1870 mm<\/li>\n<li>Laius: 635 mm<\/li>\n<li>Minimaalne k\u00f5rgus: 180 mm<\/li>\n<li>1. k\u00f5rgus: 600 mm<\/li>\n<li>2 k\u00f5rgus: 750 mm<\/li>\n<li>Maksimum k\u00f5rgus 850 mm<\/li>\n<li>M\u00f5\u00f5dud kokkupanduna: 180 mm<\/li>\n<li>Rattad:4 ratast \u00d8 100 mm piduritega<\/li>\n<li>Materjal: PE, roostevaba teras<\/li>\n<\/ul>\n<p>ZV00204 Frack ratastega<\/p>\n<p><strong>Link to Manual:<\/strong> http:\/\/support.spencer.it\/manuals_n.php?lang=eng<\/p>\n","protected":false},"featured_media":169900,"template":"","meta":{"_acf_changed":false,"site-sidebar-layout":"default","site-content-layout":"","ast-site-content-layout":"default","site-content-style":"default","site-sidebar-style":"default","ast-global-header-display":"","ast-banner-title-visibility":"","ast-main-header-display":"","ast-hfb-above-header-display":"","ast-hfb-below-header-display":"","ast-hfb-mobile-header-display":"","site-post-title":"","ast-breadcrumbs-content":"","ast-featured-img":"","footer-sml-layout":"","theme-transparent-header-meta":"default","adv-header-id-meta":"","stick-header-meta":"","header-above-stick-meta":"","header-main-stick-meta":"","header-below-stick-meta":"","astra-migrate-meta-layouts":"set","ast-page-background-enabled":"default","ast-page-background-meta":{"desktop":{"background-color":"var(--ast-global-color-4)","background-image":"","background-repeat":"repeat","background-position":"center center","background-size":"auto","background-attachment":"scroll","background-type":"","background-media":"","overlay-type":"","overlay-color":"","overlay-opacity":"","overlay-gradient":""},"tablet":{"background-color":"","background-image":"","background-repeat":"repeat","background-position":"center center","background-size":"auto","background-attachment":"scroll","background-type":"","background-media":"","overlay-type":"","overlay-color":"","overlay-opacity":"","overlay-gradient":""},"mobile":{"background-color":"","background-image":"","background-repeat":"repeat","background-position":"center center","background-size":"auto","background-attachment":"scroll","background-type":"","background-media":"","overlay-type":"","overlay-color":"","overlay-opacity":"","overlay-gradient":""}},"ast-content-background-meta":{"desktop":{"background-color":"var(--ast-global-color-5)","background-image":"","background-repeat":"repeat","background-position":"center center","background-size":"auto","background-attachment":"scroll","background-type":"","background-media":"","overlay-type":"","overlay-color":"","overlay-opacity":"","overlay-gradient":""},"tablet":{"background-color":"var(--ast-global-color-5)","background-image":"","background-repeat":"repeat","background-position":"center center","background-size":"auto","background-attachment":"scroll","background-type":"","background-media":"","overlay-type":"","overlay-color":"","overlay-opacity":"","overlay-gradient":""},"mobile":{"background-color":"var(--ast-global-color-5)","background-image":"","background-repeat":"repeat","background-position":"center center","background-size":"auto","background-attachment":"scroll","background-type":"","background-media":"","overlay-type":"","overlay-color":"","overlay-opacity":"","overlay-gradient":""}}},"product_brand":[],"product_cat":[1826,1834,1652],"product_tag":[],"class_list":{"0":"post-170317","1":"product","2":"type-product","3":"status-publish","4":"has-post-thumbnail","6":"product_cat-matusetarbed","7":"product_cat-muud","8":"product_cat-spencer","9":"desktop-align-left","10":"tablet-align-left","11":"mobile-align-left","12":"ast-product-gallery-layout-horizontal-slider","13":"ast-magnify-disabled","15":"first","16":"instock","17":"shipping-taxable","18":"product-type-simple"},"acf":[],"_links":{"self":[{"href":"https:\/\/barem.ee\/lt\/wp-json\/wp\/v2\/product\/170317","targetHints":{"allow":["GET"]}}],"collection":[{"href":"https:\/\/barem.ee\/lt\/wp-json\/wp\/v2\/product"}],"about":[{"href":"https:\/\/barem.ee\/lt\/wp-json\/wp\/v2\/types\/product"}],"wp:featuredmedia":[{"embeddable":true,"href":"https:\/\/barem.ee\/lt\/wp-json\/wp\/v2\/media\/169900"}],"wp:attachment":[{"href":"https:\/\/barem.ee\/lt\/wp-json\/wp\/v2\/media?parent=170317"}],"wp:term":[{"taxonomy":"product_brand","embeddable":true,"href":"https:\/\/barem.ee\/lt\/wp-json\/wp\/v2\/product_brand?post=170317"},{"taxonomy":"product_cat","embeddable":true,"href":"https:\/\/barem.ee\/lt\/wp-json\/wp\/v2\/product_cat?post=170317"},{"taxonomy":"product_tag","embeddable":true,"href":"https:\/\/barem.ee\/lt\/wp-json\/wp\/v2\/product_tag?post=170317"}],"curies":[{"name":"wp","href":"https:\/\/api.w.org\/{rel}","templated":true}]}}