{"id":170323,"date":"2025-10-01T09:35:14","date_gmt":"2025-10-01T09:35:14","guid":{"rendered":"https:\/\/barem.ee\/product\/elektriline-tostemehhanismiga-kirstuvanker-power-z501\/"},"modified":"2026-04-26T14:00:06","modified_gmt":"2026-04-26T14:00:06","slug":"elektriline-tostemehhanismiga-kirstuvanker-power-z501","status":"publish","type":"product","link":"https:\/\/barem.ee\/lt\/product\/elektriline-tostemehhanismiga-kirstuvanker-power-z501\/?lang=lt","title":{"rendered":"POWER Z501"},"content":{"rendered":"","protected":false},"excerpt":{"rendered":"<p>MOTORISEERITUD T\u00d5STES\u00dcSTEEMIGA KOKKUVOLDITAV RAAM<\/p>\n<p>Power Z501 on kokkuvolditav raam, mille motoriseeritud t\u00f5stes\u00fcsteem h\u00f5lbustab kirstu matuseautodele v\u00f5i riietamislaudadele ja sealt maha t\u00f5stmist. Raami t\u00f5usukiirust juhitakse elektrooniliselt mis teeb seadme t\u00f6\u00f6 ohutumaks ja paremini juhitavaks. Raam on valmistatud kergest alumiiniumist (ainult 12 kg) mis muudab k\u00e4ru h\u00f5lpsaks transportimiseks ja kokku voltimiseks. Roostevabast terasest vuugid ja k\u00e4epidemed suurendavad raami vastupidavust ja eluiga.<\/p>\n<p>JUHTPULT<br \/>K\u00e4ru sisaldab laiendatava kaabliga kaugjuhtimispulti millega saab kasutada \u00fclemise rulli taseme reguleerimiseks.<\/p>\n<p>T\u00d5STEMEHHANISM<br \/>K\u00e4ru on varustatud v\u00f5imsa t\u00f5stes\u00fcsteemiga mis v\u00f5imaldab juhitavat elektroonilist liikumist. See funktsioon tagab kirstu \u00fcleviimise ajal suurema ohutuse ja kontrolli.<\/p>\n<p>AKUTOITEL<br \/>SEADME KAAL: 12kg<br \/>KANDEV\u00d5IME: 300kg<\/p>\n<ul>\n<li>Avatud pikkus: 1355 mm<\/li>\n<li>Laius k\u00e4epidemeteta: 550 mm<\/li>\n<li>Laius k\u00e4epidemetega: 1000 mm<\/li>\n<li>K\u00f5rgus suletud t\u00f5stes\u00fcsteemiga: 611 mm<\/li>\n<li>T\u00f5ste kiirus:6 mm\/s<\/li>\n<li>K\u00f5rguse vahemik rulli kohal:620-820 mm<\/li>\n<li>M\u00f5\u00f5dud kokkupanduna :800 x 290 x 550 mm<\/li>\n<li>Rattad :\u00d8 200 mm<\/li>\n<li>Pidurid: 4<\/li>\n<li>Kandev\u00f5ime :300 kg<\/li>\n<li>Kaal:12 kg<\/li>\n<li>Aku t\u00fc\u00fcp: 2Ah\u201318V Li-Ion<\/li>\n<li>Aku laadimisaeg :~ 60 min<\/li>\n<li>Raami v\u00e4rv: hall, pronks, must<\/li>\n<\/ul>\n<p><strong>Link to Manual:<\/strong> http:\/\/support.spencer.it\/manuals_n.php?lang=eng<\/p>\n","protected":false},"featured_media":170024,"template":"","meta":{"_acf_changed":false,"site-sidebar-layout":"default","site-content-layout":"","ast-site-content-layout":"default","site-content-style":"default","site-sidebar-style":"default","ast-global-header-display":"","ast-banner-title-visibility":"","ast-main-header-display":"","ast-hfb-above-header-display":"","ast-hfb-below-header-display":"","ast-hfb-mobile-header-display":"","site-post-title":"","ast-breadcrumbs-content":"","ast-featured-img":"","footer-sml-layout":"","theme-transparent-header-meta":"default","adv-header-id-meta":"","stick-header-meta":"","header-above-stick-meta":"","header-main-stick-meta":"","header-below-stick-meta":"","astra-migrate-meta-layouts":"set","ast-page-background-enabled":"default","ast-page-background-meta":{"desktop":{"background-color":"var(--ast-global-color-4)","background-image":"","background-repeat":"repeat","background-position":"center center","background-size":"auto","background-attachment":"scroll","background-type":"","background-media":"","overlay-type":"","overlay-color":"","overlay-opacity":"","overlay-gradient":""},"tablet":{"background-color":"","background-image":"","background-repeat":"repeat","background-position":"center center","background-size":"auto","background-attachment":"scroll","background-type":"","background-media":"","overlay-type":"","overlay-color":"","overlay-opacity":"","overlay-gradient":""},"mobile":{"background-color":"","background-image":"","background-repeat":"repeat","background-position":"center center","background-size":"auto","background-attachment":"scroll","background-type":"","background-media":"","overlay-type":"","overlay-color":"","overlay-opacity":"","overlay-gradient":""}},"ast-content-background-meta":{"desktop":{"background-color":"var(--ast-global-color-5)","background-image":"","background-repeat":"repeat","background-position":"center center","background-size":"auto","background-attachment":"scroll","background-type":"","background-media":"","overlay-type":"","overlay-color":"","overlay-opacity":"","overlay-gradient":""},"tablet":{"background-color":"var(--ast-global-color-5)","background-image":"","background-repeat":"repeat","background-position":"center center","background-size":"auto","background-attachment":"scroll","background-type":"","background-media":"","overlay-type":"","overlay-color":"","overlay-opacity":"","overlay-gradient":""},"mobile":{"background-color":"var(--ast-global-color-5)","background-image":"","background-repeat":"repeat","background-position":"center center","background-size":"auto","background-attachment":"scroll","background-type":"","background-media":"","overlay-type":"","overlay-color":"","overlay-opacity":"","overlay-gradient":""}}},"product_brand":[],"product_cat":[1833,1826,1652],"product_tag":[],"class_list":{"0":"post-170323","1":"product","2":"type-product","3":"status-publish","4":"has-post-thumbnail","6":"product_cat-kirstukarud","7":"product_cat-matusetarbed","8":"product_cat-spencer","9":"desktop-align-left","10":"tablet-align-left","11":"mobile-align-left","12":"ast-product-gallery-layout-horizontal-slider","13":"ast-product-gallery-with-no-image","14":"ast-magnify-disabled","16":"first","17":"instock","18":"shipping-taxable","19":"product-type-simple"},"acf":[],"_links":{"self":[{"href":"https:\/\/barem.ee\/lt\/wp-json\/wp\/v2\/product\/170323","targetHints":{"allow":["GET"]}}],"collection":[{"href":"https:\/\/barem.ee\/lt\/wp-json\/wp\/v2\/product"}],"about":[{"href":"https:\/\/barem.ee\/lt\/wp-json\/wp\/v2\/types\/product"}],"wp:featuredmedia":[{"embeddable":true,"href":"https:\/\/barem.ee\/lt\/wp-json\/wp\/v2\/media\/170024"}],"wp:attachment":[{"href":"https:\/\/barem.ee\/lt\/wp-json\/wp\/v2\/media?parent=170323"}],"wp:term":[{"taxonomy":"product_brand","embeddable":true,"href":"https:\/\/barem.ee\/lt\/wp-json\/wp\/v2\/product_brand?post=170323"},{"taxonomy":"product_cat","embeddable":true,"href":"https:\/\/barem.ee\/lt\/wp-json\/wp\/v2\/product_cat?post=170323"},{"taxonomy":"product_tag","embeddable":true,"href":"https:\/\/barem.ee\/lt\/wp-json\/wp\/v2\/product_tag?post=170323"}],"curies":[{"name":"wp","href":"https:\/\/api.w.org\/{rel}","templated":true}]}}