{"id":170324,"date":"2025-10-01T09:35:14","date_gmt":"2025-10-01T09:35:14","guid":{"rendered":"https:\/\/barem.ee\/product\/oleo-dunaamiline-tosteraam-jack-e\/"},"modified":"2026-04-26T14:00:05","modified_gmt":"2026-04-26T14:00:05","slug":"oleo-dunaamiline-tosteraam-jack-e","status":"publish","type":"product","link":"https:\/\/barem.ee\/lt\/product\/oleo-dunaamiline-tosteraam-jack-e\/?lang=lt","title":{"rendered":"JACK-E"},"content":{"rendered":"","protected":false},"excerpt":{"rendered":"<p>OLEO-D\u00dcNAAMILINE T\u00d5STERAAM<\/p>\n<p>Elektropoleeritud roostevabast terasest Spencer JACK-E on kompaktne ja kerge t\u00f5stuk kirstude peale- ja mahalaadimiseks, mida on lihtne k\u00e4sitseda. Seadet on ka lihtne hooldada, kuna sellel on pikk kasutusiga. Kerge kaal ja suured rattad teevad teisaldamise mugavamaks kui teistel saadaolevatel mudelitel. Seadme t\u00f5stmise ja langetamise pedaal on tugevdatud ja seda on lihtne vajutada.<\/p>\n<p>KANDEV\u00d5IME: 350kg<br \/>SEADME KAAL: 27,3kg<br \/>KERGELT LIIKUV<\/p>\n<ul>\n<li>Pikkus t\u00e4ielikult alla lastuna: 1150 mm<\/li>\n<li>Pikkus t\u00e4ielikult \u00fcles t\u00f5stetuna: 915 mm<\/li>\n<li>Min.k\u00f5rgus: 375 mm<\/li>\n<li>Max.k\u00f5rgus 870 mm<\/li>\n<li>Laius: 630 mm<\/li>\n<li>Esimesed rattad: \u00d8 200 mm piduritega<\/li>\n<li>Tagumised rattad: \u00d8 280 mm<\/li>\n<li>Kaal: 27,3 kg<\/li>\n<li>Kandev\u00f5ime: 350 kg<\/li>\n<li>Materjal: Roostevaba teras<\/li>\n<\/ul>\n<p>ZC30000 Jack-E<\/p>\n<ul>\n<li>Pikkus t\u00e4ielikult alla lastuna: 1185 mm<\/li>\n<li>Pikkus t\u00e4ielikult \u00fcles t\u00f5stetuna: 1000 mm<\/li>\n<li>Min.k\u00f5rgus: 375 mm<\/li>\n<li>Max.k\u00f5rgus: 870 mm<\/li>\n<li>Laius: 720 mm<\/li>\n<li>Esimesd rattad: \u00d8 200 mm piduritega<\/li>\n<li>Tagumised rattad: \u00d8 280 mm<\/li>\n<li>Kaal: 29,5 kg<\/li>\n<li>Kandev\u00f5ime: 350 kg<\/li>\n<li>Materjal: Roostevaba teras<\/li>\n<\/ul>\n<p>ZC30002 Jack-E 4RG Twist system<\/p>\n<p><strong>Link to Manual:<\/strong> http:\/\/support.spencer.it\/manuals_n.php?lang=eng<\/p>\n","protected":false},"featured_media":170032,"template":"","meta":{"_acf_changed":false,"site-sidebar-layout":"default","site-content-layout":"","ast-site-content-layout":"default","site-content-style":"default","site-sidebar-style":"default","ast-global-header-display":"","ast-banner-title-visibility":"","ast-main-header-display":"","ast-hfb-above-header-display":"","ast-hfb-below-header-display":"","ast-hfb-mobile-header-display":"","site-post-title":"","ast-breadcrumbs-content":"","ast-featured-img":"","footer-sml-layout":"","theme-transparent-header-meta":"default","adv-header-id-meta":"","stick-header-meta":"","header-above-stick-meta":"","header-main-stick-meta":"","header-below-stick-meta":"","astra-migrate-meta-layouts":"set","ast-page-background-enabled":"default","ast-page-background-meta":{"desktop":{"background-color":"var(--ast-global-color-4)","background-image":"","background-repeat":"repeat","background-position":"center center","background-size":"auto","background-attachment":"scroll","background-type":"","background-media":"","overlay-type":"","overlay-color":"","overlay-opacity":"","overlay-gradient":""},"tablet":{"background-color":"","background-image":"","background-repeat":"repeat","background-position":"center center","background-size":"auto","background-attachment":"scroll","background-type":"","background-media":"","overlay-type":"","overlay-color":"","overlay-opacity":"","overlay-gradient":""},"mobile":{"background-color":"","background-image":"","background-repeat":"repeat","background-position":"center center","background-size":"auto","background-attachment":"scroll","background-type":"","background-media":"","overlay-type":"","overlay-color":"","overlay-opacity":"","overlay-gradient":""}},"ast-content-background-meta":{"desktop":{"background-color":"var(--ast-global-color-5)","background-image":"","background-repeat":"repeat","background-position":"center center","background-size":"auto","background-attachment":"scroll","background-type":"","background-media":"","overlay-type":"","overlay-color":"","overlay-opacity":"","overlay-gradient":""},"tablet":{"background-color":"var(--ast-global-color-5)","background-image":"","background-repeat":"repeat","background-position":"center center","background-size":"auto","background-attachment":"scroll","background-type":"","background-media":"","overlay-type":"","overlay-color":"","overlay-opacity":"","overlay-gradient":""},"mobile":{"background-color":"var(--ast-global-color-5)","background-image":"","background-repeat":"repeat","background-position":"center center","background-size":"auto","background-attachment":"scroll","background-type":"","background-media":"","overlay-type":"","overlay-color":"","overlay-opacity":"","overlay-gradient":""}}},"product_brand":[],"product_cat":[1833,1826,1652],"product_tag":[],"class_list":{"0":"post-170324","1":"product","2":"type-product","3":"status-publish","4":"has-post-thumbnail","6":"product_cat-kirstukarud","7":"product_cat-matusetarbed","8":"product_cat-spencer","9":"desktop-align-left","10":"tablet-align-left","11":"mobile-align-left","12":"ast-product-gallery-layout-horizontal-slider","13":"ast-magnify-disabled","15":"first","16":"instock","17":"shipping-taxable","18":"product-type-simple"},"acf":[],"_links":{"self":[{"href":"https:\/\/barem.ee\/lt\/wp-json\/wp\/v2\/product\/170324","targetHints":{"allow":["GET"]}}],"collection":[{"href":"https:\/\/barem.ee\/lt\/wp-json\/wp\/v2\/product"}],"about":[{"href":"https:\/\/barem.ee\/lt\/wp-json\/wp\/v2\/types\/product"}],"wp:featuredmedia":[{"embeddable":true,"href":"https:\/\/barem.ee\/lt\/wp-json\/wp\/v2\/media\/170032"}],"wp:attachment":[{"href":"https:\/\/barem.ee\/lt\/wp-json\/wp\/v2\/media?parent=170324"}],"wp:term":[{"taxonomy":"product_brand","embeddable":true,"href":"https:\/\/barem.ee\/lt\/wp-json\/wp\/v2\/product_brand?post=170324"},{"taxonomy":"product_cat","embeddable":true,"href":"https:\/\/barem.ee\/lt\/wp-json\/wp\/v2\/product_cat?post=170324"},{"taxonomy":"product_tag","embeddable":true,"href":"https:\/\/barem.ee\/lt\/wp-json\/wp\/v2\/product_tag?post=170324"}],"curies":[{"name":"wp","href":"https:\/\/api.w.org\/{rel}","templated":true}]}}