{"id":170325,"date":"2025-10-01T09:35:14","date_gmt":"2025-10-01T09:35:14","guid":{"rendered":"https:\/\/barem.ee\/product\/rullidega-raam-rex\/"},"modified":"2026-04-26T14:00:06","modified_gmt":"2026-04-26T14:00:06","slug":"rullidega-raam-rex","status":"publish","type":"product","link":"https:\/\/barem.ee\/lt\/product\/rullidega-raam-rex\/?lang=lt","title":{"rendered":"REX"},"content":{"rendered":"","protected":false},"excerpt":{"rendered":"<p>RULLIDEGA RAAM<\/p>\n<p>REX on t\u00e4iustatud surnuraam, millel on rullide s\u00fcsteem, \u00fcks neist lukustatav. See lisand v\u00f5imaldab \u00fchel t\u00f6\u00f6tajal viia kirstu lihtsa vaevata matuseautolt raamile ja vastupidi.<\/p>\n<p>KANDEV\u00d5IME: 300kg<br \/>LIHTNE HOIUSTADA<\/p>\n<ul>\n<li>Pikkus avatuna: 1330 mm<\/li>\n<li>Laius suletud k\u00e4epidemetega: 550 mm<\/li>\n<li>Laius avatud k\u00e4epidemetega : 1000 mm<\/li>\n<li>Rullide k\u00f5rgus: 615 mm<\/li>\n<li>M\u00f5\u00f5dud kokkupanduna: 550x830x190 mm<\/li>\n<li>Rattad: \u00d8 200 mm<\/li>\n<li>Pidurid: 2<\/li>\n<li>Kaal: 18 kg<\/li>\n<li>Kandev\u00f5ime: 300 kg<\/li>\n<\/ul>\n<p><strong>Link to Manual:<\/strong> http:\/\/support.spencer.it\/manuals_n.php?lang=eng<\/p>\n","protected":false},"featured_media":170045,"template":"","meta":{"_acf_changed":false,"site-sidebar-layout":"default","site-content-layout":"","ast-site-content-layout":"default","site-content-style":"default","site-sidebar-style":"default","ast-global-header-display":"","ast-banner-title-visibility":"","ast-main-header-display":"","ast-hfb-above-header-display":"","ast-hfb-below-header-display":"","ast-hfb-mobile-header-display":"","site-post-title":"","ast-breadcrumbs-content":"","ast-featured-img":"","footer-sml-layout":"","theme-transparent-header-meta":"default","adv-header-id-meta":"","stick-header-meta":"","header-above-stick-meta":"","header-main-stick-meta":"","header-below-stick-meta":"","astra-migrate-meta-layouts":"set","ast-page-background-enabled":"default","ast-page-background-meta":{"desktop":{"background-color":"var(--ast-global-color-4)","background-image":"","background-repeat":"repeat","background-position":"center center","background-size":"auto","background-attachment":"scroll","background-type":"","background-media":"","overlay-type":"","overlay-color":"","overlay-opacity":"","overlay-gradient":""},"tablet":{"background-color":"","background-image":"","background-repeat":"repeat","background-position":"center center","background-size":"auto","background-attachment":"scroll","background-type":"","background-media":"","overlay-type":"","overlay-color":"","overlay-opacity":"","overlay-gradient":""},"mobile":{"background-color":"","background-image":"","background-repeat":"repeat","background-position":"center center","background-size":"auto","background-attachment":"scroll","background-type":"","background-media":"","overlay-type":"","overlay-color":"","overlay-opacity":"","overlay-gradient":""}},"ast-content-background-meta":{"desktop":{"background-color":"var(--ast-global-color-5)","background-image":"","background-repeat":"repeat","background-position":"center center","background-size":"auto","background-attachment":"scroll","background-type":"","background-media":"","overlay-type":"","overlay-color":"","overlay-opacity":"","overlay-gradient":""},"tablet":{"background-color":"var(--ast-global-color-5)","background-image":"","background-repeat":"repeat","background-position":"center center","background-size":"auto","background-attachment":"scroll","background-type":"","background-media":"","overlay-type":"","overlay-color":"","overlay-opacity":"","overlay-gradient":""},"mobile":{"background-color":"var(--ast-global-color-5)","background-image":"","background-repeat":"repeat","background-position":"center center","background-size":"auto","background-attachment":"scroll","background-type":"","background-media":"","overlay-type":"","overlay-color":"","overlay-opacity":"","overlay-gradient":""}}},"product_brand":[],"product_cat":[1833,1826,1652],"product_tag":[],"class_list":{"0":"post-170325","1":"product","2":"type-product","3":"status-publish","4":"has-post-thumbnail","6":"product_cat-kirstukarud","7":"product_cat-matusetarbed","8":"product_cat-spencer","9":"desktop-align-left","10":"tablet-align-left","11":"mobile-align-left","12":"ast-product-gallery-layout-horizontal-slider","13":"ast-product-gallery-with-no-image","14":"ast-magnify-disabled","16":"first","17":"instock","18":"shipping-taxable","19":"product-type-simple"},"acf":[],"_links":{"self":[{"href":"https:\/\/barem.ee\/lt\/wp-json\/wp\/v2\/product\/170325","targetHints":{"allow":["GET"]}}],"collection":[{"href":"https:\/\/barem.ee\/lt\/wp-json\/wp\/v2\/product"}],"about":[{"href":"https:\/\/barem.ee\/lt\/wp-json\/wp\/v2\/types\/product"}],"wp:featuredmedia":[{"embeddable":true,"href":"https:\/\/barem.ee\/lt\/wp-json\/wp\/v2\/media\/170045"}],"wp:attachment":[{"href":"https:\/\/barem.ee\/lt\/wp-json\/wp\/v2\/media?parent=170325"}],"wp:term":[{"taxonomy":"product_brand","embeddable":true,"href":"https:\/\/barem.ee\/lt\/wp-json\/wp\/v2\/product_brand?post=170325"},{"taxonomy":"product_cat","embeddable":true,"href":"https:\/\/barem.ee\/lt\/wp-json\/wp\/v2\/product_cat?post=170325"},{"taxonomy":"product_tag","embeddable":true,"href":"https:\/\/barem.ee\/lt\/wp-json\/wp\/v2\/product_tag?post=170325"}],"curies":[{"name":"wp","href":"https:\/\/api.w.org\/{rel}","templated":true}]}}