{"id":148098,"date":"2024-02-14T09:36:04","date_gmt":"2024-02-14T09:36:04","guid":{"rendered":"https:\/\/barem.ee\/spencer\/"},"modified":"2024-04-01T14:17:58","modified_gmt":"2024-04-01T14:17:58","slug":"spencer","status":"publish","type":"page","link":"https:\/\/barem.ee\/lv\/spencer\/","title":{"rendered":"Spencer"},"content":{"rendered":"\n\t<h1>\n\t\t\t\tspencer\n\t\t\t<\/h1>\n\t<h2>\n\t\t\t\tMade for decisive moments\n\t\t\t<\/h2>\n\t\t\t\t<img loading=\"lazy\" decoding=\"async\" src=\"https:\/\/barem.ee\/wp-content\/uploads\/2024\/02\/logo.jpg\" alt=\"logo\" itemprop=\"image\" height=\"300\" width=\"350\" title=\"logo\" onerror=\"this.style.display='none'\"  \/>\n<p>Kop\u0161 2024. gada Barem O\u00dc ir Spencer Italia S.r.l. ofici\u0101lais p\u0101rst\u0101vis Baltijas valst\u012bs un Somij\u0101.<\/p>\n<p>Spencer Italia S.r.l. ir vado\u0161ais apbed\u012b\u0161anas apr\u012bkojuma ra\u017eot\u0101js, kas pasaules tirg\u016b paz\u012bstams ar savu izstr\u0101d\u0101jumu kvalitat\u012bvo dizainu un \u0113rto lieto\u0161anu.<\/p>\n<p>Spencer produktu kl\u0101st\u0101 ir vair\u0101k nek\u0101 150 risin\u0101jumi morgu un apbed\u012b\u0161anas biroju darb\u012bbai, tostarp z\u0101rku pacel\u0161anas\/nolai\u0161anas ier\u012bces, transport\u0113\u0161anas rati\u0146i, nestuves mirst\u012bgo atlieku p\u0101rvieto\u0161anai un transport\u0113\u0161anai, darbagaldi un \u0123\u0113rb\u0161anas galdi, k\u0101 ar\u012b pla\u0161s apbed\u012b\u0161anas piederumu kl\u0101sts. Visi produkti ir ra\u017eoti It\u0101lij\u0101.<\/p>\n\t<p>Jau kop\u0161 1989. gada Spencer ir izc\u0113lies uz konkurentu fona ar \u012bpa\u0161iem produktiem, kas paredz\u0113ti ilgsto\u0161ai kalpo\u0161anai, vienlaikus \u013caujot r\u016bp\u0113ties par morgu un apbed\u012b\u0161anas uz\u0146\u0113mumu dro\u0161\u012bbu un samazin\u0101t nejau\u0161u traumu risku.<\/p>\n<p>Par Spencer koncepcijas nenoliedzamajiem pan\u0101kumiem liecina tirg\u016b pieejamo mode\u013cu kl\u0101sts un to pla\u0161\u0101 izmanto\u0161ana vair\u0101k nek\u0101 160 valst\u012bs vis\u0101 pasaul\u0113.<\/p>\n\t\t\t\t<img loading=\"lazy\" decoding=\"async\" src=\"https:\/\/barem.ee\/wp-content\/uploads\/2024\/02\/spender2.jpg\" alt=\"spender2\" itemprop=\"image\" height=\"300\" width=\"350\" title=\"spender2\" onerror=\"this.style.display='none'\"  \/>\n\t<h2>\n\t\t\t\tSpencer products\n\t\t\t<\/h2>\n<div class=\"woocommerce columns-4\"><\/div>\n\t<h2>\n\t\t\t\tM\u016bsu kontakti\n\t\t\t<\/h2>\n\t<h2>\n\t\t\t\tNos\u016btiet mums zi\u0146u\n\t\t\t<\/h2>\n","protected":false},"excerpt":{"rendered":"<p>spencer Made for decisive moments Kop\u0161 2024. gada Barem O\u00dc ir Spencer Italia S.r.l. ofici\u0101lais p\u0101rst\u0101vis Baltijas valst\u012bs un Somij\u0101. Spencer Italia S.r.l. ir vado\u0161ais apbed\u012b\u0161anas apr\u012bkojuma ra\u017eot\u0101js, kas pasaules tirg\u016b paz\u012bstams ar savu izstr\u0101d\u0101jumu kvalitat\u012bvo dizainu un \u0113rto lieto\u0161anu. Spencer produktu kl\u0101st\u0101 ir vair\u0101k nek\u0101 150 risin\u0101jumi morgu un apbed\u012b\u0161anas biroju darb\u012bbai, tostarp z\u0101rku [&hellip;]<\/p>\n","protected":false},"author":1,"featured_media":0,"parent":0,"menu_order":0,"comment_status":"closed","ping_status":"closed","template":"","meta":{"_acf_changed":false,"site-sidebar-layout":"no-sidebar","site-content-layout":"page-builder","ast-site-content-layout":"default","site-content-style":"default","site-sidebar-style":"default","ast-global-header-display":"","ast-banner-title-visibility":"","ast-main-header-display":"","ast-hfb-above-header-display":"","ast-hfb-below-header-display":"","ast-hfb-mobile-header-display":"","site-post-title":"disabled","ast-breadcrumbs-content":"","ast-featured-img":"disabled","footer-sml-layout":"","theme-transparent-header-meta":"enabled","adv-header-id-meta":"","stick-header-meta":"","header-above-stick-meta":"","header-main-stick-meta":"","header-below-stick-meta":"","astra-migrate-meta-layouts":"default","ast-page-background-enabled":"default","ast-page-background-meta":{"desktop":{"background-color":"var(--ast-global-color-4)","background-image":"","background-repeat":"repeat","background-position":"center center","background-size":"auto","background-attachment":"scroll","background-type":"","background-media":"","overlay-type":"","overlay-color":"","overlay-opacity":"","overlay-gradient":""},"tablet":{"background-color":"","background-image":"","background-repeat":"repeat","background-position":"center center","background-size":"auto","background-attachment":"scroll","background-type":"","background-media":"","overlay-type":"","overlay-color":"","overlay-opacity":"","overlay-gradient":""},"mobile":{"background-color":"","background-image":"","background-repeat":"repeat","background-position":"center center","background-size":"auto","background-attachment":"scroll","background-type":"","background-media":"","overlay-type":"","overlay-color":"","overlay-opacity":"","overlay-gradient":""}},"ast-content-background-meta":{"desktop":{"background-color":"var(--ast-global-color-5)","background-image":"","background-repeat":"repeat","background-position":"center center","background-size":"auto","background-attachment":"scroll","background-type":"","background-media":"","overlay-type":"","overlay-color":"","overlay-opacity":"","overlay-gradient":""},"tablet":{"background-color":"var(--ast-global-color-5)","background-image":"","background-repeat":"repeat","background-position":"center center","background-size":"auto","background-attachment":"scroll","background-type":"","background-media":"","overlay-type":"","overlay-color":"","overlay-opacity":"","overlay-gradient":""},"mobile":{"background-color":"var(--ast-global-color-5)","background-image":"","background-repeat":"repeat","background-position":"center center","background-size":"auto","background-attachment":"scroll","background-type":"","background-media":"","overlay-type":"","overlay-color":"","overlay-opacity":"","overlay-gradient":""}},"footnotes":""},"class_list":["post-148098","page","type-page","status-publish","hentry"],"acf":[],"_links":{"self":[{"href":"https:\/\/barem.ee\/lv\/wp-json\/wp\/v2\/pages\/148098","targetHints":{"allow":["GET"]}}],"collection":[{"href":"https:\/\/barem.ee\/lv\/wp-json\/wp\/v2\/pages"}],"about":[{"href":"https:\/\/barem.ee\/lv\/wp-json\/wp\/v2\/types\/page"}],"author":[{"embeddable":true,"href":"https:\/\/barem.ee\/lv\/wp-json\/wp\/v2\/users\/1"}],"replies":[{"embeddable":true,"href":"https:\/\/barem.ee\/lv\/wp-json\/wp\/v2\/comments?post=148098"}],"version-history":[{"count":5,"href":"https:\/\/barem.ee\/lv\/wp-json\/wp\/v2\/pages\/148098\/revisions"}],"predecessor-version":[{"id":148965,"href":"https:\/\/barem.ee\/lv\/wp-json\/wp\/v2\/pages\/148098\/revisions\/148965"}],"wp:attachment":[{"href":"https:\/\/barem.ee\/lv\/wp-json\/wp\/v2\/media?parent=148098"}],"curies":[{"name":"wp","href":"https:\/\/api.w.org\/{rel}","templated":true}]}}