{"id":148104,"date":"2024-02-27T16:38:35","date_gmt":"2024-02-27T16:38:35","guid":{"rendered":"https:\/\/barem.ee\/spencer\/warranty-conditions\/"},"modified":"2024-04-01T14:16:48","modified_gmt":"2024-04-01T14:16:48","slug":"garantijas-nosacijumi","status":"publish","type":"page","link":"https:\/\/barem.ee\/lv\/spencer\/garantijas-nosacijumi\/","title":{"rendered":"Warranty conditions"},"content":{"rendered":"\n\t<h1>\n\t\t\t\tGarantijas nosac\u012bjumi\n\t\t\t<\/h1>\n\t<p>Spencer Italia S.r.l. (Ra\u017eot\u0101js) dod saviem izstr\u0101d\u0101jumiem 12 m\u0113ne\u0161u garantiju (garantijas nosac\u012bjumi ir atrodami ar\u012b lietot\u0101ja rokasgr\u0101mat\u0101s).<\/p>\n<p>Klients ir atbild\u012bgs par pre\u010du p\u0101rbaudi t\u016bl\u012bt p\u0113c to sa\u0146em\u0161anas. Jebkuras pretenzijas par pre\u010du daudzumu un\/vai kvalit\u0101ti ir j\u0101iesniedz Barem O\u00dc (P\u0101rdev\u0113js) asto\u0146u dienu laik\u0101 no pre\u010du sa\u0146em\u0161anas dienas.<\/p>\n<p>Konstat\u0113jot tr\u016bkumu, pirc\u0113jam asto\u0146u dienu laik\u0101, ta\u010du ne v\u0113l\u0101k k\u0101 12 (divpadsmit) m\u0113ne\u0161u laik\u0101 no tr\u016bkuma konstat\u0113\u0161anas br\u012b\u017ea, j\u0101inform\u0113 par tiem rakstiski P\u0101rdev\u0113js, nor\u0101dot Produkta s\u0113rijas numuru.<\/p>\n<p>Ja defekts radies Ra\u017eot\u0101ja vainas d\u0113\u013c, P\u0101rdev\u0113jam ir ties\u012bbas p\u0113c pre\u010du atgrie\u0161anas P\u0101rdev\u0113jam (i) apmain\u012bt preces vai (ii) atgriezt Klientam par prec\u0113m samaks\u0101to summu pie noteikuma, ka Ra\u017eot\u0101js ir atzinis, ka defekts ir radies t\u0101 vainas d\u0113\u013c. Preces var atgriezt Ra\u017eot\u0101jam tikai, Klientam un P\u0101rdev\u0113jam par to attiec\u012bgi vienojoties, un saska\u0146\u0101 ar Ra\u017eot\u0101ja nor\u0101d\u012bjumiem. J\u0101\u0146em v\u0113r\u0101, ka: (i) nekvalitat\u012bv\u0101s preces (vai t\u0101 da\u013cas) atgrie\u0161ana ir iepriek\u0161 j\u0101saska\u0146o ar Ra\u017eot\u0101ju; (ii) nekvalitat\u012bv\u0101s preces (vai to da\u013ca) tiek atgrieztas uz Klienta r\u0113\u0137ina pras\u012bb\u0101m atbilsto\u0161\u0101, ori\u0123in\u0101laj\u0101 iepakojum\u0101 (kas ir b\u016btisks garantijas sp\u0113k\u0101 esam\u012bbas nosac\u012bjums), stingri iev\u0113rojot Ra\u017eot\u0101ja nor\u0101d\u012bjumus; (iii) Klientam j\u0101iesniedz P\u0101rdev\u0113jam piln\u012bga inform\u0101cija par preces (vai t\u0101s da\u013cas) defektu.<\/p>\n<p>P\u0101rdev\u0113js vai Ra\u017eot\u0101js nek\u0101d\u0101 gad\u012bjum\u0101 nav atbild\u012bgs par boj\u0101jumiem, kas radu\u0161ies sakar\u0101 ar to, ka Klients un\/vai tre\u0161\u0101s personas nepareizi lieto produktus, vai par to lieto\u0161anas rezult\u0101t\u0101 person\u0101m vai \u012bpa\u0161umam nodar\u012bto kait\u0113jumu. P\u0101rdev\u0113js vai Ra\u017eot\u0101js nek\u0101d\u0101 gad\u012bjum\u0101 nav atbild\u012bgs par netie\u0161iem un\/vai nejau\u0161iem zaud\u0113jumiem.<\/p>\nJa puses nav vienoju\u0161\u0101s cit\u0101di, visus pre\u010du remontdarbus veic P\u0101rdev\u0113js, nodro\u0161inot augstas kvalit\u0101tes remontu un izmantojot ori\u0123in\u0101l\u0101s rezerves da\u013cas saska\u0146\u0101 ar ra\u017eot\u0101ja nor\u0101d\u012bjumiem.<br \/>\nPret\u0113j\u0101 gad\u012bjum\u0101 Ra\u017eot\u0101js un P\u0101rdev\u0113js neatbild par jebk\u0101d\u0101m Preces garantijas noteikumu p\u0101rk\u0101pumu sek\u0101m.\nGarantija neattiecas uz izmaks\u0101m, kait\u0113jumu un boj\u0101jumiem, kas radu\u0161ies:<br \/>\n&#8211; produkta nepareizas uzst\u0101d\u012b\u0161anas un lieto\u0161anas rezult\u0101t\u0101, kas neatbilst t\u0101s valsts tehniskajiem standartiem vai dro\u0161\u012bbas noteikumiem, kur\u0101 produkts tiek lietots;<br \/>\n&#8211; iek\u0101rtu neparedz\u0113tiem m\u0113r\u0137iem lieto\u0161anas rezult\u0101t\u0101 (lieto\u0161ana neatbilst instrukcij\u0101 sniegtajiem nor\u0101d\u012bjumiem);<br \/>\n&#8211; sakar\u0101 ar remontu un\/vai modific\u0113\u0161anu, ko P\u0101rdev\u0113js nav iepriek\u0161 skaidri at\u013c\u0101vis;<br \/>\n&#8211; sakar\u0101 ar atteik\u0161anos iepakot preces saska\u0146\u0101 ar Ra\u017eot\u0101ja ieteikumiem.<br \/>\n&#8211; Ja Klients neiev\u0113ro (kaut da\u013c\u0113ji) apmaksas noteikumus, garantija nav sp\u0113k\u0101.\n<p>Garantija neattiecas uz piederumiem, sast\u0101vda\u013c\u0101m, materi\u0101liem un\/vai apr\u012bkojumu, ko nav ra\u017eojis Ra\u017eot\u0101js.<\/p>\n<p>Visas izmaksas un riskus saist\u012bb\u0101 ar pre\u010du transport\u0113\u0161anu uz Ra\u017eot\u0101ja vai t\u0101 autoriz\u0113t\u0101 servisa centru, sedz Klients.<\/p>\nJa vien nav nor\u0101d\u012bts cit\u0101di, Klientam ir j\u0101iev\u0113ro tehniskie noteikumi, kas garant\u0113 nepiecie\u0161amo dro\u0161\u012bbu.<br \/>\nKlientam vispirms ir j\u0101p\u0101rliecin\u0101s par izstr\u0101d\u0101juma piem\u0113rot\u012bbu, p\u0101rbaudot gabar\u012btus un citas b\u016btiskas deta\u013cas.<br \/>\nCenu lap\u0101 nor\u0101d\u012btie izstr\u0101d\u0101jumu tehniskie parametri var main\u012bties.\n<p>&nbsp;<\/p>\n","protected":false},"excerpt":{"rendered":"<p>Garantijas nosac\u012bjumi Spencer Italia S.r.l. (Ra\u017eot\u0101js) dod saviem izstr\u0101d\u0101jumiem 12 m\u0113ne\u0161u garantiju (garantijas nosac\u012bjumi ir atrodami ar\u012b lietot\u0101ja rokasgr\u0101mat\u0101s). Klients ir atbild\u012bgs par pre\u010du p\u0101rbaudi t\u016bl\u012bt p\u0113c to sa\u0146em\u0161anas. Jebkuras pretenzijas par pre\u010du daudzumu un\/vai kvalit\u0101ti ir j\u0101iesniedz Barem O\u00dc (P\u0101rdev\u0113js) asto\u0146u dienu laik\u0101 no pre\u010du sa\u0146em\u0161anas dienas. Konstat\u0113jot tr\u016bkumu, pirc\u0113jam asto\u0146u dienu laik\u0101, ta\u010du [&hellip;]<\/p>\n","protected":false},"author":1,"featured_media":0,"parent":148098,"menu_order":0,"comment_status":"closed","ping_status":"closed","template":"","meta":{"_acf_changed":false,"site-sidebar-layout":"no-sidebar","site-content-layout":"page-builder","ast-site-content-layout":"default","site-content-style":"default","site-sidebar-style":"default","ast-global-header-display":"","ast-banner-title-visibility":"","ast-main-header-display":"","ast-hfb-above-header-display":"","ast-hfb-below-header-display":"","ast-hfb-mobile-header-display":"","site-post-title":"disabled","ast-breadcrumbs-content":"","ast-featured-img":"disabled","footer-sml-layout":"","theme-transparent-header-meta":"enabled","adv-header-id-meta":"","stick-header-meta":"","header-above-stick-meta":"","header-main-stick-meta":"","header-below-stick-meta":"","astra-migrate-meta-layouts":"default","ast-page-background-enabled":"default","ast-page-background-meta":{"desktop":{"background-color":"var(--ast-global-color-4)","background-image":"","background-repeat":"repeat","background-position":"center center","background-size":"auto","background-attachment":"scroll","background-type":"","background-media":"","overlay-type":"","overlay-color":"","overlay-opacity":"","overlay-gradient":""},"tablet":{"background-color":"","background-image":"","background-repeat":"repeat","background-position":"center center","background-size":"auto","background-attachment":"scroll","background-type":"","background-media":"","overlay-type":"","overlay-color":"","overlay-opacity":"","overlay-gradient":""},"mobile":{"background-color":"","background-image":"","background-repeat":"repeat","background-position":"center center","background-size":"auto","background-attachment":"scroll","background-type":"","background-media":"","overlay-type":"","overlay-color":"","overlay-opacity":"","overlay-gradient":""}},"ast-content-background-meta":{"desktop":{"background-color":"var(--ast-global-color-5)","background-image":"","background-repeat":"repeat","background-position":"center center","background-size":"auto","background-attachment":"scroll","background-type":"","background-media":"","overlay-type":"","overlay-color":"","overlay-opacity":"","overlay-gradient":""},"tablet":{"background-color":"var(--ast-global-color-5)","background-image":"","background-repeat":"repeat","background-position":"center center","background-size":"auto","background-attachment":"scroll","background-type":"","background-media":"","overlay-type":"","overlay-color":"","overlay-opacity":"","overlay-gradient":""},"mobile":{"background-color":"var(--ast-global-color-5)","background-image":"","background-repeat":"repeat","background-position":"center center","background-size":"auto","background-attachment":"scroll","background-type":"","background-media":"","overlay-type":"","overlay-color":"","overlay-opacity":"","overlay-gradient":""}},"footnotes":""},"class_list":["post-148104","page","type-page","status-publish","hentry"],"acf":[],"_links":{"self":[{"href":"https:\/\/barem.ee\/lv\/wp-json\/wp\/v2\/pages\/148104","targetHints":{"allow":["GET"]}}],"collection":[{"href":"https:\/\/barem.ee\/lv\/wp-json\/wp\/v2\/pages"}],"about":[{"href":"https:\/\/barem.ee\/lv\/wp-json\/wp\/v2\/types\/page"}],"author":[{"embeddable":true,"href":"https:\/\/barem.ee\/lv\/wp-json\/wp\/v2\/users\/1"}],"replies":[{"embeddable":true,"href":"https:\/\/barem.ee\/lv\/wp-json\/wp\/v2\/comments?post=148104"}],"version-history":[{"count":3,"href":"https:\/\/barem.ee\/lv\/wp-json\/wp\/v2\/pages\/148104\/revisions"}],"predecessor-version":[{"id":148963,"href":"https:\/\/barem.ee\/lv\/wp-json\/wp\/v2\/pages\/148104\/revisions\/148963"}],"up":[{"embeddable":true,"href":"https:\/\/barem.ee\/lv\/wp-json\/wp\/v2\/pages\/148098"}],"wp:attachment":[{"href":"https:\/\/barem.ee\/lv\/wp-json\/wp\/v2\/media?parent=148104"}],"curies":[{"name":"wp","href":"https:\/\/api.w.org\/{rel}","templated":true}]}}