{"id":148724,"date":"2019-01-23T06:31:06","date_gmt":"2019-01-23T06:31:06","guid":{"rendered":"https:\/\/barem.ee\/home\/"},"modified":"2024-04-01T14:02:38","modified_gmt":"2024-04-01T14:02:38","slug":"home","status":"publish","type":"page","link":"https:\/\/barem.ee\/lv\/","title":{"rendered":"S\u0101kumlapa"},"content":{"rendered":"\r\n\t<h1>\r\n\t\t\t\tLaipni l\u016bgti pievienoties Barem O\u00dc \u0123imenei \u2013 kop\u0101 m\u0113s rad\u012bsim nez\u016bdo\u0161as atmi\u0146as\r\n\t\t\t<\/h1>\r\n\t\t\t<a href=\"\/lv\/product-category\/spencer-lv-2\/body-removal-systems-lv-2\/\" target=\"_self\" role=\"button\" aria-label=\"Katalogs\" rel=\"noopener\">\r\n\t\t\t\t\t\t\tKatalogs\r\n\t\t<\/a>\r\n\t<h2>\r\n\t\t\t\tBarem O\u00dc \u2013 m\u0113s par\u016bp\u0113simies par cie\u0146pilnu izvad\u012b\u0161anu\r\n\t\t\t<\/h2>\r\n\t<p>Laipni l\u016bgti Barem O\u00dc m\u0101jaslap\u0101! M\u0113s esam uzticams partneris, kas nodro\u0161in\u0101s J\u016bsu klientiem cie\u0146pilnu un neaizmirstamu tuvinieku izvad\u012b\u0161anas pakalpojumu snieg\u0161anu. M\u016bsu misija ir pied\u0101v\u0101t pla\u0161u augstas kvalit\u0101tes apbed\u012b\u0161anas piederumu kl\u0101stu, tostarp z\u0101rkus un urnas, kas izgatavots no r\u016bp\u012bgi izv\u0113l\u0113tiem materi\u0101liem, lai nodro\u0161in\u0101tu gan est\u0113tiku noform\u0113jumu, gan ekolo\u0123isku ilgtsp\u0113j\u012bbu. M\u0113s lepojamies ar to, ka pied\u0101v\u0101jam vispla\u0161\u0101ko produktu sortimentu Skandin\u0101vij\u0101 un Baltij\u0101, \u012bpa\u0161u uzman\u012bbu veltot m\u016bsu produktu ekolo\u0123iskajai ietekmei uz vidi.<\/p>\r\n\t<strong>K\u0101p\u0113c izv\u0113l\u0113ties m\u016bs?<\/strong>\r\nPla\u0161\u0101kais apbed\u012b\u0161anas piederumu kl\u0101sts: M\u016bsu produktu kl\u0101st\u0101 ir viss, kas nepiecie\u0161ams, lai nodro\u0161in\u0101tu cie\u0146pilnu izvad\u012b\u0161anu \u2013 no z\u0101rkiem un urn\u0101m l\u012bdz pat \u012bpa\u0161iem risin\u0101jumiem.\r\n<strong>Kvalit\u0101te un \u012bpa\u0161i risin\u0101jumi<br \/>\r\n<\/strong>M\u016bsu klienti ir m\u016bsu sirdslieta. M\u0113s pied\u0101v\u0101jam izcilas kvalit\u0101tes pakalpojumus un esam gatavi izpild\u012bt pat visneparast\u0101k\u0101s v\u0113lmes.\r\n<strong>\u0100tra un efekt\u012bva apkalpo\u0161ana<\/strong><br \/>\r\nJa laikam ir kritiska noz\u012bme, tad varat pa\u013cauties uz mums. M\u016bsu efekt\u012bv\u0101 lo\u0123istikas sist\u0113ma nodro\u0161in\u0101s J\u016bsu pas\u016bt\u012bjumu savlaic\u012bgu pieg\u0101di, p\u0101rsp\u0113jot visas J\u016bsu cer\u012bbas.\r\n<strong>Augst\u0101k\u0101s klases attieksme un konsult\u0101cijas<br \/>\r\n<\/strong>M\u016bsu attiec\u012bbas ar klientiem ir balst\u012btas uz uztic\u012bbu un atkl\u0101t\u012bbu. M\u0113s sniedzam nepiecie\u0161am\u0101s konsult\u0101cijas un r\u016bp\u0113jamies par J\u016bsu labkl\u0101j\u012bbu.\r\n<strong>M\u016bsu priorit\u0101te ir B2B un ilgtermi\u0146a sadarb\u012bba<\/strong>\r\nM\u0113s apzin\u0101mies uz\u0146\u0113m\u0113jdarb\u012bbas noz\u012bmi un augstu v\u0113rt\u0113jam ilgtermi\u0146a partnerattiec\u012bbas. M\u016bsu pieeja ir balst\u012bta uz abpus\u0113ja izdev\u012bguma un izaugsmes principu.\r\n<strong>M\u016bsu v\u012bzija un veiksmes formula\u00a0<\/strong>\r\nM\u016bsu v\u012bzija ir atrast ce\u013cu uz klientu sird\u012bm, nodro\u0161inot personisku un r\u016bp\u012bgu apkalpo\u0161anu. M\u016bsu pan\u0101kumu pamat\u0101 ir m\u0113r\u0137tiec\u012bga komanda, inovat\u012bva dom\u0101\u0161ana un uzticami partneri. M\u0113s augstu v\u0113rt\u0113jam katru komandas locekli, nodro\u0161inot vi\u0146iem att\u012bst\u012bbas iesp\u0113jas un atzin\u012bgi nov\u0113rt\u0113jot vi\u0146u ieguld\u012bjumu.\r\n<strong>Aicin\u0101m iepaz\u012bties ar m\u016bsu pakalpojumiem un produktiem\u00a0<\/strong>\r\nM\u016bsu m\u0101jaslapa ir izstr\u0101d\u0101ta t\u0101, lai sniegtu visaptvero\u0161u un p\u0101rskat\u0101mu inform\u0101ciju par m\u016bsu produktiem un pakalpojumiem. M\u0113s pal\u012bdz\u0113sim Jums atrast lab\u0101kos risin\u0101jumus, kas atbilst J\u016bsu vajadz\u012bb\u0101m un v\u0113lm\u0113m. Neatkar\u012bgi no t\u0101, vai runa ir par b\u0113ru organiz\u0113\u0161anu, aizg\u0101j\u0113ja transport\u0113\u0161anu vai krem\u0101ciju \u2013 Barem O\u00dc ir J\u016bsu uzticams partneris.\r\n\t\t\t<a href=\"\/lv\/par-mums\/\" target=\"_self\" role=\"button\" aria-label=\"Las\u012bt vair\u0101k\" rel=\"noopener\">\r\n\t\t\t\t\t\t\tLas\u012bt vair\u0101k\r\n\t\t<\/a>\r\n\t\t\t\t<img loading=\"lazy\" decoding=\"async\" src=\"https:\/\/barem.ee\/wp-content\/uploads\/2020\/06\/water.jpg\" alt=\"water\" itemprop=\"image\" height=\"315\" width=\"248\" title=\"water\" onerror=\"this.style.display='none'\"  \/>\r\n\t<h2>\r\n\t\t\t\t\u0100tra pas\u016bt\u012bjumu izpilde un transports vis\u0101 Eirop\u0101\r\n\t\t\t<\/h2>\r\n\t\t\t<a href=\"\/lv\/sazinieties-ar\/\" target=\"_self\" role=\"button\" aria-label=\"Sazinieties ar mums\" rel=\"noopener\">\r\n\t\t\t\t\t\t\tSazinieties ar mums\r\n\t\t<\/a>\r\n\t<h2>\r\n\t\t\t\tM\u016bsu kontakti\r\n\t\t\t<\/h2>\r\n\t<h2>\r\n\t\t\t\tNos\u016btiet mums zi\u0146u\r\n\t\t\t<\/h2>\r\n","protected":false},"excerpt":{"rendered":"<p>Laipni l\u016bgti pievienoties Barem O\u00dc \u0123imenei \u2013 kop\u0101 m\u0113s rad\u012bsim nez\u016bdo\u0161as atmi\u0146as Katalogs Barem O\u00dc \u2013 m\u0113s par\u016bp\u0113simies par cie\u0146pilnu izvad\u012b\u0161anu Laipni l\u016bgti Barem O\u00dc m\u0101jaslap\u0101! M\u0113s esam uzticams partneris, kas nodro\u0161in\u0101s J\u016bsu klientiem cie\u0146pilnu un neaizmirstamu tuvinieku izvad\u012b\u0161anas pakalpojumu snieg\u0161anu. M\u016bsu misija ir pied\u0101v\u0101t pla\u0161u augstas kvalit\u0101tes apbed\u012b\u0161anas piederumu kl\u0101stu, tostarp z\u0101rkus un urnas, [&hellip;]<\/p>\n","protected":false},"author":1,"featured_media":0,"parent":0,"menu_order":0,"comment_status":"closed","ping_status":"closed","template":"","meta":{"_acf_changed":false,"site-sidebar-layout":"no-sidebar","site-content-layout":"page-builder","ast-site-content-layout":"default","site-content-style":"default","site-sidebar-style":"default","ast-global-header-display":"","ast-banner-title-visibility":"","ast-main-header-display":"","ast-hfb-above-header-display":"","ast-hfb-below-header-display":"","ast-hfb-mobile-header-display":"","site-post-title":"disabled","ast-breadcrumbs-content":"","ast-featured-img":"disabled","footer-sml-layout":"","theme-transparent-header-meta":"enabled","adv-header-id-meta":"","stick-header-meta":"","header-above-stick-meta":"","header-main-stick-meta":"","header-below-stick-meta":"","astra-migrate-meta-layouts":"default","ast-page-background-enabled":"default","ast-page-background-meta":{"desktop":{"background-color":"var(--ast-global-color-4)","background-image":"","background-repeat":"repeat","background-position":"center center","background-size":"auto","background-attachment":"scroll","background-type":"","background-media":"","overlay-type":"","overlay-color":"","overlay-opacity":"","overlay-gradient":""},"tablet":{"background-color":"","background-image":"","background-repeat":"repeat","background-position":"center center","background-size":"auto","background-attachment":"scroll","background-type":"","background-media":"","overlay-type":"","overlay-color":"","overlay-opacity":"","overlay-gradient":""},"mobile":{"background-color":"","background-image":"","background-repeat":"repeat","background-position":"center center","background-size":"auto","background-attachment":"scroll","background-type":"","background-media":"","overlay-type":"","overlay-color":"","overlay-opacity":"","overlay-gradient":""}},"ast-content-background-meta":{"desktop":{"background-color":"var(--ast-global-color-5)","background-image":"","background-repeat":"repeat","background-position":"center center","background-size":"auto","background-attachment":"scroll","background-type":"","background-media":"","overlay-type":"","overlay-color":"","overlay-opacity":"","overlay-gradient":""},"tablet":{"background-color":"var(--ast-global-color-5)","background-image":"","background-repeat":"repeat","background-position":"center center","background-size":"auto","background-attachment":"scroll","background-type":"","background-media":"","overlay-type":"","overlay-color":"","overlay-opacity":"","overlay-gradient":""},"mobile":{"background-color":"var(--ast-global-color-5)","background-image":"","background-repeat":"repeat","background-position":"center center","background-size":"auto","background-attachment":"scroll","background-type":"","background-media":"","overlay-type":"","overlay-color":"","overlay-opacity":"","overlay-gradient":""}},"footnotes":""},"class_list":["post-148724","page","type-page","status-publish","hentry"],"acf":[],"_links":{"self":[{"href":"https:\/\/barem.ee\/lv\/wp-json\/wp\/v2\/pages\/148724","targetHints":{"allow":["GET"]}}],"collection":[{"href":"https:\/\/barem.ee\/lv\/wp-json\/wp\/v2\/pages"}],"about":[{"href":"https:\/\/barem.ee\/lv\/wp-json\/wp\/v2\/types\/page"}],"author":[{"embeddable":true,"href":"https:\/\/barem.ee\/lv\/wp-json\/wp\/v2\/users\/1"}],"replies":[{"embeddable":true,"href":"https:\/\/barem.ee\/lv\/wp-json\/wp\/v2\/comments?post=148724"}],"version-history":[{"count":5,"href":"https:\/\/barem.ee\/lv\/wp-json\/wp\/v2\/pages\/148724\/revisions"}],"predecessor-version":[{"id":148958,"href":"https:\/\/barem.ee\/lv\/wp-json\/wp\/v2\/pages\/148724\/revisions\/148958"}],"wp:attachment":[{"href":"https:\/\/barem.ee\/lv\/wp-json\/wp\/v2\/media?parent=148724"}],"curies":[{"name":"wp","href":"https:\/\/api.w.org\/{rel}","templated":true}]}}