{"id":148727,"date":"2020-06-05T09:45:50","date_gmt":"2020-06-05T09:45:50","guid":{"rendered":"https:\/\/barem.ee\/kontakt\/"},"modified":"2026-02-05T14:13:06","modified_gmt":"2026-02-05T14:13:06","slug":"sazinieties-ar","status":"publish","type":"page","link":"https:\/\/barem.ee\/lv\/sazinieties-ar\/","title":{"rendered":"Sazinieties ar"},"content":{"rendered":"\n\n\t<h1>\n\t\t\t\tM\u016bsu kontakti\n\t\t\t<\/h1>\n\t<h2>\n\t\t\t\tNos\u016btiet mums zi\u0146u\n\t\t\t<\/h2>\n\tBirojs, ra\u017eo\u0161ana un noliktava:<br \/>\nTule tn. 29\/1<br \/>\n76505 Saue<br \/>\nHarjumaa\n\t<strong>Telefona numurs:<\/strong>\u00a0(+372) 501 1927<br \/>\n<strong>e-pasts:<\/strong> info@barem.ee<br \/>\n<strong>www.barem.ee<\/strong>\n\tL\u016bdzu, s\u016btiet r\u0113\u0137inus uz \u0161\u0101du adresi:<br \/>\n<a href=\"mailto:arved@barem.ee\"><strong>arved@barem.ee<\/strong><\/a>\n\t<h3>\n\t\t\t\tMartin V\u00e4hejaus\n\t\t\t<\/h3>\n\tIzpilddirektors,<br \/>\nValdes loceklis\n\t<h3>\n\t\t\t\tKristjan Urvet\n\t\t\t<\/h3>\n\tLo\u0123istikas vad\u012bt\u0101js,<br \/>\nValdes loceklis\n\t<h3>\n\t\t\t\tHardo Lust\n\t\t\t<\/h3>\n\t<p>Ra\u017eo\u0161anas vad\u012bt\u0101js, Valdes loceklis<\/p>\n\t<h3>\n\t\t\t\tGert Haljasm\u00e4e\n\t\t\t<\/h3>\n\t<p>P\u0101rdo\u0161ana<\/p>\n\t<h3>\n\t\t\t\tAllan Ojasoo\n\t\t\t<\/h3>\n\t<p>P\u0101rdo\u0161ana<\/p>\n\t<h3>\n\t\t\t\tAnneli Sildmaa\n\t\t\t<\/h3>\n\t<p>P\u0101rdo\u0161anas asistents<\/p>\n\t<div class=\"leaflet-map WPLeafletMap\" style=\"height:250px; width:100%;\"><\/div><script>\nwindow.WPLeafletMapPlugin = window.WPLeafletMapPlugin || [];\nwindow.WPLeafletMapPlugin.push(function WPLeafletMapShortcode() {\/*<script>*\/\nvar baseUrl = atob('aHR0cHM6Ly9jYXJ0b2RiLWJhc2VtYXBzLXtzfS5nbG9iYWwuc3NsLmZhc3RseS5uZXQvbGlnaHRfYWxsL3t6fS97eH0ve3l9LnBuZw==');\nvar base = (!baseUrl && window.MQ) ?\n    window.MQ.mapLayer() : L.tileLayer(baseUrl,\n        L.Util.extend({}, {\n            detectRetina: 0,\n        },\n        {\"subdomains\":\"abc\",\"noWrap\":false,\"maxZoom\":19}        )\n    );\n    var options = L.Util.extend({}, {\n        layers: [base],\n        attributionControl: false\n    },\n    {\"zoomControl\":true,\"scrollWheelZoom\":false,\"doubleClickZoom\":false,\"fitBounds\":false,\"minZoom\":0,\"maxZoom\":19,\"maxBounds\":null,\"attribution\":\"<a href=\\\"http:\\\/\\\/leafletjs.com\\\" title=\\\"A JS library for interactive maps\\\">Leaflet<\\\/a>; \\u00a9 <a href=\\\"http:\\\/\\\/www.openstreetmap.org\\\/copyright\\\">OpenStreetMap<\\\/a> contributors\"},\n    {});\nwindow.WPLeafletMapPlugin.createMap(options).setView([62.287585623102,25.796925064418],14);});<\/script>\n<script>\nwindow.WPLeafletMapPlugin = window.WPLeafletMapPlugin || [];\nwindow.WPLeafletMapPlugin.push(function WPLeafletMarkerShortcode() {\/*<script>*\/\nvar map = window.WPLeafletMapPlugin.getCurrentMap();\nvar group = window.WPLeafletMapPlugin.getCurrentGroup();\nvar marker_options = window.WPLeafletMapPlugin.getIconOptions({\"svg\":true,\"background\":\"#5289D5\"});\nvar marker = new L.SVGMarker(\n    [62.287585623102,25.796925064418],\n    marker_options\n);\nvar is_image = map.is_image_map;\nif (marker_options.draggable) {\n    marker.on('dragend', function () {\n        var latlng = this.getLatLng();\n        var lat = latlng.lat;\n        var lng = latlng.lng;\n        if (is_image) {\n            console.log('leaflet-marker y=' + lat + ' x=' + lng);\n        } else {\n            console.log('leaflet-marker lat=' + lat + ' lng=' + lng);\n        }\n    });\n}\nmarker.addTo( group );\nmarker.bindPopup(window.WPLeafletMapPlugin.unescape('&lt;br&gt;&lt;strong&gt;Barem O\u00dc Jyv\u00e4skyl\u00e4 warehouse&lt;\/strong&gt;&lt;br \/&gt;&lt;br&gt;Sepelitie 9, 40320 Jyv\u00e4skyl\u00e4&lt;br&gt;'));window.WPLeafletMapPlugin.markers.push( marker );\n        });<\/script>\n\t<h4>Barem O\u00dc Jyv\u00e4skyl\u00e4 warehouse<\/h4>\n<p>Sepelitie 9, 40320 Jyv\u00e4skyl\u00e4<\/p>\n\t<div class=\"leaflet-map WPLeafletMap\" style=\"height:250px; width:100%;\"><\/div><script>\nwindow.WPLeafletMapPlugin = window.WPLeafletMapPlugin || [];\nwindow.WPLeafletMapPlugin.push(function WPLeafletMapShortcode() {\/*<script>*\/\nvar baseUrl = atob('aHR0cHM6Ly9jYXJ0b2RiLWJhc2VtYXBzLXtzfS5nbG9iYWwuc3NsLmZhc3RseS5uZXQvbGlnaHRfYWxsL3t6fS97eH0ve3l9LnBuZw==');\nvar base = (!baseUrl && window.MQ) ?\n    window.MQ.mapLayer() : L.tileLayer(baseUrl,\n        L.Util.extend({}, {\n            detectRetina: 0,\n        },\n        {\"subdomains\":\"abc\",\"noWrap\":false,\"maxZoom\":19}        )\n    );\n    var options = L.Util.extend({}, {\n        layers: [base],\n        attributionControl: false\n    },\n    {\"zoomControl\":true,\"scrollWheelZoom\":false,\"doubleClickZoom\":false,\"fitBounds\":false,\"minZoom\":0,\"maxZoom\":19,\"maxBounds\":null,\"attribution\":\"<a href=\\\"http:\\\/\\\/leafletjs.com\\\" title=\\\"A JS library for interactive maps\\\">Leaflet<\\\/a>; \\u00a9 <a href=\\\"http:\\\/\\\/www.openstreetmap.org\\\/copyright\\\">OpenStreetMap<\\\/a> contributors\"},\n    {});\nwindow.WPLeafletMapPlugin.createMap(options).setView([60.257128079032,25.061688043382],14);});<\/script>\n<script>\nwindow.WPLeafletMapPlugin = window.WPLeafletMapPlugin || [];\nwindow.WPLeafletMapPlugin.push(function WPLeafletMarkerShortcode() {\/*<script>*\/\nvar map = window.WPLeafletMapPlugin.getCurrentMap();\nvar group = window.WPLeafletMapPlugin.getCurrentGroup();\nvar marker_options = window.WPLeafletMapPlugin.getIconOptions({\"svg\":true,\"background\":\"#5289D5\"});\nvar marker = new L.SVGMarker(\n    [60.257128079032,25.061688043382],\n    marker_options\n);\nvar is_image = map.is_image_map;\nif (marker_options.draggable) {\n    marker.on('dragend', function () {\n        var latlng = this.getLatLng();\n        var lat = latlng.lat;\n        var lng = latlng.lng;\n        if (is_image) {\n            console.log('leaflet-marker y=' + lat + ' x=' + lng);\n        } else {\n            console.log('leaflet-marker lat=' + lat + ' lng=' + lng);\n        }\n    });\n}\nmarker.addTo( group );\nmarker.bindPopup(window.WPLeafletMapPlugin.unescape('&lt;br&gt;&lt;strong&gt;Barem O\u00dc and CR-Tukku Barem Oy warehouse&lt;\/strong&gt;&lt;br \/&gt;&lt;br&gt;Kytkintie 28, 00770 Helsinki&lt;br&gt;'));window.WPLeafletMapPlugin.markers.push( marker );\n        });<\/script>\n\t<h4>Barem O\u00dc and CR-Tukku Barem Oy warehouse<\/h4>\n<p>Kytkintie 28, 00770 Helsinki<\/p>\n\t<div class=\"leaflet-map WPLeafletMap\" style=\"height:250px; width:100%;\"><\/div><script>\nwindow.WPLeafletMapPlugin = window.WPLeafletMapPlugin || [];\nwindow.WPLeafletMapPlugin.push(function WPLeafletMapShortcode() {\/*<script>*\/\nvar baseUrl = atob('aHR0cHM6Ly9jYXJ0b2RiLWJhc2VtYXBzLXtzfS5nbG9iYWwuc3NsLmZhc3RseS5uZXQvbGlnaHRfYWxsL3t6fS97eH0ve3l9LnBuZw==');\nvar base = (!baseUrl && window.MQ) ?\n    window.MQ.mapLayer() : L.tileLayer(baseUrl,\n        L.Util.extend({}, {\n            detectRetina: 0,\n        },\n        {\"subdomains\":\"abc\",\"noWrap\":false,\"maxZoom\":19}        )\n    );\n    var options = L.Util.extend({}, {\n        layers: [base],\n        attributionControl: false\n    },\n    {\"zoomControl\":true,\"scrollWheelZoom\":false,\"doubleClickZoom\":false,\"fitBounds\":false,\"minZoom\":0,\"maxZoom\":19,\"maxBounds\":null,\"attribution\":\"<a href=\\\"http:\\\/\\\/leafletjs.com\\\" title=\\\"A JS library for interactive maps\\\">Leaflet<\\\/a>; \\u00a9 <a href=\\\"http:\\\/\\\/www.openstreetmap.org\\\/copyright\\\">OpenStreetMap<\\\/a> contributors\"},\n    {});\nwindow.WPLeafletMapPlugin.createMap(options).setView([59.317388508951,24.571288393253],14);});<\/script>\n<script>\nwindow.WPLeafletMapPlugin = window.WPLeafletMapPlugin || [];\nwindow.WPLeafletMapPlugin.push(function WPLeafletMarkerShortcode() {\/*<script>*\/\nvar map = window.WPLeafletMapPlugin.getCurrentMap();\nvar group = window.WPLeafletMapPlugin.getCurrentGroup();\nvar marker_options = window.WPLeafletMapPlugin.getIconOptions({\"svg\":true,\"background\":\"#5289D5\"});\nvar marker = new L.SVGMarker(\n    [59.317388508951,24.571288393253],\n    marker_options\n);\nvar is_image = map.is_image_map;\nif (marker_options.draggable) {\n    marker.on('dragend', function () {\n        var latlng = this.getLatLng();\n        var lat = latlng.lat;\n        var lng = latlng.lng;\n        if (is_image) {\n            console.log('leaflet-marker y=' + lat + ' x=' + lng);\n        } else {\n            console.log('leaflet-marker lat=' + lat + ' lng=' + lng);\n        }\n    });\n}\nmarker.addTo( group );\nmarker.bindPopup(window.WPLeafletMapPlugin.unescape('&lt;br&gt;&lt;strong&gt;Barem O\u00dc office, warehouse and production&lt;\/strong&gt;&lt;br \/&gt;&lt;br&gt;Tule tn 29\/1, Saue, 76505 Harju county&lt;br&gt;'));window.WPLeafletMapPlugin.markers.push( marker );\n        });<\/script>\n\t<h4>Barem O\u00dc office, warehouse and production<\/h4>\n<p>Tule tn 29\/1, Saue, 76505 Harju County<\/p>\n\t<div class=\"leaflet-map WPLeafletMap\" style=\"height:250px; width:100%;\"><\/div><script>\nwindow.WPLeafletMapPlugin = window.WPLeafletMapPlugin || [];\nwindow.WPLeafletMapPlugin.push(function WPLeafletMapShortcode() {\/*<script>*\/\nvar baseUrl = atob('aHR0cHM6Ly9jYXJ0b2RiLWJhc2VtYXBzLXtzfS5nbG9iYWwuc3NsLmZhc3RseS5uZXQvbGlnaHRfYWxsL3t6fS97eH0ve3l9LnBuZw==');\nvar base = (!baseUrl && window.MQ) ?\n    window.MQ.mapLayer() : L.tileLayer(baseUrl,\n        L.Util.extend({}, {\n            detectRetina: 0,\n        },\n        {\"subdomains\":\"abc\",\"noWrap\":false,\"maxZoom\":19}        )\n    );\n    var options = L.Util.extend({}, {\n        layers: [base],\n        attributionControl: false\n    },\n    {\"zoomControl\":true,\"scrollWheelZoom\":false,\"doubleClickZoom\":false,\"fitBounds\":false,\"minZoom\":0,\"maxZoom\":19,\"maxBounds\":null,\"attribution\":\"<a href=\\\"http:\\\/\\\/leafletjs.com\\\" title=\\\"A JS library for interactive maps\\\">Leaflet<\\\/a>; \\u00a9 <a href=\\\"http:\\\/\\\/www.openstreetmap.org\\\/copyright\\\">OpenStreetMap<\\\/a> contributors\"},\n    {});\nwindow.WPLeafletMapPlugin.createMap(options).setView([57.976161787816,25.918567277861],14);});<\/script>\n<script>\nwindow.WPLeafletMapPlugin = window.WPLeafletMapPlugin || [];\nwindow.WPLeafletMapPlugin.push(function WPLeafletMarkerShortcode() {\/*<script>*\/\nvar map = window.WPLeafletMapPlugin.getCurrentMap();\nvar group = window.WPLeafletMapPlugin.getCurrentGroup();\nvar marker_options = window.WPLeafletMapPlugin.getIconOptions({\"svg\":true,\"background\":\"#5289D5\"});\nvar marker = new L.SVGMarker(\n    [57.976161787816,25.918567277861],\n    marker_options\n);\nvar is_image = map.is_image_map;\nif (marker_options.draggable) {\n    marker.on('dragend', function () {\n        var latlng = this.getLatLng();\n        var lat = latlng.lat;\n        var lng = latlng.lng;\n        if (is_image) {\n            console.log('leaflet-marker y=' + lat + ' x=' + lng);\n        } else {\n            console.log('leaflet-marker lat=' + lat + ' lng=' + lng);\n        }\n    });\n}\nmarker.addTo( group );\nmarker.bindPopup(window.WPLeafletMapPlugin.unescape('&lt;br&gt;&lt;strong&gt;Barem O\u00dc production (Puidu Taavet O\u00dc)&lt;\/strong&gt;&lt;br \/&gt;&lt;br&gt;T\u00f6\u00f6stuse, Patk\u00fcla, 68613 Valga county&lt;br&gt;'));window.WPLeafletMapPlugin.markers.push( marker );\n        });<\/script>\n\t<h4>Barem O\u00dc production (Puidu Taavet O\u00dc)<\/h4>\n<p>T\u00f6\u00f6stuse, Patk\u00fcla, 68613 Valga County<\/p>\n\n","protected":false},"excerpt":{"rendered":"<p>M\u016bsu kontakti Nos\u016btiet mums zi\u0146u Birojs, ra\u017eo\u0161ana un noliktava: Tule tn. 29\/1 76505 Saue Harjumaa Telefona numurs:\u00a0(+372) 501 1927 e-pasts: info@barem.ee www.barem.ee L\u016bdzu, s\u016btiet r\u0113\u0137inus uz \u0161\u0101du adresi: arved@barem.ee Martin V\u00e4hejaus Izpilddirektors, Valdes loceklis Kristjan Urvet Lo\u0123istikas vad\u012bt\u0101js, Valdes loceklis Hardo Lust Ra\u017eo\u0161anas vad\u012bt\u0101js, Valdes loceklis Gert Haljasm\u00e4e P\u0101rdo\u0161ana Allan Ojasoo P\u0101rdo\u0161ana Anneli Sildmaa P\u0101rdo\u0161anas [&hellip;]<\/p>\n","protected":false},"author":1,"featured_media":0,"parent":0,"menu_order":0,"comment_status":"closed","ping_status":"closed","template":"","meta":{"_acf_changed":false,"site-sidebar-layout":"no-sidebar","site-content-layout":"page-builder","ast-site-content-layout":"default","site-content-style":"default","site-sidebar-style":"default","ast-global-header-display":"","ast-banner-title-visibility":"","ast-main-header-display":"","ast-hfb-above-header-display":"","ast-hfb-below-header-display":"","ast-hfb-mobile-header-display":"","site-post-title":"disabled","ast-breadcrumbs-content":"","ast-featured-img":"disabled","footer-sml-layout":"","theme-transparent-header-meta":"enabled","adv-header-id-meta":"","stick-header-meta":"","header-above-stick-meta":"","header-main-stick-meta":"","header-below-stick-meta":"","astra-migrate-meta-layouts":"default","ast-page-background-enabled":"default","ast-page-background-meta":{"desktop":{"background-color":"var(--ast-global-color-4)","background-image":"","background-repeat":"repeat","background-position":"center center","background-size":"auto","background-attachment":"scroll","background-type":"","background-media":"","overlay-type":"","overlay-color":"","overlay-opacity":"","overlay-gradient":""},"tablet":{"background-color":"","background-image":"","background-repeat":"repeat","background-position":"center center","background-size":"auto","background-attachment":"scroll","background-type":"","background-media":"","overlay-type":"","overlay-color":"","overlay-opacity":"","overlay-gradient":""},"mobile":{"background-color":"","background-image":"","background-repeat":"repeat","background-position":"center center","background-size":"auto","background-attachment":"scroll","background-type":"","background-media":"","overlay-type":"","overlay-color":"","overlay-opacity":"","overlay-gradient":""}},"ast-content-background-meta":{"desktop":{"background-color":"var(--ast-global-color-5)","background-image":"","background-repeat":"repeat","background-position":"center center","background-size":"auto","background-attachment":"scroll","background-type":"","background-media":"","overlay-type":"","overlay-color":"","overlay-opacity":"","overlay-gradient":""},"tablet":{"background-color":"var(--ast-global-color-5)","background-image":"","background-repeat":"repeat","background-position":"center center","background-size":"auto","background-attachment":"scroll","background-type":"","background-media":"","overlay-type":"","overlay-color":"","overlay-opacity":"","overlay-gradient":""},"mobile":{"background-color":"var(--ast-global-color-5)","background-image":"","background-repeat":"repeat","background-position":"center center","background-size":"auto","background-attachment":"scroll","background-type":"","background-media":"","overlay-type":"","overlay-color":"","overlay-opacity":"","overlay-gradient":""}},"footnotes":""},"class_list":["post-148727","page","type-page","status-publish","hentry"],"acf":[],"_links":{"self":[{"href":"https:\/\/barem.ee\/lv\/wp-json\/wp\/v2\/pages\/148727","targetHints":{"allow":["GET"]}}],"collection":[{"href":"https:\/\/barem.ee\/lv\/wp-json\/wp\/v2\/pages"}],"about":[{"href":"https:\/\/barem.ee\/lv\/wp-json\/wp\/v2\/types\/page"}],"author":[{"embeddable":true,"href":"https:\/\/barem.ee\/lv\/wp-json\/wp\/v2\/users\/1"}],"replies":[{"embeddable":true,"href":"https:\/\/barem.ee\/lv\/wp-json\/wp\/v2\/comments?post=148727"}],"version-history":[{"count":5,"href":"https:\/\/barem.ee\/lv\/wp-json\/wp\/v2\/pages\/148727\/revisions"}],"predecessor-version":[{"id":170894,"href":"https:\/\/barem.ee\/lv\/wp-json\/wp\/v2\/pages\/148727\/revisions\/170894"}],"wp:attachment":[{"href":"https:\/\/barem.ee\/lv\/wp-json\/wp\/v2\/media?parent=148727"}],"curies":[{"name":"wp","href":"https:\/\/api.w.org\/{rel}","templated":true}]}}