{"id":148729,"date":"2020-06-05T09:31:15","date_gmt":"2020-06-05T09:31:15","guid":{"rendered":"https:\/\/barem.ee\/meist\/"},"modified":"2024-04-01T14:02:13","modified_gmt":"2024-04-01T14:02:13","slug":"par-mums","status":"publish","type":"page","link":"https:\/\/barem.ee\/lv\/par-mums\/","title":{"rendered":"Par mums"},"content":{"rendered":"\n\t<h1>\n\t\t\t\tPar mums\n\t\t\t<\/h1>\n\t<h2>\n\t\t\t\tKvalit\u0101te nekad nav nejau\u0161\u012bba..\n\t\t\t<\/h2>\n\t\t\t\t<img loading=\"lazy\" decoding=\"async\" src=\"https:\/\/barem.ee\/wp-content\/uploads\/2020\/06\/hiclipart-1.png\" alt=\"hiclipart 1\" itemprop=\"image\" height=\"469\" width=\"478\" title=\"hiclipart 1\" onerror=\"this.style.display='none'\"  \/>\n\t<p>Barem O\u00dc ir apbed\u012b\u0161anas piederumu ra\u017eot\u0101js un vairumtirgot\u0101js. Mums ir vair\u0101k nek\u0101 26 gadu pieredze z\u0101rku un urnu ra\u017eo\u0161an\u0101. M\u016bsu ra\u017eo\u0161anas kompleksos Harju un Valgas apri\u0146\u0137\u012b kopum\u0101 str\u0101d\u0101 40 darbinieki.<\/p>\n<p>Z\u0101rku un urnu izgatavo\u0161anai nepiecie\u0161amie kokmateri\u0101li n\u0101k no Igaunijas un Somijas me\u017eiem, un m\u0113s pa\u0161i veicam to pilnu apstr\u0101di Dienvidigaunijas Tervas pils\u0113t\u0101. Z\u0101rku apdare ar audumu notiek Harju apri\u0146\u0137a Saues ciem\u0101, kur tiek ar\u012b uzglab\u0101ta un izsniegta gatav\u0101 produkcija. Lai gan m\u016bsu ra\u017eotne atrodas Igaunij\u0101, 97% m\u016bsu produkcijas tiek eksport\u0113ti.<\/p>\n<p>M\u016bsu ap\u0146em\u0161an\u0101s nodro\u0161in\u0101t izcilu klientu apkalpo\u0161anu un veidot ilgtermi\u0146a attiec\u012bbas ir rad\u012bjusi uztic\u012bbu klientiem Igaunij\u0101 un vis\u0101 Skandin\u0101vij\u0101. Tas nep\u0101rprotami liecina par m\u016bsu apbed\u012b\u0161anas piederumu augsto kvalit\u0101ti un klientu augstas klases apkalpo\u0161anu.<\/p>\n\t<p>M\u0113s augstu v\u0113rt\u0113jam visus savus klientus un pret katru no tiem izturamies k\u0101 pret priorit\u0101ru gan pirms, gan p\u0113c pirkuma. M\u0113s uzskat\u0101m, ka ir svar\u012bgi nodro\u0161in\u0101t \u0101tru apkalpo\u0161anu un augstu klientu apmierin\u0101t\u012bbu.<\/p>\n<p>M\u016bsu m\u0113r\u0137is ir nodro\u0161in\u0101t saviem klientiem vislab\u0101ko pieredzi, tostarp kvalit\u0101ti, sortimentu, cenu un atbalstu. T\u0101p\u0113c esam gatavi pied\u0101v\u0101t ar\u012b J\u016bsu v\u0113lm\u0113m atbilsto\u0161us, \u012bpa\u0161us risin\u0101jumus. Sazinieties ar mums, un kop\u0101 atrad\u012bsim Jums piem\u0113rot\u0101ko risin\u0101jumu.<\/p>\n\t\t\t\t<img loading=\"lazy\" decoding=\"async\" src=\"https:\/\/barem.ee\/wp-content\/uploads\/2020\/06\/image-2.png\" alt=\"image 2\" itemprop=\"image\" height=\"386\" width=\"267\" title=\"image 2\" onerror=\"this.style.display='none'\"  \/>\n\t<h2>\n\t\t\t\t\u0100tra pas\u016bt\u012bjumu izpilde un transports vis\u0101 Eirop\u0101\n\t\t\t<\/h2>\n\t<h2>\n\t\t\t\tM\u016bsu kontakti\n\t\t\t<\/h2>\n\t<h2>\n\t\t\t\tNos\u016btiet mums zi\u0146u\n\t\t\t<\/h2>\n","protected":false},"excerpt":{"rendered":"<p>Par mums Kvalit\u0101te nekad nav nejau\u0161\u012bba.. Barem O\u00dc ir apbed\u012b\u0161anas piederumu ra\u017eot\u0101js un vairumtirgot\u0101js. Mums ir vair\u0101k nek\u0101 26 gadu pieredze z\u0101rku un urnu ra\u017eo\u0161an\u0101. M\u016bsu ra\u017eo\u0161anas kompleksos Harju un Valgas apri\u0146\u0137\u012b kopum\u0101 str\u0101d\u0101 40 darbinieki. Z\u0101rku un urnu izgatavo\u0161anai nepiecie\u0161amie kokmateri\u0101li n\u0101k no Igaunijas un Somijas me\u017eiem, un m\u0113s pa\u0161i veicam to pilnu apstr\u0101di [&hellip;]<\/p>\n","protected":false},"author":1,"featured_media":0,"parent":0,"menu_order":0,"comment_status":"closed","ping_status":"closed","template":"","meta":{"_acf_changed":false,"site-sidebar-layout":"no-sidebar","site-content-layout":"page-builder","ast-site-content-layout":"default","site-content-style":"default","site-sidebar-style":"default","ast-global-header-display":"","ast-banner-title-visibility":"","ast-main-header-display":"","ast-hfb-above-header-display":"","ast-hfb-below-header-display":"","ast-hfb-mobile-header-display":"","site-post-title":"disabled","ast-breadcrumbs-content":"","ast-featured-img":"disabled","footer-sml-layout":"","theme-transparent-header-meta":"enabled","adv-header-id-meta":"","stick-header-meta":"","header-above-stick-meta":"","header-main-stick-meta":"","header-below-stick-meta":"","astra-migrate-meta-layouts":"default","ast-page-background-enabled":"default","ast-page-background-meta":{"desktop":{"background-color":"var(--ast-global-color-4)","background-image":"","background-repeat":"repeat","background-position":"center center","background-size":"auto","background-attachment":"scroll","background-type":"","background-media":"","overlay-type":"","overlay-color":"","overlay-opacity":"","overlay-gradient":""},"tablet":{"background-color":"","background-image":"","background-repeat":"repeat","background-position":"center center","background-size":"auto","background-attachment":"scroll","background-type":"","background-media":"","overlay-type":"","overlay-color":"","overlay-opacity":"","overlay-gradient":""},"mobile":{"background-color":"","background-image":"","background-repeat":"repeat","background-position":"center center","background-size":"auto","background-attachment":"scroll","background-type":"","background-media":"","overlay-type":"","overlay-color":"","overlay-opacity":"","overlay-gradient":""}},"ast-content-background-meta":{"desktop":{"background-color":"var(--ast-global-color-5)","background-image":"","background-repeat":"repeat","background-position":"center center","background-size":"auto","background-attachment":"scroll","background-type":"","background-media":"","overlay-type":"","overlay-color":"","overlay-opacity":"","overlay-gradient":""},"tablet":{"background-color":"var(--ast-global-color-5)","background-image":"","background-repeat":"repeat","background-position":"center center","background-size":"auto","background-attachment":"scroll","background-type":"","background-media":"","overlay-type":"","overlay-color":"","overlay-opacity":"","overlay-gradient":""},"mobile":{"background-color":"var(--ast-global-color-5)","background-image":"","background-repeat":"repeat","background-position":"center center","background-size":"auto","background-attachment":"scroll","background-type":"","background-media":"","overlay-type":"","overlay-color":"","overlay-opacity":"","overlay-gradient":""}},"footnotes":""},"class_list":["post-148729","page","type-page","status-publish","hentry"],"acf":[],"_links":{"self":[{"href":"https:\/\/barem.ee\/lv\/wp-json\/wp\/v2\/pages\/148729","targetHints":{"allow":["GET"]}}],"collection":[{"href":"https:\/\/barem.ee\/lv\/wp-json\/wp\/v2\/pages"}],"about":[{"href":"https:\/\/barem.ee\/lv\/wp-json\/wp\/v2\/types\/page"}],"author":[{"embeddable":true,"href":"https:\/\/barem.ee\/lv\/wp-json\/wp\/v2\/users\/1"}],"replies":[{"embeddable":true,"href":"https:\/\/barem.ee\/lv\/wp-json\/wp\/v2\/comments?post=148729"}],"version-history":[{"count":2,"href":"https:\/\/barem.ee\/lv\/wp-json\/wp\/v2\/pages\/148729\/revisions"}],"predecessor-version":[{"id":148957,"href":"https:\/\/barem.ee\/lv\/wp-json\/wp\/v2\/pages\/148729\/revisions\/148957"}],"wp:attachment":[{"href":"https:\/\/barem.ee\/lv\/wp-json\/wp\/v2\/media?parent=148729"}],"curies":[{"name":"wp","href":"https:\/\/api.w.org\/{rel}","templated":true}]}}