{"id":170279,"date":"2025-10-01T09:35:11","date_gmt":"2025-10-01T09:35:11","guid":{"rendered":"https:\/\/barem.ee\/product\/wings-wing\/"},"modified":"2026-04-26T14:00:05","modified_gmt":"2026-04-26T14:00:05","slug":"wings-wing","status":"publish","type":"product","link":"https:\/\/barem.ee\/lv\/product\/wings-wing\/?lang=lv","title":{"rendered":"WING"},"content":{"rendered":"","protected":false},"excerpt":{"rendered":"<p><span>WING on kerge, mitmek\u00fclgne ja elegantne kirstuhoidik mis on valmistatud v\u00e4ga vastupidavast alumiiniumist ja selle liigendid on spetsiaalsest sulamist. T\u00e4nu t\u00e4iustatud mehhanismile saab s\u00f5restiku seada kahele k\u00f5rgusele, avades lihtsalt \u00fchelt v\u00f5i teiselt poolt. Saadaval h\u00f5bedases v\u00f5i pronksises v\u00e4rvitoonis.<\/span><\/p>\n<ul>\n<li>Min. k\u00f5rgus: 480 mm<\/li>\n<li>Max. k\u00f5rgus: 520 mm<\/li>\n<li>Min. pikkus: 480 mm<\/li>\n<li>Max. laius: 645 mm<\/li>\n<li>Laius: 490 mm<\/li>\n<li>Materjal: Al (Anodized)<\/li>\n<li>Kaal (2 tk): 6,5 kg<\/li>\n<li>Kandev\u00f5ime (2 tk): 270 kg<\/li>\n<li>V\u00e4rv: H\u00f5be, pronks<\/li>\n<\/ul>\n","protected":false},"featured_media":170588,"template":"","meta":{"_acf_changed":false,"site-sidebar-layout":"default","site-content-layout":"","ast-site-content-layout":"default","site-content-style":"default","site-sidebar-style":"default","ast-global-header-display":"","ast-banner-title-visibility":"","ast-main-header-display":"","ast-hfb-above-header-display":"","ast-hfb-below-header-display":"","ast-hfb-mobile-header-display":"","site-post-title":"","ast-breadcrumbs-content":"","ast-featured-img":"","footer-sml-layout":"","theme-transparent-header-meta":"default","adv-header-id-meta":"","stick-header-meta":"","header-above-stick-meta":"","header-main-stick-meta":"","header-below-stick-meta":"","astra-migrate-meta-layouts":"set","ast-page-background-enabled":"default","ast-page-background-meta":{"desktop":{"background-color":"var(--ast-global-color-4)","background-image":"","background-repeat":"repeat","background-position":"center center","background-size":"auto","background-attachment":"scroll","background-type":"","background-media":"","overlay-type":"","overlay-color":"","overlay-opacity":"","overlay-gradient":""},"tablet":{"background-color":"","background-image":"","background-repeat":"repeat","background-position":"center center","background-size":"auto","background-attachment":"scroll","background-type":"","background-media":"","overlay-type":"","overlay-color":"","overlay-opacity":"","overlay-gradient":""},"mobile":{"background-color":"","background-image":"","background-repeat":"repeat","background-position":"center center","background-size":"auto","background-attachment":"scroll","background-type":"","background-media":"","overlay-type":"","overlay-color":"","overlay-opacity":"","overlay-gradient":""}},"ast-content-background-meta":{"desktop":{"background-color":"var(--ast-global-color-5)","background-image":"","background-repeat":"repeat","background-position":"center center","background-size":"auto","background-attachment":"scroll","background-type":"","background-media":"","overlay-type":"","overlay-color":"","overlay-opacity":"","overlay-gradient":""},"tablet":{"background-color":"var(--ast-global-color-5)","background-image":"","background-repeat":"repeat","background-position":"center center","background-size":"auto","background-attachment":"scroll","background-type":"","background-media":"","overlay-type":"","overlay-color":"","overlay-opacity":"","overlay-gradient":""},"mobile":{"background-color":"var(--ast-global-color-5)","background-image":"","background-repeat":"repeat","background-position":"center center","background-size":"auto","background-attachment":"scroll","background-type":"","background-media":"","overlay-type":"","overlay-color":"","overlay-opacity":"","overlay-gradient":""}}},"product_brand":[],"product_cat":[1826,1834,1652],"product_tag":[],"class_list":{"0":"post-170279","1":"product","2":"type-product","3":"status-publish","4":"has-post-thumbnail","6":"product_cat-matusetarbed","7":"product_cat-muud","8":"product_cat-spencer","9":"desktop-align-left","10":"tablet-align-left","11":"mobile-align-left","12":"ast-product-gallery-layout-horizontal-slider","13":"ast-magnify-disabled","15":"first","16":"instock","17":"shipping-taxable","18":"product-type-simple"},"acf":[],"_links":{"self":[{"href":"https:\/\/barem.ee\/lv\/wp-json\/wp\/v2\/product\/170279","targetHints":{"allow":["GET"]}}],"collection":[{"href":"https:\/\/barem.ee\/lv\/wp-json\/wp\/v2\/product"}],"about":[{"href":"https:\/\/barem.ee\/lv\/wp-json\/wp\/v2\/types\/product"}],"wp:featuredmedia":[{"embeddable":true,"href":"https:\/\/barem.ee\/lv\/wp-json\/wp\/v2\/media\/170588"}],"wp:attachment":[{"href":"https:\/\/barem.ee\/lv\/wp-json\/wp\/v2\/media?parent=170279"}],"wp:term":[{"taxonomy":"product_brand","embeddable":true,"href":"https:\/\/barem.ee\/lv\/wp-json\/wp\/v2\/product_brand?post=170279"},{"taxonomy":"product_cat","embeddable":true,"href":"https:\/\/barem.ee\/lv\/wp-json\/wp\/v2\/product_cat?post=170279"},{"taxonomy":"product_tag","embeddable":true,"href":"https:\/\/barem.ee\/lv\/wp-json\/wp\/v2\/product_tag?post=170279"}],"curies":[{"name":"wp","href":"https:\/\/api.w.org\/{rel}","templated":true}]}}