{"id":170303,"date":"2025-10-01T09:35:12","date_gmt":"2025-10-01T09:35:12","guid":{"rendered":"https:\/\/barem.ee\/product\/spencer-louatugi-axil\/"},"modified":"2026-04-26T14:00:02","modified_gmt":"2026-04-26T14:00:02","slug":"spencer-louatugi-axil","status":"publish","type":"product","link":"https:\/\/barem.ee\/lv\/product\/spencer-louatugi-axil\/?lang=lv","title":{"rendered":"AXIL"},"content":{"rendered":"","protected":false},"excerpt":{"rendered":"<p>REGULEERITAV L\u00d5UATUGI<\/p>\n<p>AXIL on lihtsasti paigaldatav l\u00f5uatugi mida saab p\u00f6\u00f6rdliigutusega reguleerida. See on tugev, kerge ja mitmek\u00fclgne.<\/p>\n<p>LIHTNE PUHASTADA<\/p>\n<ul>\n<li>70-120 mm<\/li>\n<li>Kaal: 12 g<\/li>\n<li>Materjal: PVC<\/li>\n<\/ul>\n<p><strong>Link to Manual:<\/strong> http:\/\/support.spencer.it\/manuals_n.php?lang=eng<\/p>\n","protected":false},"featured_media":169961,"template":"","meta":{"_acf_changed":false,"site-sidebar-layout":"default","site-content-layout":"","ast-site-content-layout":"default","site-content-style":"default","site-sidebar-style":"default","ast-global-header-display":"","ast-banner-title-visibility":"","ast-main-header-display":"","ast-hfb-above-header-display":"","ast-hfb-below-header-display":"","ast-hfb-mobile-header-display":"","site-post-title":"","ast-breadcrumbs-content":"","ast-featured-img":"","footer-sml-layout":"","theme-transparent-header-meta":"default","adv-header-id-meta":"","stick-header-meta":"","header-above-stick-meta":"","header-main-stick-meta":"","header-below-stick-meta":"","astra-migrate-meta-layouts":"set","ast-page-background-enabled":"default","ast-page-background-meta":{"desktop":{"background-color":"var(--ast-global-color-4)","background-image":"","background-repeat":"repeat","background-position":"center center","background-size":"auto","background-attachment":"scroll","background-type":"","background-media":"","overlay-type":"","overlay-color":"","overlay-opacity":"","overlay-gradient":""},"tablet":{"background-color":"","background-image":"","background-repeat":"repeat","background-position":"center center","background-size":"auto","background-attachment":"scroll","background-type":"","background-media":"","overlay-type":"","overlay-color":"","overlay-opacity":"","overlay-gradient":""},"mobile":{"background-color":"","background-image":"","background-repeat":"repeat","background-position":"center center","background-size":"auto","background-attachment":"scroll","background-type":"","background-media":"","overlay-type":"","overlay-color":"","overlay-opacity":"","overlay-gradient":""}},"ast-content-background-meta":{"desktop":{"background-color":"var(--ast-global-color-5)","background-image":"","background-repeat":"repeat","background-position":"center center","background-size":"auto","background-attachment":"scroll","background-type":"","background-media":"","overlay-type":"","overlay-color":"","overlay-opacity":"","overlay-gradient":""},"tablet":{"background-color":"var(--ast-global-color-5)","background-image":"","background-repeat":"repeat","background-position":"center center","background-size":"auto","background-attachment":"scroll","background-type":"","background-media":"","overlay-type":"","overlay-color":"","overlay-opacity":"","overlay-gradient":""},"mobile":{"background-color":"var(--ast-global-color-5)","background-image":"","background-repeat":"repeat","background-position":"center center","background-size":"auto","background-attachment":"scroll","background-type":"","background-media":"","overlay-type":"","overlay-color":"","overlay-opacity":"","overlay-gradient":""}}},"product_brand":[],"product_cat":[1826,1834,1652],"product_tag":[],"class_list":{"0":"post-170303","1":"product","2":"type-product","3":"status-publish","4":"has-post-thumbnail","6":"product_cat-matusetarbed","7":"product_cat-muud","8":"product_cat-spencer","9":"desktop-align-left","10":"tablet-align-left","11":"mobile-align-left","12":"ast-product-gallery-layout-horizontal-slider","13":"ast-product-gallery-with-no-image","14":"ast-magnify-disabled","16":"first","17":"instock","18":"shipping-taxable","19":"product-type-simple"},"acf":[],"_links":{"self":[{"href":"https:\/\/barem.ee\/lv\/wp-json\/wp\/v2\/product\/170303","targetHints":{"allow":["GET"]}}],"collection":[{"href":"https:\/\/barem.ee\/lv\/wp-json\/wp\/v2\/product"}],"about":[{"href":"https:\/\/barem.ee\/lv\/wp-json\/wp\/v2\/types\/product"}],"wp:featuredmedia":[{"embeddable":true,"href":"https:\/\/barem.ee\/lv\/wp-json\/wp\/v2\/media\/169961"}],"wp:attachment":[{"href":"https:\/\/barem.ee\/lv\/wp-json\/wp\/v2\/media?parent=170303"}],"wp:term":[{"taxonomy":"product_brand","embeddable":true,"href":"https:\/\/barem.ee\/lv\/wp-json\/wp\/v2\/product_brand?post=170303"},{"taxonomy":"product_cat","embeddable":true,"href":"https:\/\/barem.ee\/lv\/wp-json\/wp\/v2\/product_cat?post=170303"},{"taxonomy":"product_tag","embeddable":true,"href":"https:\/\/barem.ee\/lv\/wp-json\/wp\/v2\/product_tag?post=170303"}],"curies":[{"name":"wp","href":"https:\/\/api.w.org\/{rel}","templated":true}]}}