{"id":170316,"date":"2025-10-01T09:35:13","date_gmt":"2025-10-01T09:35:13","guid":{"rendered":"https:\/\/barem.ee\/product\/spencer-z-carrera-zs00819\/"},"modified":"2026-04-26T14:00:05","modified_gmt":"2026-04-26T14:00:05","slug":"spencer-z-carrera-zs00819","status":"publish","type":"product","link":"https:\/\/barem.ee\/lv\/product\/spencer-z-carrera-zs00819\/?lang=lv","title":{"rendered":"Z CARRERA"},"content":{"rendered":"","protected":false},"excerpt":{"rendered":"<p>ISELAADIV TRANSPORDIRAAM<\/p>\n<p>Z Carrera on iselaadiv matuseraam mis on loodud surnukehade transportimiseks ja mida on kergem s\u00f5idukile laadida. Raamil on veekindel roostevabast terasest paak millel on kraani ja vooliku\u00fchendusega t\u00fchjendusavad. Vanni p\u00f5hi on kaldus, et vedeliku v\u00e4ljavoolu ja kogumist h\u00f5lbustada. Suurema l\u00e4bim\u00f5\u00f5duga rattad tagavad maksimaalselt sujuva liikumise ka suure koormuse korral.<\/p>\n<p>KANDEV\u00d5IME: 170kg<\/p>\n<ul>\n<li>Pikkus: 1970 \u00b1 10mm<\/li>\n<li>Laius: 565 \u00b1 10mm<\/li>\n<li>Maksimaalne laius (laadimisraami rataste teljepikkus): 585 \u00b1 10 mm<\/li>\n<li>Vanni keskmine k\u00f5rgus&nbsp;:780 \u00b1 10mm<\/li>\n<li>Vanni s\u00fcgavus&nbsp;:20 mm<\/li>\n<li>Vanni k\u00f5rgus langetatud raamiga: 330 \u00b1 10mm<\/li>\n<li>Laadimisraami ratta k\u00f5rgus&nbsp;:50 \u00b1 1 cm<\/li>\n<li>Rattad:\u00d8 200 mm<\/li>\n<\/ul>\n<p><strong>Link to Manual:<\/strong> http:\/\/support.spencer.it\/manuals_n.php?lang=eng<\/p>\n","protected":false},"featured_media":169892,"template":"","meta":{"_acf_changed":false,"site-sidebar-layout":"default","site-content-layout":"","ast-site-content-layout":"default","site-content-style":"default","site-sidebar-style":"default","ast-global-header-display":"","ast-banner-title-visibility":"","ast-main-header-display":"","ast-hfb-above-header-display":"","ast-hfb-below-header-display":"","ast-hfb-mobile-header-display":"","site-post-title":"","ast-breadcrumbs-content":"","ast-featured-img":"","footer-sml-layout":"","theme-transparent-header-meta":"default","adv-header-id-meta":"","stick-header-meta":"","header-above-stick-meta":"","header-main-stick-meta":"","header-below-stick-meta":"","astra-migrate-meta-layouts":"set","ast-page-background-enabled":"default","ast-page-background-meta":{"desktop":{"background-color":"var(--ast-global-color-4)","background-image":"","background-repeat":"repeat","background-position":"center center","background-size":"auto","background-attachment":"scroll","background-type":"","background-media":"","overlay-type":"","overlay-color":"","overlay-opacity":"","overlay-gradient":""},"tablet":{"background-color":"","background-image":"","background-repeat":"repeat","background-position":"center center","background-size":"auto","background-attachment":"scroll","background-type":"","background-media":"","overlay-type":"","overlay-color":"","overlay-opacity":"","overlay-gradient":""},"mobile":{"background-color":"","background-image":"","background-repeat":"repeat","background-position":"center center","background-size":"auto","background-attachment":"scroll","background-type":"","background-media":"","overlay-type":"","overlay-color":"","overlay-opacity":"","overlay-gradient":""}},"ast-content-background-meta":{"desktop":{"background-color":"var(--ast-global-color-5)","background-image":"","background-repeat":"repeat","background-position":"center center","background-size":"auto","background-attachment":"scroll","background-type":"","background-media":"","overlay-type":"","overlay-color":"","overlay-opacity":"","overlay-gradient":""},"tablet":{"background-color":"var(--ast-global-color-5)","background-image":"","background-repeat":"repeat","background-position":"center center","background-size":"auto","background-attachment":"scroll","background-type":"","background-media":"","overlay-type":"","overlay-color":"","overlay-opacity":"","overlay-gradient":""},"mobile":{"background-color":"var(--ast-global-color-5)","background-image":"","background-repeat":"repeat","background-position":"center center","background-size":"auto","background-attachment":"scroll","background-type":"","background-media":"","overlay-type":"","overlay-color":"","overlay-opacity":"","overlay-gradient":""}}},"product_brand":[],"product_cat":[1831,1826,1652],"product_tag":[],"class_list":{"0":"post-170316","1":"product","2":"type-product","3":"status-publish","4":"has-post-thumbnail","6":"product_cat-kanderaamid","7":"product_cat-matusetarbed","8":"product_cat-spencer","9":"desktop-align-left","10":"tablet-align-left","11":"mobile-align-left","12":"ast-product-gallery-layout-horizontal-slider","13":"ast-product-gallery-with-no-image","14":"ast-magnify-disabled","16":"first","17":"instock","18":"shipping-taxable","19":"product-type-simple"},"acf":[],"_links":{"self":[{"href":"https:\/\/barem.ee\/lv\/wp-json\/wp\/v2\/product\/170316","targetHints":{"allow":["GET"]}}],"collection":[{"href":"https:\/\/barem.ee\/lv\/wp-json\/wp\/v2\/product"}],"about":[{"href":"https:\/\/barem.ee\/lv\/wp-json\/wp\/v2\/types\/product"}],"wp:featuredmedia":[{"embeddable":true,"href":"https:\/\/barem.ee\/lv\/wp-json\/wp\/v2\/media\/169892"}],"wp:attachment":[{"href":"https:\/\/barem.ee\/lv\/wp-json\/wp\/v2\/media?parent=170316"}],"wp:term":[{"taxonomy":"product_brand","embeddable":true,"href":"https:\/\/barem.ee\/lv\/wp-json\/wp\/v2\/product_brand?post=170316"},{"taxonomy":"product_cat","embeddable":true,"href":"https:\/\/barem.ee\/lv\/wp-json\/wp\/v2\/product_cat?post=170316"},{"taxonomy":"product_tag","embeddable":true,"href":"https:\/\/barem.ee\/lv\/wp-json\/wp\/v2\/product_tag?post=170316"}],"curies":[{"name":"wp","href":"https:\/\/api.w.org\/{rel}","templated":true}]}}