{"id":170320,"date":"2025-10-01T09:35:13","date_gmt":"2025-10-01T09:35:13","guid":{"rendered":"https:\/\/barem.ee\/product\/board-z5005\/"},"modified":"2026-04-26T14:00:05","modified_gmt":"2026-04-26T14:00:05","slug":"board-z5005","status":"publish","type":"product","link":"https:\/\/barem.ee\/lv\/product\/board-z5005\/?lang=lv","title":{"rendered":"Z5005"},"content":{"rendered":"","protected":false},"excerpt":{"rendered":"<p>P\u00c4\u00c4STE ALUS<\/p>\n<p>Z5005 on kahekihilisest suure tihedusega pol\u00fcet\u00fcleenist t\u00f5ste alus mida on lihtne puhastada. Spetsiaalse vahtpol\u00fcuretaanist sisuga alus on ujuv ja monoliitne, eriti h\u00f5\u00f5rdumiskindel ja seda v\u00f5ib ohutult treppidel vedada. \u00dcmber kogu aluse olevad k\u00e4epidemed tagavad parema kaalujaotuse ja v\u00f5imaldavad kinnitada rakmete s\u00fcsteemi.<\/p>\n<p>KANDEV\u00d5IME: 200kg<br \/>LIHTNE HOIUSTADA<\/p>\n<ul>\n<li>Pikkus:1840 mm<\/li>\n<li>Laius:445 mm<\/li>\n<li>Paksus:50 mm<\/li>\n<li>K\u00e4epidemeid:16<\/li>\n<li>Spetsiaalsed augud ja tihvitid14<\/li>\n<li>Kaal:7,3 kg<\/li>\n<li>V\u00e4rv:Hall<\/li>\n<li>Materjal:PE<\/li>\n<\/ul>\n<p><strong>Link to Manual:<\/strong> http:\/\/support.spencer.it\/manuals_n.php?lang=eng<\/p>\n","protected":false},"featured_media":170001,"template":"","meta":{"_acf_changed":false,"site-sidebar-layout":"default","site-content-layout":"","ast-site-content-layout":"default","site-content-style":"default","site-sidebar-style":"default","ast-global-header-display":"","ast-banner-title-visibility":"","ast-main-header-display":"","ast-hfb-above-header-display":"","ast-hfb-below-header-display":"","ast-hfb-mobile-header-display":"","site-post-title":"","ast-breadcrumbs-content":"","ast-featured-img":"","footer-sml-layout":"","theme-transparent-header-meta":"default","adv-header-id-meta":"","stick-header-meta":"","header-above-stick-meta":"","header-main-stick-meta":"","header-below-stick-meta":"","astra-migrate-meta-layouts":"set","ast-page-background-enabled":"default","ast-page-background-meta":{"desktop":{"background-color":"var(--ast-global-color-4)","background-image":"","background-repeat":"repeat","background-position":"center center","background-size":"auto","background-attachment":"scroll","background-type":"","background-media":"","overlay-type":"","overlay-color":"","overlay-opacity":"","overlay-gradient":""},"tablet":{"background-color":"","background-image":"","background-repeat":"repeat","background-position":"center center","background-size":"auto","background-attachment":"scroll","background-type":"","background-media":"","overlay-type":"","overlay-color":"","overlay-opacity":"","overlay-gradient":""},"mobile":{"background-color":"","background-image":"","background-repeat":"repeat","background-position":"center center","background-size":"auto","background-attachment":"scroll","background-type":"","background-media":"","overlay-type":"","overlay-color":"","overlay-opacity":"","overlay-gradient":""}},"ast-content-background-meta":{"desktop":{"background-color":"var(--ast-global-color-5)","background-image":"","background-repeat":"repeat","background-position":"center center","background-size":"auto","background-attachment":"scroll","background-type":"","background-media":"","overlay-type":"","overlay-color":"","overlay-opacity":"","overlay-gradient":""},"tablet":{"background-color":"var(--ast-global-color-5)","background-image":"","background-repeat":"repeat","background-position":"center center","background-size":"auto","background-attachment":"scroll","background-type":"","background-media":"","overlay-type":"","overlay-color":"","overlay-opacity":"","overlay-gradient":""},"mobile":{"background-color":"var(--ast-global-color-5)","background-image":"","background-repeat":"repeat","background-position":"center center","background-size":"auto","background-attachment":"scroll","background-type":"","background-media":"","overlay-type":"","overlay-color":"","overlay-opacity":"","overlay-gradient":""}}},"product_brand":[],"product_cat":[1831,1826,1652],"product_tag":[],"class_list":{"0":"post-170320","1":"product","2":"type-product","3":"status-publish","4":"has-post-thumbnail","6":"product_cat-kanderaamid","7":"product_cat-matusetarbed","8":"product_cat-spencer","9":"desktop-align-left","10":"tablet-align-left","11":"mobile-align-left","12":"ast-product-gallery-layout-horizontal-slider","13":"ast-product-gallery-with-no-image","14":"ast-magnify-disabled","16":"first","17":"instock","18":"shipping-taxable","19":"product-type-simple"},"acf":[],"_links":{"self":[{"href":"https:\/\/barem.ee\/lv\/wp-json\/wp\/v2\/product\/170320","targetHints":{"allow":["GET"]}}],"collection":[{"href":"https:\/\/barem.ee\/lv\/wp-json\/wp\/v2\/product"}],"about":[{"href":"https:\/\/barem.ee\/lv\/wp-json\/wp\/v2\/types\/product"}],"wp:featuredmedia":[{"embeddable":true,"href":"https:\/\/barem.ee\/lv\/wp-json\/wp\/v2\/media\/170001"}],"wp:attachment":[{"href":"https:\/\/barem.ee\/lv\/wp-json\/wp\/v2\/media?parent=170320"}],"wp:term":[{"taxonomy":"product_brand","embeddable":true,"href":"https:\/\/barem.ee\/lv\/wp-json\/wp\/v2\/product_brand?post=170320"},{"taxonomy":"product_cat","embeddable":true,"href":"https:\/\/barem.ee\/lv\/wp-json\/wp\/v2\/product_cat?post=170320"},{"taxonomy":"product_tag","embeddable":true,"href":"https:\/\/barem.ee\/lv\/wp-json\/wp\/v2\/product_tag?post=170320"}],"curies":[{"name":"wp","href":"https:\/\/api.w.org\/{rel}","templated":true}]}}